{"id":57194,"date":"2026-01-19T20:02:02","date_gmt":"2026-01-19T19:02:02","guid":{"rendered":"https:\/\/askiofashion.com\/product\/unkategorisiert\/exklusive-silberfuchs-short-jacket-edler-kontrast-mit-weissen-aermeldetails\/"},"modified":"2026-01-19T21:19:30","modified_gmt":"2026-01-19T20:19:30","slug":"exklusive-silberfuchs-short-jacket-edler-kontrast-mit-weissen-aermeldetails","status":"publish","type":"product","link":"https:\/\/askiofashion.com\/de\/product\/frauen\/exklusive-silberfuchs-short-jacket-edler-kontrast-mit-weissen-aermeldetails\/","title":{"rendered":"Exklusive Silberfuchs Short Jacket \u2013 Edler Kontrast mit wei\u00dfen \u00c4rmeldetails"},"content":{"rendered":"<p data-start=\"220\" data-end=\"563\">Diese luxuri\u00f6se Silberfuchs Kurzjacke wird aus 100 % echtem, nat\u00fcrlichem Silberfuchsfell gefertigt und steht f\u00fcr zeitlose Eleganz und hochwertige Handwerkskunst. Das edle silberne Fell wird stilvoll erg\u00e4nzt durch feine wei\u00dfe Akzente an den \u00c4rmeln, die dem Design Leichtigkeit, Kontrast und besondere Raffinesse verleihen.<br \/>. <\/p>\n<p data-start=\"565\" data-end=\"918\">Die kurze, moderne Silhouette sorgt f\u00fcr eine schmeichelhafte Passform, w\u00e4hrend das volumin\u00f6se Naturfell au\u00dfergew\u00f6hnliche Weichheit, W\u00e4rme und einen nat\u00fcrlichen Glanz bietet. Diese Jacke ist ein exklusives Statement-Piece, das sowohl elegante Abendlooks als auch stilvolle Tagesoutfits perfekt abrundet.  <\/p>\n<p data-start=\"920\" data-end=\"1094\">\u2714 100 % echtes Silberfuchsfell<br data-start=\"946\" data-end=\"949\">\u2714 Dezente wei\u00dfe Details an den \u00c4rmeln<br data-start=\"986\" data-end=\"989\">\u2714 Weich, flauschig &amp; nat\u00fcrlich w\u00e4rmend<br \/>\u2714 Handgefertigte Premium-Qualit\u00e4t<br \/>\u2714 Exklusive Luxus-Oberbekleidung<br \/>Eine au\u00dfergew\u00f6hnliche Fuchsfelljacke f\u00fcr Frauen, die Eleganz, Qualit\u00e4t und zeitlosen Luxus sch\u00e4tzen \u2728\ud83e\udd0d<\/p>\n<p data-start=\"920\" data-end=\"1094\">Hergestellt aus echtem Pelz, bezogen aus zertifizierten Europ\u00e4ischen Auktion<br data-start=\"1055\" data-end=\"1058\">Hergestellt in Griechenland von Askio Fashion Pelze<br \/>Material: Silberfuchs Shadow Fuchs<br \/>Innen Stoff: Satin<br \/>Masse der Jacke: Gr\u00f6sse 40 L\u00e4nge 57 cm Brust 92cm<br \/>F\u00fcr XXL und XXXL Gr\u00f6ssen erh\u00f6ht sich der Preis um 10% bzw. 20%<br \/>Massanfertigung<\/p>\n<p data-start=\"1096\" data-end=\"1204\">A statement <strong data-start=\"1108\" data-end=\"1122\">fur jacket<\/strong> designed for women who appreciate elegance, craftsmanship, and timeless style \u2728\ud83e\udd0d<\/p>\n<p>Hergestellt aus 100 % echtem Pelz, der von zertifizierten europ\u00e4ischen Pelzauktionen stammt<br \/>\nHergestellt in Griechenland von Askio Fashion Furs<\/p>\n<p>Shell or outer: Silver Fox \/Shadow Fox\/Copenhagen Fur Auction<br \/>\nInner Lining: Satin<\/p>\n<p>Length: 57 cm, bust: 92 cm<br \/>\n<\/p>\n<p>Made to measure in every size, we accept customisation<br \/>\nHandmade<\/p>\n","protected":false},"excerpt":{"rendered":"<p>Diese luxuri\u00f6se Silberfuchs Kurzjacke wird aus 100 % echtem, nat\u00fcrlichem Silberfuchsfell gefertigt und steht f\u00fcr zeitlose Eleganz und hochwertige Handwerkskunst. Das edle silberne Fell wird stilvoll erg\u00e4nzt durch feine wei\u00dfe Akzente an den \u00c4rmeln, die dem Design Leichtigkeit, Kontrast und besondere Raffinesse verleihen.. Die kurze, moderne Silhouette sorgt f\u00fcr eine schmeichelhafte Passform, w\u00e4hrend das volumin\u00f6se [&hellip;]<\/p>\n","protected":false},"featured_media":57108,"comment_status":"open","ping_status":"closed","template":"","meta":{"_acf_changed":false},"product_brand":[],"product_cat":[1197,1209],"product_tag":[],"class_list":{"0":"post-57194","1":"product","2":"type-product","3":"status-publish","4":"has-post-thumbnail","6":"product_cat-frauen","7":"product_cat-damenjacken","9":"first","10":"instock","11":"taxable","12":"shipping-taxable","13":"purchasable","14":"product-type-variable","15":"wvs-archive-product-wrapper"},"acf":{"backoffice_id":"","old_wordpress_id":""},"_links":{"self":[{"href":"https:\/\/askiofashion.com\/de\/wp-json\/wp\/v2\/product\/57194","targetHints":{"allow":["GET"]}}],"collection":[{"href":"https:\/\/askiofashion.com\/de\/wp-json\/wp\/v2\/product"}],"about":[{"href":"https:\/\/askiofashion.com\/de\/wp-json\/wp\/v2\/types\/product"}],"replies":[{"embeddable":true,"href":"https:\/\/askiofashion.com\/de\/wp-json\/wp\/v2\/comments?post=57194"}],"wp:featuredmedia":[{"embeddable":true,"href":"https:\/\/askiofashion.com\/de\/wp-json\/wp\/v2\/media\/57108"}],"wp:attachment":[{"href":"https:\/\/askiofashion.com\/de\/wp-json\/wp\/v2\/media?parent=57194"}],"wp:term":[{"taxonomy":"product_brand","embeddable":true,"href":"https:\/\/askiofashion.com\/de\/wp-json\/wp\/v2\/product_brand?post=57194"},{"taxonomy":"product_cat","embeddable":true,"href":"https:\/\/askiofashion.com\/de\/wp-json\/wp\/v2\/product_cat?post=57194"},{"taxonomy":"product_tag","embeddable":true,"href":"https:\/\/askiofashion.com\/de\/wp-json\/wp\/v2\/product_tag?post=57194"}],"curies":[{"name":"wp","href":"https:\/\/api.w.org\/{rel}","templated":true}]}}