{"id":56850,"date":"2025-11-13T22:00:48","date_gmt":"2025-11-13T21:00:48","guid":{"rendered":"https:\/\/askiofashion.com\/product\/unkategorisiert\/elite-cafe-blue-frost-fuchspelzjacke-zeitlose-natuerliche-schoenheit\/"},"modified":"2025-11-29T22:51:41","modified_gmt":"2025-11-29T21:51:41","slug":"elite-cafe-blue-frost-fuchspelzjacke-zeitlose-natuerliche-schoenheit","status":"publish","type":"product","link":"https:\/\/askiofashion.com\/de\/product\/frauen\/elite-cafe-blue-frost-fuchspelzjacke-zeitlose-natuerliche-schoenheit\/","title":{"rendered":"Elite Caf\u00e9 Blue Frost Fuchspelzjacke \u2013 zeitlose nat\u00fcrliche Sch\u00f6nheit"},"content":{"rendered":"<p data-start=\"187\" data-end=\"487\">Erleben Sie pure Eleganz mit der <strong data-start=\"221\" data-end=\"287\">Elite Caf\u00e9 Blue Frost Fox Fur Jacket \u2013 Timeless Natural Beauty<\/strong>.<br data-start=\"288\" data-end=\"291\">Dieses luxuri\u00f6se St\u00fcck ist aus <strong data-start=\"304\" data-end=\"339\">100 % echtem Blue Frost Fuchsfell<\/strong> gefertigt und verf\u00fcgt \u00fcber einen raffinierten <strong data-start=\"381\" data-end=\"401\">Caf\u00e9-Farbton<\/strong> , der mit sanften silberblauen Highlights angereichert ist, die einen nat\u00fcrlich strahlenden Look erzeugen. \u2728\ud83e\uddca <\/p>\n<p data-start=\"489\" data-end=\"718\">Die weiche Textur und die au\u00dfergew\u00f6hnliche Dichte des Fells bieten <strong data-start=\"548\" data-end=\"567\">\u00fcberragende W\u00e4rme<\/strong> und machen sie zur perfekten Statement-Jacke f\u00fcr Frauen, die Wert auf <strong data-start=\"628\" data-end=\"648\">High-End-Mode<\/strong>, <strong data-start=\"650\" data-end=\"675\">erstklassige Handwerkskunst<\/strong> und <strong data-start=\"681\" data-end=\"710\">m\u00fchelosen Winterglamour<\/strong> legen. \ud83d\udc8e\u2744\ufe0f <\/p>\n<p data-start=\"720\" data-end=\"872\">Diese Jacke ist ideal f\u00fcr das Styling am Tag bis hin zu raffinierten Abendausfl\u00fcgen und verwandelt jedes Outfit in einen Moment puren <strong data-start=\"834\" data-end=\"864\">Luxus und Selbstvertrauens<\/strong>. \ud83d\udc57\ud83d\udd25 <\/p>\n<h3 data-start=\"874\" data-end=\"890\">\u2b50 Funktionen<\/h3>\n<ul data-start=\"891\" data-end=\"1104\">\n<li data-start=\"891\" data-end=\"927\">\n<p data-start=\"893\" data-end=\"927\">100% <strong data-start=\"898\" data-end=\"925\">echtes Blue Frost Fuchsfell<\/strong><\/p>\n<\/li>\n<li data-start=\"928\" data-end=\"977\">\n<p data-start=\"930\" data-end=\"977\">Elegante Caf\u00e9-Farbe mit nat\u00fcrlichen matten T\u00f6nen<\/p>\n<\/li>\n<li data-start=\"978\" data-end=\"1024\">\n<p data-start=\"980\" data-end=\"1024\">Ultraweiche, warme und hochwertige Textur<\/p>\n<\/li>\n<li data-start=\"1025\" data-end=\"1062\">\n<p data-start=\"1027\" data-end=\"1062\">Perfekt f\u00fcr luxuri\u00f6se Wintermode<\/p>\n<\/li>\n<li data-start=\"1063\" data-end=\"1104\">\n<p data-start=\"1065\" data-end=\"1104\">Zeitloses Design f\u00fcr vielseitiges Styling<\/p>\n<\/li>\n<\/ul>\n<p data-start=\"1106\" data-end=\"1179\">Werten Sie Ihre Garderobe mit einer Jacke auf, die wahre Raffinesse verk\u00f6rpert. \u2728<\/p>\n","protected":false},"excerpt":{"rendered":"<p>Erleben Sie pure Eleganz mit der Elite Caf\u00e9 Blue Frost Fox Fur Jacket \u2013 Timeless Natural Beauty.Dieses luxuri\u00f6se St\u00fcck ist aus 100 % echtem Blue Frost Fuchsfell gefertigt und verf\u00fcgt \u00fcber einen raffinierten Caf\u00e9-Farbton , der mit sanften silberblauen Highlights angereichert ist, die einen nat\u00fcrlich strahlenden Look erzeugen. \u2728\ud83e\uddca Die weiche Textur und die au\u00dfergew\u00f6hnliche [&hellip;]<\/p>\n","protected":false},"featured_media":56825,"comment_status":"open","ping_status":"closed","template":"","meta":{"_acf_changed":false},"product_brand":[],"product_cat":[1197,1209],"product_tag":[],"class_list":{"0":"post-56850","1":"product","2":"type-product","3":"status-publish","4":"has-post-thumbnail","6":"product_cat-frauen","7":"product_cat-damenjacken","9":"first","10":"instock","11":"taxable","12":"shipping-taxable","13":"purchasable","14":"product-type-variable","15":"wvs-archive-product-wrapper"},"acf":{"backoffice_id":"","old_wordpress_id":""},"_links":{"self":[{"href":"https:\/\/askiofashion.com\/de\/wp-json\/wp\/v2\/product\/56850","targetHints":{"allow":["GET"]}}],"collection":[{"href":"https:\/\/askiofashion.com\/de\/wp-json\/wp\/v2\/product"}],"about":[{"href":"https:\/\/askiofashion.com\/de\/wp-json\/wp\/v2\/types\/product"}],"replies":[{"embeddable":true,"href":"https:\/\/askiofashion.com\/de\/wp-json\/wp\/v2\/comments?post=56850"}],"wp:featuredmedia":[{"embeddable":true,"href":"https:\/\/askiofashion.com\/de\/wp-json\/wp\/v2\/media\/56825"}],"wp:attachment":[{"href":"https:\/\/askiofashion.com\/de\/wp-json\/wp\/v2\/media?parent=56850"}],"wp:term":[{"taxonomy":"product_brand","embeddable":true,"href":"https:\/\/askiofashion.com\/de\/wp-json\/wp\/v2\/product_brand?post=56850"},{"taxonomy":"product_cat","embeddable":true,"href":"https:\/\/askiofashion.com\/de\/wp-json\/wp\/v2\/product_cat?post=56850"},{"taxonomy":"product_tag","embeddable":true,"href":"https:\/\/askiofashion.com\/de\/wp-json\/wp\/v2\/product_tag?post=56850"}],"curies":[{"name":"wp","href":"https:\/\/api.w.org\/{rel}","templated":true}]}}