{"id":56811,"date":"2025-11-12T21:16:00","date_gmt":"2025-11-12T20:16:00","guid":{"rendered":"https:\/\/askiofashion.com\/product\/unkategorisiert\/luxus-green-sable-pelzjacke-mit-kapuze-echt-gefaerbter-zobelpelzmantel-fuer-frauen-handgemachte-authentische-pelzmode-von-askio-fashion-furs\/"},"modified":"2025-11-12T21:16:00","modified_gmt":"2025-11-12T20:16:00","slug":"luxus-green-sable-pelzjacke-mit-kapuze-echt-gefaerbter-zobelpelzmantel-fuer-frauen-handgemachte-authentische-pelzmode-von-askio-fashion-furs","status":"publish","type":"product","link":"https:\/\/askiofashion.com\/de\/product\/frauen\/damenjacken\/luxus-green-sable-pelzjacke-mit-kapuze-echt-gefaerbter-zobelpelzmantel-fuer-frauen-handgemachte-authentische-pelzmode-von-askio-fashion-furs\/","title":{"rendered":"Luxus Green Sable Pelzjacke mit Kapuze | Echt gef\u00e4rbter Zobelpelzmantel f\u00fcr Frauen | Handgemachte authentische Pelzmode von Askio Fashion Furs"},"content":{"rendered":"<p data-start=\"182\" data-end=\"600\">Entdecken Sie zeitlose Raffinesse mit der Luxury Green Sable Fur Jacket with Hood von Askio Fashion Furs \u2013 ein wahres Meisterwerk an Eleganz, Handwerkskunst und modernem Design.<br data-start=\"361\" data-end=\"364\">Handgefertigt aus 100% echtem Zobelfell, verk\u00f6rpert diese Jacke ein H\u00f6chstma\u00df an nat\u00fcrlicher Sch\u00f6nheit und Exklusivit\u00e4t. Die weiche, seidige Textur und der nat\u00fcrlich gl\u00e4nzende Glanz des Zobelfells machen es zu einem der luxuri\u00f6sesten Materialien der Welt. <\/p>\n<p data-start=\"602\" data-end=\"852\">Die tief gef\u00e4rbte gr\u00fcne Farbe verleiht dieser Jacke einen modernen Touch und macht sie sowohl einzigartig als auch unwiderstehlich stilvoll. Das Kapuzendesign sorgt f\u00fcr zus\u00e4tzliche W\u00e4rme und einen k\u00fchnen, selbstbewussten Look \u2013 perfekt f\u00fcr Wintertage, abendliche Ausfl\u00fcge oder High-End-Events. <\/p>\n<p data-start=\"854\" data-end=\"1108\">Jedes Detail wird sorgf\u00e4ltig von erfahrenen Handwerkern in Griechenland gefertigt, um eine perfekte Passform f\u00fcr Frauen und eine Silhouette zu gew\u00e4hrleisten, die Eleganz und Komfort unterstreicht. Der Frontrei\u00dfverschluss und die praktischen Seitentaschen verbinden Funktionalit\u00e4t mit raffinierter Mode. <\/p>\n<p data-start=\"1110\" data-end=\"1328\">Dieses au\u00dfergew\u00f6hnliche St\u00fcck ist nicht nur eine Jacke \u2013 es ist ein Statement f\u00fcr Luxus, Selbstvertrauen und zeitlose Sch\u00f6nheit.<br data-start=\"1215\" data-end=\"1218\">Askio Fashion Furs l\u00e4dt Sie ein, authentische handgefertigte Pelzmode zu erleben, die ein Leben lang h\u00e4lt.<\/p>\n","protected":false},"excerpt":{"rendered":"<p>Entdecken Sie zeitlose Raffinesse mit der Luxury Green Sable Fur Jacket with Hood von Askio Fashion Furs \u2013 ein wahres Meisterwerk an Eleganz, Handwerkskunst und modernem Design.Handgefertigt aus 100% echtem Zobelfell, verk\u00f6rpert diese Jacke ein H\u00f6chstma\u00df an nat\u00fcrlicher Sch\u00f6nheit und Exklusivit\u00e4t. Die weiche, seidige Textur und der nat\u00fcrlich gl\u00e4nzende Glanz des Zobelfells machen es zu [&hellip;]<\/p>\n","protected":false},"featured_media":56792,"comment_status":"open","ping_status":"closed","template":"","meta":{"_acf_changed":false},"product_brand":[],"product_cat":[1209,1197],"product_tag":[],"class_list":{"0":"post-56811","1":"product","2":"type-product","3":"status-publish","4":"has-post-thumbnail","6":"product_cat-damenjacken","7":"product_cat-frauen","9":"first","10":"instock","11":"taxable","12":"shipping-taxable","13":"purchasable","14":"product-type-variable","15":"wvs-archive-product-wrapper"},"acf":{"backoffice_id":"","old_wordpress_id":""},"_links":{"self":[{"href":"https:\/\/askiofashion.com\/de\/wp-json\/wp\/v2\/product\/56811","targetHints":{"allow":["GET"]}}],"collection":[{"href":"https:\/\/askiofashion.com\/de\/wp-json\/wp\/v2\/product"}],"about":[{"href":"https:\/\/askiofashion.com\/de\/wp-json\/wp\/v2\/types\/product"}],"replies":[{"embeddable":true,"href":"https:\/\/askiofashion.com\/de\/wp-json\/wp\/v2\/comments?post=56811"}],"wp:featuredmedia":[{"embeddable":true,"href":"https:\/\/askiofashion.com\/de\/wp-json\/wp\/v2\/media\/56792"}],"wp:attachment":[{"href":"https:\/\/askiofashion.com\/de\/wp-json\/wp\/v2\/media?parent=56811"}],"wp:term":[{"taxonomy":"product_brand","embeddable":true,"href":"https:\/\/askiofashion.com\/de\/wp-json\/wp\/v2\/product_brand?post=56811"},{"taxonomy":"product_cat","embeddable":true,"href":"https:\/\/askiofashion.com\/de\/wp-json\/wp\/v2\/product_cat?post=56811"},{"taxonomy":"product_tag","embeddable":true,"href":"https:\/\/askiofashion.com\/de\/wp-json\/wp\/v2\/product_tag?post=56811"}],"curies":[{"name":"wp","href":"https:\/\/api.w.org\/{rel}","templated":true}]}}