{"id":56627,"date":"2021-02-01T21:30:15","date_gmt":"2021-02-01T20:30:15","guid":{"rendered":"https:\/\/askiofashion.com\/product\/unkategorisiert\/eleganter-silberfuchsfellteppich-raffinierte-waerme-in-jedem-faden\/"},"modified":"2021-02-01T21:30:15","modified_gmt":"2021-02-01T20:30:15","slug":"eleganter-silberfuchsfellteppich-raffinierte-waerme-in-jedem-faden","status":"publish","type":"product","link":"https:\/\/askiofashion.com\/de\/product\/heim\/teppiche-de\/eleganter-silberfuchsfellteppich-raffinierte-waerme-in-jedem-faden\/","title":{"rendered":"Eleganter Silberfuchsfellteppich - raffinierte W\u00e4rme in jedem Faden"},"content":{"rendered":"<div class=\"text-base my-auto mx-auto py-5 [--thread-content-margin:--spacing(4)] @[37rem]:[--thread-content-margin:--spacing(6)] @[72rem]:[--thread-content-margin:--spacing(16)] px-(--thread-content-margin)\">\n<div class=\"[--thread-content-max-width:32rem] @[34rem]:[--thread-content-max-width:40rem] @[64rem]:[--thread-content-max-width:48rem] mx-auto flex max-w-(--thread-content-max-width) flex-1 text-base gap-4 md:gap-5 lg:gap-6 group\/turn-messages focus-visible:outline-hidden\">\n<div class=\"group\/conversation-turn relative flex w-full min-w-0 flex-col agent-turn\">\n<div class=\"relative flex-col gap-1 md:gap-3\">\n<div class=\"flex max-w-full flex-col grow\">\n<div class=\"min-h-8 text-message relative flex w-full flex-col items-end gap-2 text-start break-words whitespace-normal [.text-message+&amp;]:mt-5\" dir=\"auto\" data-message-author-role=\"assistant\" data-message-id=\"5e62f507-ec96-42b5-8a9a-d2b51c3fe2c8\" data-message-model-slug=\"gpt-4o\">\n<div class=\"flex w-full flex-col gap-1 empty:hidden first:pt-[3px]\">\n<div class=\"markdown prose dark:prose-invert w-full break-words light\"><\/div>\n<\/div>\n<\/div>\n<\/div>\n<\/div>\n<\/div>\n<\/div>\n<\/div>\n<div class=\"text-base my-auto mx-auto py-5 [--thread-content-margin:--spacing(4)] @[37rem]:[--thread-content-margin:--spacing(6)] @[72rem]:[--thread-content-margin:--spacing(16)] px-(--thread-content-margin)\">\n<div class=\"[--thread-content-max-width:32rem] @[34rem]:[--thread-content-max-width:40rem] @[64rem]:[--thread-content-max-width:48rem] mx-auto flex max-w-(--thread-content-max-width) flex-1 text-base gap-4 md:gap-5 lg:gap-6 group\/turn-messages focus-visible:outline-hidden\">\n<div class=\"group\/conversation-turn relative flex w-full min-w-0 flex-col agent-turn\">\n<div class=\"relative flex-col gap-1 md:gap-3\">\n<div class=\"flex max-w-full flex-col grow\">\n<div class=\"min-h-8 text-message relative flex w-full flex-col items-end gap-2 text-start break-words whitespace-normal [.text-message+&amp;]:mt-5\" dir=\"auto\" data-message-author-role=\"assistant\" data-message-id=\"5e62f507-ec96-42b5-8a9a-d2b51c3fe2c8\" data-message-model-slug=\"gpt-4o\">\n<div class=\"flex w-full flex-col gap-1 empty:hidden first:pt-[3px]\">\n<div class=\"markdown prose dark:prose-invert w-full break-words light\">\n<p data-start=\"142\" data-end=\"459\">Werten Sie Ihren Wohnbereich mit dem eleganten Silberfuchsfellteppich auf<strong data-start=\"177\" data-end=\"246\"> -<\/strong> raffinierte W\u00e4rme in jedem Faden, ein atemberaubendes Akzentst\u00fcck aus 100% echtem Silberfuchsfell. Der Silberfuchsfellteppich ist f\u00fcr seine nat\u00fcrlich auff\u00e4llige F\u00e4rbung und seine lange, seidige Textur bekannt und bietet eine einzigartige Mischung aus wildem Charme und gehobener Raffinesse. <\/p>\n<p data-start=\"461\" data-end=\"789\">Dieser luxuri\u00f6se Teppich zeigt den charakteristischen Farbverlauf des Fells - k\u00fchles Silber, tiefe Anthrazitfarben und strahlend wei\u00dfe Spitzen - und schafft so eine visuell fesselnde Oberfl\u00e4che, die jeden Raum sofort verwandelt. Ob neben Ihrem Bett, unter einem Couchtisch oder \u00fcber einer Chaiselongue drapiert, er ist ein wahrer Genuss f\u00fcr die Sinne und ein echter Hingucker. <\/p>\n<p data-start=\"791\" data-end=\"1060\">Dieser Teppich wurde f\u00fcr diejenigen entworfen, die echte Qualit\u00e4t zu sch\u00e4tzen wissen. Er wird aus handverlesenen Fellen hergestellt, um Konsistenz, Weichheit und optische Harmonie zu gew\u00e4hrleisten. Er ist nicht nur ein k\u00fchnes Designelement, sondern auch eine nat\u00fcrlich isolierende Schicht, die W\u00e4rme und Komfort in jedes Interieur bringt. <\/p>\n<p data-start=\"1062\" data-end=\"1279\">Wir von AskioFashion sind stolz darauf, nur authentischen, 100% echten Pelz zu verwenden - niemals Kunstpelz. Der elegante Silberfuchsfellteppich ist mehr als nur ein dekoratives St\u00fcck; er ist ein Statement f\u00fcr Handwerkskunst, nat\u00fcrliche Sch\u00f6nheit und zeitlosen Luxus. <\/p>\n<\/div>\n<\/div>\n<\/div>\n<\/div>\n<\/div>\n<\/div>\n<\/div>\n<\/div>\n<p>&nbsp;<\/p>\n","protected":false},"excerpt":{"rendered":"<p>Werten Sie Ihren Wohnbereich mit dem eleganten Silberfuchsfellteppich auf - raffinierte W\u00e4rme in jedem Faden, ein atemberaubendes Akzentst\u00fcck aus 100% echtem Silberfuchsfell. Der Silberfuchsfellteppich ist f\u00fcr seine nat\u00fcrlich auff\u00e4llige F\u00e4rbung und seine lange, seidige Textur bekannt und bietet eine einzigartige Mischung aus wildem Charme und gehobener Raffinesse. Dieser luxuri\u00f6se Teppich zeigt den charakteristischen Farbverlauf des [&hellip;]<\/p>\n","protected":false},"featured_media":53741,"comment_status":"closed","ping_status":"closed","template":"","meta":{"_acf_changed":false},"product_brand":[],"product_cat":[1182,1185],"product_tag":[],"class_list":{"0":"post-56627","1":"product","2":"type-product","3":"status-publish","4":"has-post-thumbnail","6":"product_cat-heim","7":"product_cat-teppiche-de","9":"first","10":"instock","11":"purchasable","12":"product-type-simple"},"acf":{"backoffice_id":"","old_wordpress_id":""},"_links":{"self":[{"href":"https:\/\/askiofashion.com\/de\/wp-json\/wp\/v2\/product\/56627","targetHints":{"allow":["GET"]}}],"collection":[{"href":"https:\/\/askiofashion.com\/de\/wp-json\/wp\/v2\/product"}],"about":[{"href":"https:\/\/askiofashion.com\/de\/wp-json\/wp\/v2\/types\/product"}],"replies":[{"embeddable":true,"href":"https:\/\/askiofashion.com\/de\/wp-json\/wp\/v2\/comments?post=56627"}],"wp:featuredmedia":[{"embeddable":true,"href":"https:\/\/askiofashion.com\/de\/wp-json\/wp\/v2\/media\/53741"}],"wp:attachment":[{"href":"https:\/\/askiofashion.com\/de\/wp-json\/wp\/v2\/media?parent=56627"}],"wp:term":[{"taxonomy":"product_brand","embeddable":true,"href":"https:\/\/askiofashion.com\/de\/wp-json\/wp\/v2\/product_brand?post=56627"},{"taxonomy":"product_cat","embeddable":true,"href":"https:\/\/askiofashion.com\/de\/wp-json\/wp\/v2\/product_cat?post=56627"},{"taxonomy":"product_tag","embeddable":true,"href":"https:\/\/askiofashion.com\/de\/wp-json\/wp\/v2\/product_tag?post=56627"}],"curies":[{"name":"wp","href":"https:\/\/api.w.org\/{rel}","templated":true}]}}