{"id":47495,"date":"2024-08-18T16:09:08","date_gmt":"2024-08-18T15:09:08","guid":{"rendered":"https:\/\/askiofashion.atsquare.gr\/produkt\/unkategorisiert\/nerz-pelzdecke-2\/"},"modified":"2025-08-07T16:29:12","modified_gmt":"2025-08-07T15:29:12","slug":"nerz-pelzdecke-2","status":"publish","type":"product","link":"https:\/\/askiofashion.com\/de\/product\/heim\/decken\/nerz-pelzdecke-2\/","title":{"rendered":"Elegante Nerzpelz-Decke"},"content":{"rendered":"<p>H\u00fcllen Sie sich in den ultimativen Komfort mit unserer luxuri\u00f6sen Nerzfelldecke. Diese ultraweiche, hochwertige Nerzdecke wurde f\u00fcr alle entworfen, die W\u00e4rme, Stil und Raffinesse lieben. Sie f\u00fchlt sich seidig weich an und ist von bester Qualit\u00e4t. Diese pl\u00fcschige und strapazierf\u00e4hige Decke eignet sich perfekt f\u00fcr kuschelige N\u00e4chte, eine elegante Wohnungseinrichtung oder als liebevolles Geschenk und bietet au\u00dfergew\u00f6hnliche W\u00e4rme, ohne zu \u00fcberladen. Versch\u00f6nern Sie Ihren Wohnbereich mit einem schicken, zeitlosen Design, das jedes Schlafzimmer oder Wohnzimmer erg\u00e4nzt.   <\/p>\n","protected":false},"excerpt":{"rendered":"<p>H\u00fcllen Sie sich in den ultimativen Komfort mit unserer luxuri\u00f6sen Nerzfelldecke. Diese ultraweiche, hochwertige Nerzdecke wurde f\u00fcr alle entworfen, die W\u00e4rme, Stil und Raffinesse lieben. Sie f\u00fchlt sich seidig weich an und ist von bester Qualit\u00e4t. Diese pl\u00fcschige und strapazierf\u00e4hige Decke eignet sich perfekt f\u00fcr kuschelige N\u00e4chte, eine elegante Wohnungseinrichtung oder als liebevolles Geschenk und [&hellip;]<\/p>\n","protected":false},"featured_media":49925,"comment_status":"closed","ping_status":"closed","template":"","meta":{"_acf_changed":false},"product_brand":[],"product_cat":[1183,1182],"product_tag":[],"class_list":{"0":"post-47495","1":"product","2":"type-product","3":"status-publish","4":"has-post-thumbnail","6":"product_cat-decken","7":"product_cat-heim","9":"first","10":"instock","11":"purchasable","12":"product-type-simple"},"acf":{"backoffice_id":"","old_wordpress_id":17197},"_links":{"self":[{"href":"https:\/\/askiofashion.com\/de\/wp-json\/wp\/v2\/product\/47495","targetHints":{"allow":["GET"]}}],"collection":[{"href":"https:\/\/askiofashion.com\/de\/wp-json\/wp\/v2\/product"}],"about":[{"href":"https:\/\/askiofashion.com\/de\/wp-json\/wp\/v2\/types\/product"}],"replies":[{"embeddable":true,"href":"https:\/\/askiofashion.com\/de\/wp-json\/wp\/v2\/comments?post=47495"}],"wp:featuredmedia":[{"embeddable":true,"href":"https:\/\/askiofashion.com\/de\/wp-json\/wp\/v2\/media\/49925"}],"wp:attachment":[{"href":"https:\/\/askiofashion.com\/de\/wp-json\/wp\/v2\/media?parent=47495"}],"wp:term":[{"taxonomy":"product_brand","embeddable":true,"href":"https:\/\/askiofashion.com\/de\/wp-json\/wp\/v2\/product_brand?post=47495"},{"taxonomy":"product_cat","embeddable":true,"href":"https:\/\/askiofashion.com\/de\/wp-json\/wp\/v2\/product_cat?post=47495"},{"taxonomy":"product_tag","embeddable":true,"href":"https:\/\/askiofashion.com\/de\/wp-json\/wp\/v2\/product_tag?post=47495"}],"curies":[{"name":"wp","href":"https:\/\/api.w.org\/{rel}","templated":true}]}}