{"id":47494,"date":"2024-08-17T20:45:18","date_gmt":"2024-08-17T19:45:18","guid":{"rendered":"https:\/\/askiofashion.atsquare.gr\/produkt\/unkategorisiert\/nerz-pelzdecke-in-natural-farbe-2\/"},"modified":"2025-10-28T19:53:55","modified_gmt":"2025-10-28T18:53:55","slug":"nerz-pelzdecke-in-natural-farbe-2","status":"publish","type":"product","link":"https:\/\/askiofashion.com\/de\/product\/heim\/decken\/nerz-pelzdecke-in-natural-farbe-2\/","title":{"rendered":"Skandinavische Nerzpelz-Decke"},"content":{"rendered":"<p>Die Gr\u00f6\u00dfe des Produkts betr\u00e4gt 140 cm x 200 cm oder 55 Zoll x 78 Zoll<\/p>\n<p>G\u00f6nnen Sie sich den ultimativen Luxus mit unserer skandinavischen Nerzpelzdecke, die aus feinstem Nerz f\u00fcr unvergleichliche Weichheit und W\u00e4rme gefertigt ist. Diese hochwertige Pelzdecke stammt aus Skandinavien und bietet eine seidig-weiche Textur, unglaubliche Haltbarkeit und zeitlose Eleganz. Diese pl\u00fcschige Nerzdecke eignet sich perfekt f\u00fcr k\u00fchle N\u00e4chte, als stilvolle Wohndekoration oder als luxuri\u00f6ses Geschenk und verleiht jedem Raum einen Hauch von Raffinesse.  <\/p>\n","protected":false},"excerpt":{"rendered":"<p>Die Gr\u00f6\u00dfe des Produkts betr\u00e4gt 140 cm x 200 cm oder 55 Zoll x 78 Zoll G\u00f6nnen Sie sich den ultimativen Luxus mit unserer skandinavischen Nerzpelzdecke, die aus feinstem Nerz f\u00fcr unvergleichliche Weichheit und W\u00e4rme gefertigt ist. Diese hochwertige Pelzdecke stammt aus Skandinavien und bietet eine seidig-weiche Textur, unglaubliche Haltbarkeit und zeitlose Eleganz. Diese pl\u00fcschige [&hellip;]<\/p>\n","protected":false},"featured_media":49941,"comment_status":"closed","ping_status":"closed","template":"","meta":{"_acf_changed":false},"product_brand":[],"product_cat":[1183,1182],"product_tag":[],"class_list":{"0":"post-47494","1":"product","2":"type-product","3":"status-publish","4":"has-post-thumbnail","6":"product_cat-decken","7":"product_cat-heim","9":"first","10":"instock","11":"purchasable","12":"product-type-simple"},"acf":{"backoffice_id":"","old_wordpress_id":17177},"_links":{"self":[{"href":"https:\/\/askiofashion.com\/de\/wp-json\/wp\/v2\/product\/47494","targetHints":{"allow":["GET"]}}],"collection":[{"href":"https:\/\/askiofashion.com\/de\/wp-json\/wp\/v2\/product"}],"about":[{"href":"https:\/\/askiofashion.com\/de\/wp-json\/wp\/v2\/types\/product"}],"replies":[{"embeddable":true,"href":"https:\/\/askiofashion.com\/de\/wp-json\/wp\/v2\/comments?post=47494"}],"wp:featuredmedia":[{"embeddable":true,"href":"https:\/\/askiofashion.com\/de\/wp-json\/wp\/v2\/media\/49941"}],"wp:attachment":[{"href":"https:\/\/askiofashion.com\/de\/wp-json\/wp\/v2\/media?parent=47494"}],"wp:term":[{"taxonomy":"product_brand","embeddable":true,"href":"https:\/\/askiofashion.com\/de\/wp-json\/wp\/v2\/product_brand?post=47494"},{"taxonomy":"product_cat","embeddable":true,"href":"https:\/\/askiofashion.com\/de\/wp-json\/wp\/v2\/product_cat?post=47494"},{"taxonomy":"product_tag","embeddable":true,"href":"https:\/\/askiofashion.com\/de\/wp-json\/wp\/v2\/product_tag?post=47494"}],"curies":[{"name":"wp","href":"https:\/\/api.w.org\/{rel}","templated":true}]}}