{"id":47493,"date":"2024-08-10T15:14:47","date_gmt":"2024-08-10T14:14:47","guid":{"rendered":"https:\/\/askiofashion.atsquare.gr\/produkt\/unkategorisiert\/schwarze-blau-fuchs-felldecke-2\/"},"modified":"2025-10-28T19:53:52","modified_gmt":"2025-10-28T18:53:52","slug":"schwarze-blau-fuchs-felldecke-2","status":"publish","type":"product","link":"https:\/\/askiofashion.com\/de\/product\/heim\/schwarze-blau-fuchs-felldecke-2\/","title":{"rendered":"Die Decke aus schwarzem Fuchsfell"},"content":{"rendered":"<p>H\u00fcllen Sie sich in puren Luxus mit unserer Decke aus schwarzem Fuchsfell, einer atemberaubenden Mischung aus Weichheit, W\u00e4rme und Raffinesse. Diese exquisite Decke wurde aus 100% echtem Fuchspelz gefertigt und bietet ein ultrapl\u00fcschiges Gef\u00fchl, was sie zur perfekten Erg\u00e4nzung Ihrer Einrichtung macht. Ob \u00fcber Ihrem Bett drapiert, elegant auf Ihrem Sofa platziert oder als kuschelige Felldecke verwendet, diese Decke wertet jeden Raum mit ihrer zeitlosen Eleganz auf.  <\/p>\n","protected":false},"excerpt":{"rendered":"<p>H\u00fcllen Sie sich in puren Luxus mit unserer Decke aus schwarzem Fuchsfell, einer atemberaubenden Mischung aus Weichheit, W\u00e4rme und Raffinesse. Diese exquisite Decke wurde aus 100% echtem Fuchspelz gefertigt und bietet ein ultrapl\u00fcschiges Gef\u00fchl, was sie zur perfekten Erg\u00e4nzung Ihrer Einrichtung macht. Ob \u00fcber Ihrem Bett drapiert, elegant auf Ihrem Sofa platziert oder als kuschelige [&hellip;]<\/p>\n","protected":false},"featured_media":49989,"comment_status":"closed","ping_status":"closed","template":"","meta":{"_acf_changed":false},"product_brand":[],"product_cat":[1182,1183],"product_tag":[],"class_list":{"0":"post-47493","1":"product","2":"type-product","3":"status-publish","4":"has-post-thumbnail","6":"product_cat-heim","7":"product_cat-decken","9":"first","10":"instock","11":"taxable","12":"shipping-taxable","13":"purchasable","14":"product-type-simple"},"acf":{"backoffice_id":"","old_wordpress_id":17067},"_links":{"self":[{"href":"https:\/\/askiofashion.com\/de\/wp-json\/wp\/v2\/product\/47493","targetHints":{"allow":["GET"]}}],"collection":[{"href":"https:\/\/askiofashion.com\/de\/wp-json\/wp\/v2\/product"}],"about":[{"href":"https:\/\/askiofashion.com\/de\/wp-json\/wp\/v2\/types\/product"}],"replies":[{"embeddable":true,"href":"https:\/\/askiofashion.com\/de\/wp-json\/wp\/v2\/comments?post=47493"}],"wp:featuredmedia":[{"embeddable":true,"href":"https:\/\/askiofashion.com\/de\/wp-json\/wp\/v2\/media\/49989"}],"wp:attachment":[{"href":"https:\/\/askiofashion.com\/de\/wp-json\/wp\/v2\/media?parent=47493"}],"wp:term":[{"taxonomy":"product_brand","embeddable":true,"href":"https:\/\/askiofashion.com\/de\/wp-json\/wp\/v2\/product_brand?post=47493"},{"taxonomy":"product_cat","embeddable":true,"href":"https:\/\/askiofashion.com\/de\/wp-json\/wp\/v2\/product_cat?post=47493"},{"taxonomy":"product_tag","embeddable":true,"href":"https:\/\/askiofashion.com\/de\/wp-json\/wp\/v2\/product_tag?post=47493"}],"curies":[{"name":"wp","href":"https:\/\/api.w.org\/{rel}","templated":true}]}}