{"id":47492,"date":"2024-08-08T10:49:13","date_gmt":"2024-08-08T09:49:13","guid":{"rendered":"https:\/\/askiofashion.atsquare.gr\/produkt\/unkategorisiert\/kanadische-rot-fuchs-pelzdecke-8\/"},"modified":"2025-10-28T19:53:49","modified_gmt":"2025-10-28T18:53:49","slug":"kanadische-rot-fuchs-pelzdecke-8","status":"publish","type":"product","link":"https:\/\/askiofashion.com\/de\/product\/heim\/decken\/kanadische-rot-fuchs-pelzdecke-8\/","title":{"rendered":"\u039a\u03b1\u03bd\u03b1\u03b4\u03b9\u03ba\u03ae \u039a\u03bf\u03c5\u03b2\u03ad\u03c1\u03c4\u03b1 \u03b1\u03c0\u03cc \u0393\u03bf\u03cd\u03bd\u03b1 Red Fox"},"content":{"rendered":"<p class=\"\" data-start=\"36\" data-end=\"295\">H\u00fcllen Sie sich in Luxus mit unserer Decke aus kanadischem Rotfuchsfell, die aus 100% echtem, ethisch einwandfreiem Fuchspelz gefertigt ist. Diese weiche, pl\u00fcschige und unglaublich warme Decke aus echtem Pelz verleiht jedem Raum Eleganz - perfekt f\u00fcr Ihr Bett, Ihr Sofa oder als kuscheliger Umhang. <\/p>\n<p class=\"\" data-start=\"297\" data-end=\"537\">Diese luxuri\u00f6se Pelzdecke in einer Mischung aus Rotbraun-, Gold- und Braunt\u00f6nen ist sowohl stilvoll als auch langlebig und verf\u00fcgt \u00fcber ein hochwertiges Futter f\u00fcr zus\u00e4tzlichen Komfort. Versch\u00f6nern Sie Ihr Zuhause oder machen Sie jemandem ein besonderes Geschenk mit diesem zeitlosen Schmuckst\u00fcck. <\/p>\n","protected":false},"excerpt":{"rendered":"<p>H\u00fcllen Sie sich in Luxus mit unserer Decke aus kanadischem Rotfuchsfell, die aus 100% echtem, ethisch einwandfreiem Fuchspelz gefertigt ist. Diese weiche, pl\u00fcschige und unglaublich warme Decke aus echtem Pelz verleiht jedem Raum Eleganz - perfekt f\u00fcr Ihr Bett, Ihr Sofa oder als kuscheliger Umhang. Diese luxuri\u00f6se Pelzdecke in einer Mischung aus Rotbraun-, Gold- und [&hellip;]<\/p>\n","protected":false},"featured_media":50005,"comment_status":"closed","ping_status":"closed","template":"","meta":{"_acf_changed":false},"product_brand":[],"product_cat":[1183,1182],"product_tag":[],"class_list":{"0":"post-47492","1":"product","2":"type-product","3":"status-publish","4":"has-post-thumbnail","6":"product_cat-decken","7":"product_cat-heim","9":"first","10":"instock","11":"taxable","12":"shipping-taxable","13":"purchasable","14":"product-type-simple"},"acf":{"backoffice_id":"","old_wordpress_id":17052},"_links":{"self":[{"href":"https:\/\/askiofashion.com\/de\/wp-json\/wp\/v2\/product\/47492","targetHints":{"allow":["GET"]}}],"collection":[{"href":"https:\/\/askiofashion.com\/de\/wp-json\/wp\/v2\/product"}],"about":[{"href":"https:\/\/askiofashion.com\/de\/wp-json\/wp\/v2\/types\/product"}],"replies":[{"embeddable":true,"href":"https:\/\/askiofashion.com\/de\/wp-json\/wp\/v2\/comments?post=47492"}],"wp:featuredmedia":[{"embeddable":true,"href":"https:\/\/askiofashion.com\/de\/wp-json\/wp\/v2\/media\/50005"}],"wp:attachment":[{"href":"https:\/\/askiofashion.com\/de\/wp-json\/wp\/v2\/media?parent=47492"}],"wp:term":[{"taxonomy":"product_brand","embeddable":true,"href":"https:\/\/askiofashion.com\/de\/wp-json\/wp\/v2\/product_brand?post=47492"},{"taxonomy":"product_cat","embeddable":true,"href":"https:\/\/askiofashion.com\/de\/wp-json\/wp\/v2\/product_cat?post=47492"},{"taxonomy":"product_tag","embeddable":true,"href":"https:\/\/askiofashion.com\/de\/wp-json\/wp\/v2\/product_tag?post=47492"}],"curies":[{"name":"wp","href":"https:\/\/api.w.org\/{rel}","templated":true}]}}