{"id":47491,"date":"2024-08-06T20:22:11","date_gmt":"2024-08-06T19:22:11","guid":{"rendered":"https:\/\/askiofashion.atsquare.gr\/produkt\/unkategorisiert\/zobel-pelzdecke-8\/"},"modified":"2025-08-07T16:29:14","modified_gmt":"2025-08-07T15:29:14","slug":"zobel-pelzdecke-8","status":"publish","type":"product","link":"https:\/\/askiofashion.com\/de\/product\/heim\/decken\/zobel-pelzdecke-8\/","title":{"rendered":"Zobelpelz-Decke"},"content":{"rendered":"<p>H\u00fcllen Sie sich in unvergleichlichen Luxus mit unserer Decke aus echtem Zobelpelz, die f\u00fcr diejenigen hergestellt wird, die das Beste an Komfort und Stil zu sch\u00e4tzen wissen. Zobelpelz ist bekannt f\u00fcr seine seidige Textur, W\u00e4rme und Leichtigkeit und ist ein zeitloses Symbol f\u00fcr Opulenz und Raffinesse. Dieser hochwertige Pelz\u00fcberwurf eignet sich perfekt f\u00fcr Ihr Zuhause, als gehobene Bettw\u00e4sche oder als gro\u00dfz\u00fcgiges Geschenk und verleiht jedem Raum einen Hauch von Eleganz. Kaufen Sie jetzt bei AskioFashion und erleben Sie den kuscheligen Genuss von echtem Zobelpelz.   <\/p>\n","protected":false},"excerpt":{"rendered":"<p>H\u00fcllen Sie sich in unvergleichlichen Luxus mit unserer Decke aus echtem Zobelpelz, die f\u00fcr diejenigen hergestellt wird, die das Beste an Komfort und Stil zu sch\u00e4tzen wissen. Zobelpelz ist bekannt f\u00fcr seine seidige Textur, W\u00e4rme und Leichtigkeit und ist ein zeitloses Symbol f\u00fcr Opulenz und Raffinesse. Dieser hochwertige Pelz\u00fcberwurf eignet sich perfekt f\u00fcr Ihr Zuhause, [&hellip;]<\/p>\n","protected":false},"featured_media":50023,"comment_status":"closed","ping_status":"closed","template":"","meta":{"_acf_changed":false},"product_brand":[],"product_cat":[1183,1182],"product_tag":[],"class_list":{"0":"post-47491","1":"product","2":"type-product","3":"status-publish","4":"has-post-thumbnail","6":"product_cat-decken","7":"product_cat-heim","9":"first","10":"instock","11":"purchasable","12":"product-type-simple"},"acf":{"backoffice_id":"","old_wordpress_id":17040},"_links":{"self":[{"href":"https:\/\/askiofashion.com\/de\/wp-json\/wp\/v2\/product\/47491","targetHints":{"allow":["GET"]}}],"collection":[{"href":"https:\/\/askiofashion.com\/de\/wp-json\/wp\/v2\/product"}],"about":[{"href":"https:\/\/askiofashion.com\/de\/wp-json\/wp\/v2\/types\/product"}],"replies":[{"embeddable":true,"href":"https:\/\/askiofashion.com\/de\/wp-json\/wp\/v2\/comments?post=47491"}],"wp:featuredmedia":[{"embeddable":true,"href":"https:\/\/askiofashion.com\/de\/wp-json\/wp\/v2\/media\/50023"}],"wp:attachment":[{"href":"https:\/\/askiofashion.com\/de\/wp-json\/wp\/v2\/media?parent=47491"}],"wp:term":[{"taxonomy":"product_brand","embeddable":true,"href":"https:\/\/askiofashion.com\/de\/wp-json\/wp\/v2\/product_brand?post=47491"},{"taxonomy":"product_cat","embeddable":true,"href":"https:\/\/askiofashion.com\/de\/wp-json\/wp\/v2\/product_cat?post=47491"},{"taxonomy":"product_tag","embeddable":true,"href":"https:\/\/askiofashion.com\/de\/wp-json\/wp\/v2\/product_tag?post=47491"}],"curies":[{"name":"wp","href":"https:\/\/api.w.org\/{rel}","templated":true}]}}