{"id":47488,"date":"2024-02-22T21:58:14","date_gmt":"2024-02-22T20:58:14","guid":{"rendered":"https:\/\/askiofashion.atsquare.gr\/produkt\/unkategorisiert\/blaufuchs-pelzdecke-in-beige-farben-2\/"},"modified":"2025-08-07T16:29:08","modified_gmt":"2025-08-07T15:29:08","slug":"blaufuchs-pelzdecke-in-beige-farben-2","status":"publish","type":"product","link":"https:\/\/askiofashion.com\/de\/product\/heim\/decken\/blaufuchs-pelzdecke-in-beige-farben-2\/","title":{"rendered":"Hellbeige\/Fuchsfell-Decke"},"content":{"rendered":"<p class=\"\" data-start=\"82\" data-end=\"467\">Verwandeln Sie Ihren Raum mit dem ultimativen Luxus - unserer hellbeigefarbenen Fuchsfell-Decke. Diese Decke aus echtem Fuchspelz ist unvergleichlich weich und warm und verleiht jedem Raum einen raffinierten Touch. Die hellbeige Farbe passt zu jeder Einrichtung und bringt Eleganz und Gem\u00fctlichkeit in Ihren Wohnbereich, Ihr Schlafzimmer oder jeden anderen Bereich, der eine schicke Aufwertung braucht.  <\/p>\n<p class=\"\" data-start=\"469\" data-end=\"804\">Diese luxuri\u00f6se Decke aus Fuchspelz ist ein stilvolles Accessoire und gleichzeitig ein funktionelles St\u00fcck. Sie eignet sich perfekt zum Drapieren \u00fcber Sofa, Bett oder Stuhl. Ganz gleich, ob Sie sich an einem k\u00fchlen Abend einkuscheln oder Ihr Zuhause mit einer Schicht W\u00e4rme und Struktur ausstatten m\u00f6chten, diese Decke aus pl\u00fcschigem Fuchspelz bietet ultimativen Komfort und zeitlose Eleganz. <\/p>\n","protected":false},"excerpt":{"rendered":"<p>Verwandeln Sie Ihren Raum mit dem ultimativen Luxus - unserer hellbeigefarbenen Fuchsfell-Decke. Diese Decke aus echtem Fuchspelz ist unvergleichlich weich und warm und verleiht jedem Raum einen raffinierten Touch. Die hellbeige Farbe passt zu jeder Einrichtung und bringt Eleganz und Gem\u00fctlichkeit in Ihren Wohnbereich, Ihr Schlafzimmer oder jeden anderen Bereich, der eine schicke Aufwertung braucht. [&hellip;]<\/p>\n","protected":false},"featured_media":50309,"comment_status":"closed","ping_status":"closed","template":"","meta":{"_acf_changed":false},"product_brand":[],"product_cat":[1183,1182],"product_tag":[],"class_list":{"0":"post-47488","1":"product","2":"type-product","3":"status-publish","4":"has-post-thumbnail","6":"product_cat-decken","7":"product_cat-heim","9":"first","10":"instock","11":"purchasable","12":"product-type-simple"},"acf":{"backoffice_id":"","old_wordpress_id":16326},"_links":{"self":[{"href":"https:\/\/askiofashion.com\/de\/wp-json\/wp\/v2\/product\/47488","targetHints":{"allow":["GET"]}}],"collection":[{"href":"https:\/\/askiofashion.com\/de\/wp-json\/wp\/v2\/product"}],"about":[{"href":"https:\/\/askiofashion.com\/de\/wp-json\/wp\/v2\/types\/product"}],"replies":[{"embeddable":true,"href":"https:\/\/askiofashion.com\/de\/wp-json\/wp\/v2\/comments?post=47488"}],"wp:featuredmedia":[{"embeddable":true,"href":"https:\/\/askiofashion.com\/de\/wp-json\/wp\/v2\/media\/50309"}],"wp:attachment":[{"href":"https:\/\/askiofashion.com\/de\/wp-json\/wp\/v2\/media?parent=47488"}],"wp:term":[{"taxonomy":"product_brand","embeddable":true,"href":"https:\/\/askiofashion.com\/de\/wp-json\/wp\/v2\/product_brand?post=47488"},{"taxonomy":"product_cat","embeddable":true,"href":"https:\/\/askiofashion.com\/de\/wp-json\/wp\/v2\/product_cat?post=47488"},{"taxonomy":"product_tag","embeddable":true,"href":"https:\/\/askiofashion.com\/de\/wp-json\/wp\/v2\/product_tag?post=47488"}],"curies":[{"name":"wp","href":"https:\/\/api.w.org\/{rel}","templated":true}]}}