{"id":47486,"date":"2024-02-20T21:20:22","date_gmt":"2024-02-20T20:20:22","guid":{"rendered":"https:\/\/askiofashion.atsquare.gr\/produkt\/unkategorisiert\/kanadische-rotfuchs-pelzdecke-auch-als-teppich-zu-verwenden-2\/"},"modified":"2025-10-28T19:53:48","modified_gmt":"2025-10-28T18:53:48","slug":"kanadische-rotfuchs-pelzdecke-auch-als-teppich-zu-verwenden-2","status":"publish","type":"product","link":"https:\/\/askiofashion.com\/de\/product\/heim\/decken\/kanadische-rotfuchs-pelzdecke-auch-als-teppich-zu-verwenden-2\/","title":{"rendered":"Kanadischer Rotfuchs Pelz Fu\u00dfmatte"},"content":{"rendered":"<p class=\"\" data-start=\"81\" data-end=\"401\">Verleihen Sie Ihrem Zuhause einen Hauch von rustikalem Luxus mit unserer Fu\u00dfmatte aus kanadischem Rotfuchsfell, die zu 100% aus echtem Rotfuchsfell besteht und sich besonders weich und pl\u00fcschig anf\u00fchlt. Mit den satten, warmen T\u00f6nen des nat\u00fcrlichen kanadischen Rotfuchses bringt diese exquisite Fu\u00dfmatte behagliche W\u00e4rme, Textur und Raffinesse in jeden Raum. <\/p>\n<p class=\"\" data-start=\"403\" data-end=\"740\">Dieser hochwertige Fuchspelzteppich eignet sich perfekt f\u00fcr Schlafzimmer, Wohnbereiche oder luxuri\u00f6se H\u00fctten. Er wertet Ihr Dekor auf und ist gleichzeitig au\u00dfergew\u00f6hnlich weich unter den F\u00fc\u00dfen. Ob vor dem Kamin, am Fu\u00dfende Ihres Bettes oder als Blickfang in Ihrem Wohnzimmer, diese einzigartige Fellmatte verbindet nat\u00fcrliche Sch\u00f6nheit mit zeitloser Eleganz. <\/p>\n","protected":false},"excerpt":{"rendered":"<p>Verleihen Sie Ihrem Zuhause einen Hauch von rustikalem Luxus mit unserer Fu\u00dfmatte aus kanadischem Rotfuchsfell, die zu 100% aus echtem Rotfuchsfell besteht und sich besonders weich und pl\u00fcschig anf\u00fchlt. Mit den satten, warmen T\u00f6nen des nat\u00fcrlichen kanadischen Rotfuchses bringt diese exquisite Fu\u00dfmatte behagliche W\u00e4rme, Textur und Raffinesse in jeden Raum. Dieser hochwertige Fuchspelzteppich eignet sich [&hellip;]<\/p>\n","protected":false},"featured_media":50339,"comment_status":"closed","ping_status":"closed","template":"","meta":{"_acf_changed":false},"product_brand":[],"product_cat":[1183,1182],"product_tag":[],"class_list":{"0":"post-47486","1":"product","2":"type-product","3":"status-publish","4":"has-post-thumbnail","6":"product_cat-decken","7":"product_cat-heim","9":"first","10":"instock","11":"purchasable","12":"product-type-simple"},"acf":{"backoffice_id":"","old_wordpress_id":16291},"_links":{"self":[{"href":"https:\/\/askiofashion.com\/de\/wp-json\/wp\/v2\/product\/47486","targetHints":{"allow":["GET"]}}],"collection":[{"href":"https:\/\/askiofashion.com\/de\/wp-json\/wp\/v2\/product"}],"about":[{"href":"https:\/\/askiofashion.com\/de\/wp-json\/wp\/v2\/types\/product"}],"replies":[{"embeddable":true,"href":"https:\/\/askiofashion.com\/de\/wp-json\/wp\/v2\/comments?post=47486"}],"wp:featuredmedia":[{"embeddable":true,"href":"https:\/\/askiofashion.com\/de\/wp-json\/wp\/v2\/media\/50339"}],"wp:attachment":[{"href":"https:\/\/askiofashion.com\/de\/wp-json\/wp\/v2\/media?parent=47486"}],"wp:term":[{"taxonomy":"product_brand","embeddable":true,"href":"https:\/\/askiofashion.com\/de\/wp-json\/wp\/v2\/product_brand?post=47486"},{"taxonomy":"product_cat","embeddable":true,"href":"https:\/\/askiofashion.com\/de\/wp-json\/wp\/v2\/product_cat?post=47486"},{"taxonomy":"product_tag","embeddable":true,"href":"https:\/\/askiofashion.com\/de\/wp-json\/wp\/v2\/product_tag?post=47486"}],"curies":[{"name":"wp","href":"https:\/\/api.w.org\/{rel}","templated":true}]}}