{"id":47485,"date":"2024-02-19T20:38:22","date_gmt":"2024-02-19T19:38:22","guid":{"rendered":"https:\/\/askiofashion.atsquare.gr\/produkt\/unkategorisiert\/cream-finn-raccoon-pelzdecke-2\/"},"modified":"2025-08-07T16:28:59","modified_gmt":"2025-08-07T15:28:59","slug":"cream-finn-raccoon-pelzdecke-2","status":"publish","type":"product","link":"https:\/\/askiofashion.com\/de\/product\/heim\/decken\/cream-finn-raccoon-pelzdecke-2\/","title":{"rendered":"Cream Finn Waschb\u00e4r Pelz Wickeldecke"},"content":{"rendered":"<p class=\"\" data-start=\"86\" data-end=\"395\">G\u00f6nnen Sie sich den ultimativen Komfort und die Raffinesse mit unserer cremefarbenen Finn Raccoon Fur Throw Blanket, die aus 100% echtem Finn Raccoon Fur gefertigt ist und sich ultraweich und pl\u00fcschig anf\u00fchlt. Die \u00fcppige, volumin\u00f6se Textur und der elegante cremefarbene Farbton machen sie zu einem zeitlosen und vielseitigen Akzent f\u00fcr jede Einrichtung. <\/p>\n<p class=\"\" data-start=\"397\" data-end=\"702\">Diese Decke aus hochwertigem Pelz eignet sich perfekt zum Faulenzen, zum Einrichten Ihres Zuhauses oder als luxuri\u00f6ses Geschenk. Sie verleiht Wohn- und Schlafzimmern oder gem\u00fctlichen Leseecken W\u00e4rme und Textur. Ob \u00fcber einem Sofa oder auf einem Bett drapiert, diese cremefarbene Waschb\u00e4r-Pelzdecke ist unvergleichlich weich und von raffinierter Sch\u00f6nheit. <\/p>\n","protected":false},"excerpt":{"rendered":"<p>G\u00f6nnen Sie sich den ultimativen Komfort und die Raffinesse mit unserer cremefarbenen Finn Raccoon Fur Throw Blanket, die aus 100% echtem Finn Raccoon Fur gefertigt ist und sich ultraweich und pl\u00fcschig anf\u00fchlt. Die \u00fcppige, volumin\u00f6se Textur und der elegante cremefarbene Farbton machen sie zu einem zeitlosen und vielseitigen Akzent f\u00fcr jede Einrichtung. Diese Decke aus [&hellip;]<\/p>\n","protected":false},"featured_media":50357,"comment_status":"closed","ping_status":"closed","template":"","meta":{"_acf_changed":false},"product_brand":[],"product_cat":[1183,1182],"product_tag":[],"class_list":{"0":"post-47485","1":"product","2":"type-product","3":"status-publish","4":"has-post-thumbnail","6":"product_cat-decken","7":"product_cat-heim","9":"first","10":"instock","11":"purchasable","12":"product-type-simple"},"acf":{"backoffice_id":"","old_wordpress_id":16275},"_links":{"self":[{"href":"https:\/\/askiofashion.com\/de\/wp-json\/wp\/v2\/product\/47485","targetHints":{"allow":["GET"]}}],"collection":[{"href":"https:\/\/askiofashion.com\/de\/wp-json\/wp\/v2\/product"}],"about":[{"href":"https:\/\/askiofashion.com\/de\/wp-json\/wp\/v2\/types\/product"}],"replies":[{"embeddable":true,"href":"https:\/\/askiofashion.com\/de\/wp-json\/wp\/v2\/comments?post=47485"}],"wp:featuredmedia":[{"embeddable":true,"href":"https:\/\/askiofashion.com\/de\/wp-json\/wp\/v2\/media\/50357"}],"wp:attachment":[{"href":"https:\/\/askiofashion.com\/de\/wp-json\/wp\/v2\/media?parent=47485"}],"wp:term":[{"taxonomy":"product_brand","embeddable":true,"href":"https:\/\/askiofashion.com\/de\/wp-json\/wp\/v2\/product_brand?post=47485"},{"taxonomy":"product_cat","embeddable":true,"href":"https:\/\/askiofashion.com\/de\/wp-json\/wp\/v2\/product_cat?post=47485"},{"taxonomy":"product_tag","embeddable":true,"href":"https:\/\/askiofashion.com\/de\/wp-json\/wp\/v2\/product_tag?post=47485"}],"curies":[{"name":"wp","href":"https:\/\/api.w.org\/{rel}","templated":true}]}}