{"id":47484,"date":"2024-02-19T20:20:20","date_gmt":"2024-02-19T19:20:20","guid":{"rendered":"https:\/\/askiofashion.atsquare.gr\/produkt\/unkategorisiert\/bordeaux-finn-raccoon-pelzdecke-2\/"},"modified":"2025-11-14T22:11:03","modified_gmt":"2025-11-14T21:11:03","slug":"bordeaux-finn-raccoon-pelzdecke-2","status":"publish","type":"product","link":"https:\/\/askiofashion.com\/de\/product\/heim\/decken\/bordeaux-finn-raccoon-pelzdecke-2\/","title":{"rendered":"Bordeaux Finn Waschb\u00e4r Pelz \u00dcberwurfdecke"},"content":{"rendered":"<p data-start=\"86\" data-end=\"395\">The measurements for this product are 120 cm x 178 cm or 47 inches x 70 inches<\/p>\n<p class=\"\" data-start=\"86\" data-end=\"395\">Bringen Sie einen Hauch von Opulenz und W\u00e4rme in Ihr Zuhause mit unserer Bordeaux Finn Raccoon Fur Throw Blanket, die zu 100% aus echtem finnischen Waschb\u00e4rfell gefertigt ist und sich daher besonders weich und volumin\u00f6s anf\u00fchlt. Der satte Bordeaux-Farbton unterstreicht die nat\u00fcrliche Textur und macht die Decke zu einem k\u00fchnen und raffinierten Blickfang f\u00fcr jeden Raum. <\/p>\n<p class=\"\" data-start=\"397\" data-end=\"712\">Diese luxuri\u00f6se Pelzdecke, die sowohl Stil als auch Komfort bietet, eignet sich perfekt zum Faulenzen, als Wohndekoration oder als elegantes Geschenk. Ob \u00fcber ein Sofa drapiert, auf ein Bett gelegt oder zum Kuscheln in kalten N\u00e4chten verwendet, diese Decke aus Waschb\u00e4rpelz in Bordeaux bietet un\u00fcbertroffene Weichheit, W\u00e4rme und zeitlose Sch\u00f6nheit. <\/p>\n","protected":false},"excerpt":{"rendered":"<p>The measurements for this product are 120 cm x 178 cm or 47 inches x 70 inches Bringen Sie einen Hauch von Opulenz und W\u00e4rme in Ihr Zuhause mit unserer Bordeaux Finn Raccoon Fur Throw Blanket, die zu 100% aus echtem finnischen Waschb\u00e4rfell gefertigt ist und sich daher besonders weich und volumin\u00f6s anf\u00fchlt. Der satte [&hellip;]<\/p>\n","protected":false},"featured_media":50373,"comment_status":"closed","ping_status":"closed","template":"","meta":{"_acf_changed":false},"product_brand":[],"product_cat":[1183,1182],"product_tag":[],"class_list":{"0":"post-47484","1":"product","2":"type-product","3":"status-publish","4":"has-post-thumbnail","6":"product_cat-decken","7":"product_cat-heim","9":"first","10":"instock","11":"purchasable","12":"product-type-simple"},"acf":{"backoffice_id":"","old_wordpress_id":16265},"_links":{"self":[{"href":"https:\/\/askiofashion.com\/de\/wp-json\/wp\/v2\/product\/47484","targetHints":{"allow":["GET"]}}],"collection":[{"href":"https:\/\/askiofashion.com\/de\/wp-json\/wp\/v2\/product"}],"about":[{"href":"https:\/\/askiofashion.com\/de\/wp-json\/wp\/v2\/types\/product"}],"replies":[{"embeddable":true,"href":"https:\/\/askiofashion.com\/de\/wp-json\/wp\/v2\/comments?post=47484"}],"wp:featuredmedia":[{"embeddable":true,"href":"https:\/\/askiofashion.com\/de\/wp-json\/wp\/v2\/media\/50373"}],"wp:attachment":[{"href":"https:\/\/askiofashion.com\/de\/wp-json\/wp\/v2\/media?parent=47484"}],"wp:term":[{"taxonomy":"product_brand","embeddable":true,"href":"https:\/\/askiofashion.com\/de\/wp-json\/wp\/v2\/product_brand?post=47484"},{"taxonomy":"product_cat","embeddable":true,"href":"https:\/\/askiofashion.com\/de\/wp-json\/wp\/v2\/product_cat?post=47484"},{"taxonomy":"product_tag","embeddable":true,"href":"https:\/\/askiofashion.com\/de\/wp-json\/wp\/v2\/product_tag?post=47484"}],"curies":[{"name":"wp","href":"https:\/\/api.w.org\/{rel}","templated":true}]}}