{"id":47479,"date":"2023-09-10T20:08:47","date_gmt":"2023-09-10T19:08:47","guid":{"rendered":"https:\/\/askiofashion.atsquare.gr\/produkt\/unkategorisiert\/skandinavischen-fuchs-pelzdecke-10\/"},"modified":"2025-10-28T19:53:52","modified_gmt":"2025-10-28T18:53:52","slug":"skandinavischen-fuchs-pelzdecke-10","status":"publish","type":"product","link":"https:\/\/askiofashion.com\/de\/product\/heim\/decken\/skandinavischen-fuchs-pelzdecke-10\/","title":{"rendered":"Fuchsfell-Decke"},"content":{"rendered":"<p class=\"\" data-start=\"68\" data-end=\"361\">H\u00fcllen Sie sich in ultimativen Komfort und Raffinesse mit unserer Decke aus 100% echtem Fuchspelz f\u00fcr eine ultra-weiche, volumin\u00f6se Textur. Diese Decke aus Pelz verleiht jedem Raum W\u00e4rme, Stil und Luxus und ist ein Statement, das Eleganz ausstrahlt. <\/p>\n<p class=\"\" data-start=\"363\" data-end=\"673\">Diese Decke aus hochwertigem Fuchspelz eignet sich perfekt zum Faulenzen, als Heimdekoration oder als hochwertiges Geschenk. Sie versch\u00f6nert Wohn- und Schlafzimmer oder gem\u00fctliche R\u00fcckzugsorte mit ihrer reichen Textur und nat\u00fcrlichen Sch\u00f6nheit. Ob \u00fcber ein Sofa, ein Bett oder einen Stuhl drapiert, diese luxuri\u00f6se Decke bietet unvergleichliche Weichheit und W\u00e4rme. <\/p>\n","protected":false},"excerpt":{"rendered":"<p>H\u00fcllen Sie sich in ultimativen Komfort und Raffinesse mit unserer Decke aus 100% echtem Fuchspelz f\u00fcr eine ultra-weiche, volumin\u00f6se Textur. Diese Decke aus Pelz verleiht jedem Raum W\u00e4rme, Stil und Luxus und ist ein Statement, das Eleganz ausstrahlt. Diese Decke aus hochwertigem Fuchspelz eignet sich perfekt zum Faulenzen, als Heimdekoration oder als hochwertiges Geschenk. Sie [&hellip;]<\/p>\n","protected":false},"featured_media":50435,"comment_status":"closed","ping_status":"closed","template":"","meta":{"_acf_changed":false},"product_brand":[],"product_cat":[1183,1182],"product_tag":[],"class_list":{"0":"post-47479","1":"product","2":"type-product","3":"status-publish","4":"has-post-thumbnail","6":"product_cat-decken","7":"product_cat-heim","9":"first","10":"instock","11":"purchasable","12":"product-type-simple"},"acf":{"backoffice_id":"","old_wordpress_id":15675},"_links":{"self":[{"href":"https:\/\/askiofashion.com\/de\/wp-json\/wp\/v2\/product\/47479","targetHints":{"allow":["GET"]}}],"collection":[{"href":"https:\/\/askiofashion.com\/de\/wp-json\/wp\/v2\/product"}],"about":[{"href":"https:\/\/askiofashion.com\/de\/wp-json\/wp\/v2\/types\/product"}],"replies":[{"embeddable":true,"href":"https:\/\/askiofashion.com\/de\/wp-json\/wp\/v2\/comments?post=47479"}],"wp:featuredmedia":[{"embeddable":true,"href":"https:\/\/askiofashion.com\/de\/wp-json\/wp\/v2\/media\/50435"}],"wp:attachment":[{"href":"https:\/\/askiofashion.com\/de\/wp-json\/wp\/v2\/media?parent=47479"}],"wp:term":[{"taxonomy":"product_brand","embeddable":true,"href":"https:\/\/askiofashion.com\/de\/wp-json\/wp\/v2\/product_brand?post=47479"},{"taxonomy":"product_cat","embeddable":true,"href":"https:\/\/askiofashion.com\/de\/wp-json\/wp\/v2\/product_cat?post=47479"},{"taxonomy":"product_tag","embeddable":true,"href":"https:\/\/askiofashion.com\/de\/wp-json\/wp\/v2\/product_tag?post=47479"}],"curies":[{"name":"wp","href":"https:\/\/api.w.org\/{rel}","templated":true}]}}