{"id":47475,"date":"2023-09-03T21:17:49","date_gmt":"2023-09-03T20:17:49","guid":{"rendered":"https:\/\/askiofashion.atsquare.gr\/produkt\/unkategorisiert\/fawn-light-fuchs-pelzdecke-in-naturfarbe-6\/"},"modified":"2025-10-28T19:53:49","modified_gmt":"2025-10-28T18:53:49","slug":"fawn-light-fuchs-pelzdecke-in-naturfarbe-6","status":"publish","type":"product","link":"https:\/\/askiofashion.com\/de\/product\/heim\/decken\/fawn-light-fuchs-pelzdecke-in-naturfarbe-6\/","title":{"rendered":"Fawn Light Fuchs Pelz Decke"},"content":{"rendered":"<p class=\"\" data-start=\"76\" data-end=\"382\">Versch\u00f6nern Sie Ihr Zuhause mit der zeitlosen Eleganz unserer Fawn Light Fox Fur Throw Blanket, die aus 100% echtem hellem Fuchspelz gefertigt ist. Das zarte, rehbraune Fell in weichen, cremefarbenen T\u00f6nen verleiht jedem Raum eine raffinierte, subtile W\u00e4rme und ist die perfekte Mischung aus Luxus und Komfort. <\/p>\n<p class=\"\" data-start=\"384\" data-end=\"681\">Dieser hochwertige Pelz\u00fcberwurf eignet sich zum Kuscheln, zur Aufwertung Ihrer Einrichtung oder als luxuri\u00f6ses Geschenk. Ob \u00fcber ein Sofa, ein Bett oder einen Sessel drapiert, die pl\u00fcschige, seidige Textur sorgt f\u00fcr un\u00fcbertroffene Weichheit und W\u00e4rme und verleiht Ihrem Wohnbereich eine zus\u00e4tzliche Schicht Eleganz. <\/p>\n","protected":false},"excerpt":{"rendered":"<p>Versch\u00f6nern Sie Ihr Zuhause mit der zeitlosen Eleganz unserer Fawn Light Fox Fur Throw Blanket, die aus 100% echtem hellem Fuchspelz gefertigt ist. Das zarte, rehbraune Fell in weichen, cremefarbenen T\u00f6nen verleiht jedem Raum eine raffinierte, subtile W\u00e4rme und ist die perfekte Mischung aus Luxus und Komfort. Dieser hochwertige Pelz\u00fcberwurf eignet sich zum Kuscheln, zur [&hellip;]<\/p>\n","protected":false},"featured_media":50487,"comment_status":"closed","ping_status":"closed","template":"","meta":{"_acf_changed":false},"product_brand":[],"product_cat":[1183,1182],"product_tag":[],"class_list":{"0":"post-47475","1":"product","2":"type-product","3":"status-publish","4":"has-post-thumbnail","6":"product_cat-decken","7":"product_cat-heim","9":"first","10":"instock","11":"purchasable","12":"product-type-simple"},"acf":{"backoffice_id":"","old_wordpress_id":15542},"_links":{"self":[{"href":"https:\/\/askiofashion.com\/de\/wp-json\/wp\/v2\/product\/47475","targetHints":{"allow":["GET"]}}],"collection":[{"href":"https:\/\/askiofashion.com\/de\/wp-json\/wp\/v2\/product"}],"about":[{"href":"https:\/\/askiofashion.com\/de\/wp-json\/wp\/v2\/types\/product"}],"replies":[{"embeddable":true,"href":"https:\/\/askiofashion.com\/de\/wp-json\/wp\/v2\/comments?post=47475"}],"wp:featuredmedia":[{"embeddable":true,"href":"https:\/\/askiofashion.com\/de\/wp-json\/wp\/v2\/media\/50487"}],"wp:attachment":[{"href":"https:\/\/askiofashion.com\/de\/wp-json\/wp\/v2\/media?parent=47475"}],"wp:term":[{"taxonomy":"product_brand","embeddable":true,"href":"https:\/\/askiofashion.com\/de\/wp-json\/wp\/v2\/product_brand?post=47475"},{"taxonomy":"product_cat","embeddable":true,"href":"https:\/\/askiofashion.com\/de\/wp-json\/wp\/v2\/product_cat?post=47475"},{"taxonomy":"product_tag","embeddable":true,"href":"https:\/\/askiofashion.com\/de\/wp-json\/wp\/v2\/product_tag?post=47475"}],"curies":[{"name":"wp","href":"https:\/\/api.w.org\/{rel}","templated":true}]}}