{"id":47458,"date":"2023-04-25T16:06:29","date_gmt":"2023-04-25T15:06:29","guid":{"rendered":"https:\/\/askiofashion.atsquare.gr\/produkt\/unkategorisiert\/nerz-pelzdecke-in-sonderfarben-2\/"},"modified":"2025-10-28T19:54:02","modified_gmt":"2025-10-28T18:54:02","slug":"nerz-pelzdecke-in-sonderfarben-2","status":"publish","type":"product","link":"https:\/\/askiofashion.com\/de\/product\/heim\/decken\/nerz-pelzdecke-in-sonderfarben-2\/","title":{"rendered":"Skandinavische Nerzpelz-Decke"},"content":{"rendered":"<p data-start=\"87\" data-end=\"569\">Die Gr\u00f6\u00dfe des Produkts betr\u00e4gt 140 cm x 200 cm oder 55 Zoll x 78 Zoll<\/p>\n<p class=\"\" data-start=\"87\" data-end=\"569\">Erleben Sie das Nonplusultra an W\u00e4rme und Raffinesse mit der Scandinavian Mink Fur Blanket von AskioFashion. Diese Decke aus 100% echtem skandinavischem Nerzpelz ist ein wahres Zeugnis f\u00fcr raffinierten Luxus und bietet eine ultraweiche Textur, einen samtigen Glanz und au\u00dfergew\u00f6hnliche W\u00e4rme. Ob elegant \u00fcber einem Bett drapiert, in Ihrem Wohnzimmer ausgestellt oder an einem k\u00fchlen Abend um Sie gewickelt, diese hochwertige Nerzfelldecke bietet gleicherma\u00dfen Komfort und Stil.  <\/p>\n<p class=\"\" data-start=\"571\" data-end=\"970\">Der skandinavische Nerzpelz ist f\u00fcr seine leichten und doch isolierenden Eigenschaften bekannt und geh\u00f6rt zu den wertvollsten Pelzen der Welt. Die dichten, pl\u00fcschigen Fasern bieten ein butterweiches Gef\u00fchl und sorgen f\u00fcr optimale W\u00e4rme, ohne zu beschweren. Das fachm\u00e4nnisch gefertigte Design hebt die nat\u00fcrliche Sch\u00f6nheit des Pelzes hervor und bringt seine weiche Textur und die satten Farbt\u00f6ne zur Geltung, die ihn zu einer vielseitigen Erg\u00e4nzung f\u00fcr jedes Heimdekor machen.  <\/p>\n","protected":false},"excerpt":{"rendered":"<p>Die Gr\u00f6\u00dfe des Produkts betr\u00e4gt 140 cm x 200 cm oder 55 Zoll x 78 Zoll Erleben Sie das Nonplusultra an W\u00e4rme und Raffinesse mit der Scandinavian Mink Fur Blanket von AskioFashion. Diese Decke aus 100% echtem skandinavischem Nerzpelz ist ein wahres Zeugnis f\u00fcr raffinierten Luxus und bietet eine ultraweiche Textur, einen samtigen Glanz und [&hellip;]<\/p>\n","protected":false},"featured_media":50737,"comment_status":"closed","ping_status":"closed","template":"","meta":{"_acf_changed":false},"product_brand":[],"product_cat":[1183,1182],"product_tag":[],"class_list":{"0":"post-47458","1":"product","2":"type-product","3":"status-publish","4":"has-post-thumbnail","6":"product_cat-decken","7":"product_cat-heim","9":"first","10":"instock","11":"purchasable","12":"product-type-simple"},"acf":{"backoffice_id":"","old_wordpress_id":14776},"_links":{"self":[{"href":"https:\/\/askiofashion.com\/de\/wp-json\/wp\/v2\/product\/47458","targetHints":{"allow":["GET"]}}],"collection":[{"href":"https:\/\/askiofashion.com\/de\/wp-json\/wp\/v2\/product"}],"about":[{"href":"https:\/\/askiofashion.com\/de\/wp-json\/wp\/v2\/types\/product"}],"replies":[{"embeddable":true,"href":"https:\/\/askiofashion.com\/de\/wp-json\/wp\/v2\/comments?post=47458"}],"wp:featuredmedia":[{"embeddable":true,"href":"https:\/\/askiofashion.com\/de\/wp-json\/wp\/v2\/media\/50737"}],"wp:attachment":[{"href":"https:\/\/askiofashion.com\/de\/wp-json\/wp\/v2\/media?parent=47458"}],"wp:term":[{"taxonomy":"product_brand","embeddable":true,"href":"https:\/\/askiofashion.com\/de\/wp-json\/wp\/v2\/product_brand?post=47458"},{"taxonomy":"product_cat","embeddable":true,"href":"https:\/\/askiofashion.com\/de\/wp-json\/wp\/v2\/product_cat?post=47458"},{"taxonomy":"product_tag","embeddable":true,"href":"https:\/\/askiofashion.com\/de\/wp-json\/wp\/v2\/product_tag?post=47458"}],"curies":[{"name":"wp","href":"https:\/\/api.w.org\/{rel}","templated":true}]}}