{"id":47452,"date":"2023-03-29T15:45:07","date_gmt":"2023-03-29T14:45:07","guid":{"rendered":"https:\/\/askiofashion.atsquare.gr\/produkt\/unkategorisiert\/blau-fuchs-pelzdecke-in-farben-weiss-schwarz-2\/"},"modified":"2025-08-07T16:31:32","modified_gmt":"2025-08-07T15:31:32","slug":"blau-fuchs-pelzdecke-in-farben-weiss-schwarz-2","status":"publish","type":"product","link":"https:\/\/askiofashion.com\/de\/product\/heim\/decken\/blau-fuchs-pelzdecke-in-farben-weiss-schwarz-2\/","title":{"rendered":"Schwarz &amp; Wei\u00df Fuchs Pelz Decke"},"content":{"rendered":"<p class=\"\" data-start=\"92\" data-end=\"517\">Genie\u00dfen Sie die unvergleichliche Weichheit und W\u00e4rme der Black &amp; White Fox Fur Throw Blanket von AskioFashion. Diese exquisite Decke aus 100% echtem Fuchspelz zeichnet sich durch einen atemberaubenden Kontrast aus nat\u00fcrlichen Schwarz- und Wei\u00dft\u00f6nen aus, der f\u00fcr einen raffinierten und eleganten Look sorgt. Die pl\u00fcschige Textur und die luxuri\u00f6se W\u00e4rme von echtem Fuchspelz machen sie zum perfekten Akzent f\u00fcr jede hochwertige Einrichtung und bieten sowohl Komfort als auch Stil.  <\/p>\n<p class=\"\" data-start=\"519\" data-end=\"889\">Diese vielseitige und elegante Decke aus Fuchspelz kann \u00fcber Ihrem Sofa drapiert, am Fu\u00dfende Ihres Bettes platziert oder an einem k\u00fchlen Abend um Sie gewickelt werden, um Sie zu verw\u00f6hnen. Die leichten und doch isolierenden Eigenschaften von Fuchspelz sorgen das ganze Jahr \u00fcber f\u00fcr Gem\u00fctlichkeit und machen ihn zu einem Muss f\u00fcr alle, die feinste Pelzkunst zu sch\u00e4tzen wissen. <\/p>\n","protected":false},"excerpt":{"rendered":"<p>Genie\u00dfen Sie die unvergleichliche Weichheit und W\u00e4rme der Black &amp; White Fox Fur Throw Blanket von AskioFashion. Diese exquisite Decke aus 100% echtem Fuchspelz zeichnet sich durch einen atemberaubenden Kontrast aus nat\u00fcrlichen Schwarz- und Wei\u00dft\u00f6nen aus, der f\u00fcr einen raffinierten und eleganten Look sorgt. Die pl\u00fcschige Textur und die luxuri\u00f6se W\u00e4rme von echtem Fuchspelz machen [&hellip;]<\/p>\n","protected":false},"featured_media":50829,"comment_status":"closed","ping_status":"closed","template":"","meta":{"_acf_changed":false},"product_brand":[],"product_cat":[1183,1182],"product_tag":[],"class_list":{"0":"post-47452","1":"product","2":"type-product","3":"status-publish","4":"has-post-thumbnail","6":"product_cat-decken","7":"product_cat-heim","9":"first","10":"instock","11":"purchasable","12":"product-type-simple"},"acf":{"backoffice_id":"","old_wordpress_id":14597},"_links":{"self":[{"href":"https:\/\/askiofashion.com\/de\/wp-json\/wp\/v2\/product\/47452","targetHints":{"allow":["GET"]}}],"collection":[{"href":"https:\/\/askiofashion.com\/de\/wp-json\/wp\/v2\/product"}],"about":[{"href":"https:\/\/askiofashion.com\/de\/wp-json\/wp\/v2\/types\/product"}],"replies":[{"embeddable":true,"href":"https:\/\/askiofashion.com\/de\/wp-json\/wp\/v2\/comments?post=47452"}],"wp:featuredmedia":[{"embeddable":true,"href":"https:\/\/askiofashion.com\/de\/wp-json\/wp\/v2\/media\/50829"}],"wp:attachment":[{"href":"https:\/\/askiofashion.com\/de\/wp-json\/wp\/v2\/media?parent=47452"}],"wp:term":[{"taxonomy":"product_brand","embeddable":true,"href":"https:\/\/askiofashion.com\/de\/wp-json\/wp\/v2\/product_brand?post=47452"},{"taxonomy":"product_cat","embeddable":true,"href":"https:\/\/askiofashion.com\/de\/wp-json\/wp\/v2\/product_cat?post=47452"},{"taxonomy":"product_tag","embeddable":true,"href":"https:\/\/askiofashion.com\/de\/wp-json\/wp\/v2\/product_tag?post=47452"}],"curies":[{"name":"wp","href":"https:\/\/api.w.org\/{rel}","templated":true}]}}