{"id":47446,"date":"2023-03-27T17:01:09","date_gmt":"2023-03-27T16:01:09","guid":{"rendered":"https:\/\/askiofashion.atsquare.gr\/produkt\/unkategorisiert\/skandinavische-gold-fuchs-pelzdecke-in-natur-farbe-2\/"},"modified":"2025-08-07T16:31:31","modified_gmt":"2025-08-07T15:31:31","slug":"skandinavische-gold-fuchs-pelzdecke-in-natur-farbe-2","status":"publish","type":"product","link":"https:\/\/askiofashion.com\/de\/product\/heim\/decken\/skandinavische-gold-fuchs-pelzdecke-in-natur-farbe-2\/","title":{"rendered":"Nat\u00fcrliche Goldfuchsfell-Decke"},"content":{"rendered":"<p class=\"\" data-start=\"84\" data-end=\"486\">H\u00fcllen Sie sich in die unvergleichliche Weichheit und Sch\u00f6nheit der Natural Gold Fox Fur Throw Blanket, die aus 100% echtem Fuchsfell gefertigt ist. Diese exquisite Decke ist in satten Goldt\u00f6nen gehalten, die sich mit zarten Creme- und Rotbraunt\u00f6nen mischen und die nat\u00fcrliche Eleganz von echtem Goldfuchsfell unterstreichen. Seine seidige Textur und sein volumin\u00f6ser Griff machen ihn zu einem echten Schmuckst\u00fcck f\u00fcr jedes luxuri\u00f6se Interieur.  <\/p>\n<p class=\"\" data-start=\"488\" data-end=\"818\">Diese bequeme und elegante Pelzdecke ist perfekt, um sie \u00fcber ein Sofa zu drapieren, auf ein Bett zu legen oder sich an k\u00fchlen Abenden in W\u00e4rme zu h\u00fcllen. Das leichte und dennoch isolierende Goldfuchspelz sorgt f\u00fcr h\u00f6chste Gem\u00fctlichkeit ohne \u00fcberm\u00e4\u00dfiges Gewicht und eignet sich daher perfekt f\u00fcr den ganzj\u00e4hrigen Genuss. <\/p>\n","protected":false},"excerpt":{"rendered":"<p>H\u00fcllen Sie sich in die unvergleichliche Weichheit und Sch\u00f6nheit der Natural Gold Fox Fur Throw Blanket, die aus 100% echtem Fuchsfell gefertigt ist. Diese exquisite Decke ist in satten Goldt\u00f6nen gehalten, die sich mit zarten Creme- und Rotbraunt\u00f6nen mischen und die nat\u00fcrliche Eleganz von echtem Goldfuchsfell unterstreichen. Seine seidige Textur und sein volumin\u00f6ser Griff machen [&hellip;]<\/p>\n","protected":false},"featured_media":50917,"comment_status":"closed","ping_status":"closed","template":"","meta":{"_acf_changed":false},"product_brand":[],"product_cat":[1183,1182],"product_tag":[],"class_list":{"0":"post-47446","1":"product","2":"type-product","3":"status-publish","4":"has-post-thumbnail","6":"product_cat-decken","7":"product_cat-heim","9":"first","10":"instock","11":"purchasable","12":"product-type-simple"},"acf":{"backoffice_id":"","old_wordpress_id":14252},"_links":{"self":[{"href":"https:\/\/askiofashion.com\/de\/wp-json\/wp\/v2\/product\/47446","targetHints":{"allow":["GET"]}}],"collection":[{"href":"https:\/\/askiofashion.com\/de\/wp-json\/wp\/v2\/product"}],"about":[{"href":"https:\/\/askiofashion.com\/de\/wp-json\/wp\/v2\/types\/product"}],"replies":[{"embeddable":true,"href":"https:\/\/askiofashion.com\/de\/wp-json\/wp\/v2\/comments?post=47446"}],"wp:featuredmedia":[{"embeddable":true,"href":"https:\/\/askiofashion.com\/de\/wp-json\/wp\/v2\/media\/50917"}],"wp:attachment":[{"href":"https:\/\/askiofashion.com\/de\/wp-json\/wp\/v2\/media?parent=47446"}],"wp:term":[{"taxonomy":"product_brand","embeddable":true,"href":"https:\/\/askiofashion.com\/de\/wp-json\/wp\/v2\/product_brand?post=47446"},{"taxonomy":"product_cat","embeddable":true,"href":"https:\/\/askiofashion.com\/de\/wp-json\/wp\/v2\/product_cat?post=47446"},{"taxonomy":"product_tag","embeddable":true,"href":"https:\/\/askiofashion.com\/de\/wp-json\/wp\/v2\/product_tag?post=47446"}],"curies":[{"name":"wp","href":"https:\/\/api.w.org\/{rel}","templated":true}]}}