{"id":47432,"date":"2023-03-19T20:49:21","date_gmt":"2023-03-19T19:49:21","guid":{"rendered":"https:\/\/askiofashion.atsquare.gr\/produkt\/unkategorisiert\/golden-island-fuchs-pelzdecke-2\/"},"modified":"2025-08-07T16:31:25","modified_gmt":"2025-08-07T15:31:25","slug":"golden-island-fuchs-pelzdecke-2","status":"publish","type":"product","link":"https:\/\/askiofashion.com\/de\/product\/heim\/decken\/golden-island-fuchs-pelzdecke-2\/","title":{"rendered":"Handgefertigte nat\u00fcrliche Rotfuchsfell-Decke"},"content":{"rendered":"<p class=\"\" data-start=\"103\" data-end=\"463\">Versch\u00f6nern Sie Ihr Interieur mit der handgefertigten Decke aus nat\u00fcrlichem Rotfuchsfell, die zu 100% aus echtem Rotfuchsfell besteht. Rotfuchsfell ist bekannt f\u00fcr seine leuchtenden, feurigen Farben und auff\u00e4lligen nat\u00fcrlichen Muster und bringt einen Hauch von Wildnis in Ihr Zuhause. Es vereint satte Kupfer-, Rotbraun-, Gold- und zarte Cremet\u00f6ne in einer unwiderstehlich weichen und vollmundigen Textur. <\/p>\n<p class=\"\" data-start=\"465\" data-end=\"887\">Jede Decke wird in fachm\u00e4nnischer Handarbeit hergestellt, um die nat\u00fcrliche Sch\u00f6nheit und Vielfalt des Fells hervorzuheben. Das Ergebnis ist ein einzigartiges Schmuckst\u00fcck, das nicht nur visuellen Reichtum, sondern auch au\u00dfergew\u00f6hnliche W\u00e4rme und Komfort bietet. Ob als \u00fcppiger \u00dcberwurf f\u00fcr Ihr Sofa, als atemberaubender Akzent f\u00fcr Ihr Bett oder einfach nur, um sich in das Sch\u00f6nste der Natur zu h\u00fcllen - diese Pelzdecke ist ein Fest der wahren Handwerkskunst und Authentizit\u00e4t. <\/p>\n","protected":false},"excerpt":{"rendered":"<p>Versch\u00f6nern Sie Ihr Interieur mit der handgefertigten Decke aus nat\u00fcrlichem Rotfuchsfell, die zu 100% aus echtem Rotfuchsfell besteht. Rotfuchsfell ist bekannt f\u00fcr seine leuchtenden, feurigen Farben und auff\u00e4lligen nat\u00fcrlichen Muster und bringt einen Hauch von Wildnis in Ihr Zuhause. Es vereint satte Kupfer-, Rotbraun-, Gold- und zarte Cremet\u00f6ne in einer unwiderstehlich weichen und vollmundigen Textur. [&hellip;]<\/p>\n","protected":false},"featured_media":51101,"comment_status":"closed","ping_status":"closed","template":"","meta":{"_acf_changed":false},"product_brand":[],"product_cat":[1183,1182],"product_tag":[],"class_list":{"0":"post-47432","1":"product","2":"type-product","3":"status-publish","4":"has-post-thumbnail","6":"product_cat-decken","7":"product_cat-heim","9":"first","10":"instock","11":"purchasable","12":"product-type-simple"},"acf":{"backoffice_id":"","old_wordpress_id":13584},"_links":{"self":[{"href":"https:\/\/askiofashion.com\/de\/wp-json\/wp\/v2\/product\/47432","targetHints":{"allow":["GET"]}}],"collection":[{"href":"https:\/\/askiofashion.com\/de\/wp-json\/wp\/v2\/product"}],"about":[{"href":"https:\/\/askiofashion.com\/de\/wp-json\/wp\/v2\/types\/product"}],"replies":[{"embeddable":true,"href":"https:\/\/askiofashion.com\/de\/wp-json\/wp\/v2\/comments?post=47432"}],"wp:featuredmedia":[{"embeddable":true,"href":"https:\/\/askiofashion.com\/de\/wp-json\/wp\/v2\/media\/51101"}],"wp:attachment":[{"href":"https:\/\/askiofashion.com\/de\/wp-json\/wp\/v2\/media?parent=47432"}],"wp:term":[{"taxonomy":"product_brand","embeddable":true,"href":"https:\/\/askiofashion.com\/de\/wp-json\/wp\/v2\/product_brand?post=47432"},{"taxonomy":"product_cat","embeddable":true,"href":"https:\/\/askiofashion.com\/de\/wp-json\/wp\/v2\/product_cat?post=47432"},{"taxonomy":"product_tag","embeddable":true,"href":"https:\/\/askiofashion.com\/de\/wp-json\/wp\/v2\/product_tag?post=47432"}],"curies":[{"name":"wp","href":"https:\/\/api.w.org\/{rel}","templated":true}]}}