{"id":47431,"date":"2023-03-19T19:46:41","date_gmt":"2023-03-19T18:46:41","guid":{"rendered":"https:\/\/askiofashion.atsquare.gr\/produkt\/unkategorisiert\/coyote-pelzdecke-in-blaue-farbe-11\/"},"modified":"2025-08-07T16:31:26","modified_gmt":"2025-08-07T15:31:26","slug":"coyote-pelzdecke-in-blaue-farbe-11","status":"publish","type":"product","link":"https:\/\/askiofashion.com\/de\/product\/heim\/decken\/coyote-pelzdecke-in-blaue-farbe-11\/","title":{"rendered":"Nord Amerika Kojotenpelz Decke"},"content":{"rendered":"<p class=\"\" data-start=\"111\" data-end=\"468\">Erleben Sie die ungez\u00e4hmte Sch\u00f6nheit der Natur mit der handgefertigten nordamerikanischen Kojotenfell-Decke, exklusiv bei AskioFashion. Diese luxuri\u00f6se Decke aus 100% echtem Kojotenpelz zeichnet sich durch eine auff\u00e4llige Mischung aus erdigen T\u00f6nen aus - goldbeige, aschbraun und silbergrau -, die auf nat\u00fcrliche Weise in jedes Pelzst\u00fcck eingewebt wurden und f\u00fcr einen wahrhaft wilden und doch raffinierten Look sorgen. <\/p>\n<p class=\"\" data-start=\"470\" data-end=\"794\">Kojotenfell ist bekannt f\u00fcr seine dichte, weiche Unterwolle und seine groben Schutzhaare, die eine au\u00dfergew\u00f6hnliche Isolierung und rustikale Textur bieten. Ob \u00fcber einem Ledersofa, als dramatischer Bett-Akzent oder als kuschelige Decke um Sie gewickelt, dieser \u00dcberwurf bringt ein k\u00fchnes Statement von authentischem Wildnis-Luxus in Ihren Raum. <\/p>\n","protected":false},"excerpt":{"rendered":"<p>Erleben Sie die ungez\u00e4hmte Sch\u00f6nheit der Natur mit der handgefertigten nordamerikanischen Kojotenfell-Decke, exklusiv bei AskioFashion. Diese luxuri\u00f6se Decke aus 100% echtem Kojotenpelz zeichnet sich durch eine auff\u00e4llige Mischung aus erdigen T\u00f6nen aus - goldbeige, aschbraun und silbergrau -, die auf nat\u00fcrliche Weise in jedes Pelzst\u00fcck eingewebt wurden und f\u00fcr einen wahrhaft wilden und doch raffinierten [&hellip;]<\/p>\n","protected":false},"featured_media":51117,"comment_status":"closed","ping_status":"closed","template":"","meta":{"_acf_changed":false},"product_brand":[],"product_cat":[1183,1182],"product_tag":[],"class_list":{"0":"post-47431","1":"product","2":"type-product","3":"status-publish","4":"has-post-thumbnail","6":"product_cat-decken","7":"product_cat-heim","9":"first","10":"instock","11":"purchasable","12":"product-type-simple"},"acf":{"backoffice_id":"","old_wordpress_id":13566},"_links":{"self":[{"href":"https:\/\/askiofashion.com\/de\/wp-json\/wp\/v2\/product\/47431","targetHints":{"allow":["GET"]}}],"collection":[{"href":"https:\/\/askiofashion.com\/de\/wp-json\/wp\/v2\/product"}],"about":[{"href":"https:\/\/askiofashion.com\/de\/wp-json\/wp\/v2\/types\/product"}],"replies":[{"embeddable":true,"href":"https:\/\/askiofashion.com\/de\/wp-json\/wp\/v2\/comments?post=47431"}],"wp:featuredmedia":[{"embeddable":true,"href":"https:\/\/askiofashion.com\/de\/wp-json\/wp\/v2\/media\/51117"}],"wp:attachment":[{"href":"https:\/\/askiofashion.com\/de\/wp-json\/wp\/v2\/media?parent=47431"}],"wp:term":[{"taxonomy":"product_brand","embeddable":true,"href":"https:\/\/askiofashion.com\/de\/wp-json\/wp\/v2\/product_brand?post=47431"},{"taxonomy":"product_cat","embeddable":true,"href":"https:\/\/askiofashion.com\/de\/wp-json\/wp\/v2\/product_cat?post=47431"},{"taxonomy":"product_tag","embeddable":true,"href":"https:\/\/askiofashion.com\/de\/wp-json\/wp\/v2\/product_tag?post=47431"}],"curies":[{"name":"wp","href":"https:\/\/api.w.org\/{rel}","templated":true}]}}