{"id":47430,"date":"2023-02-05T19:53:40","date_gmt":"2023-02-05T18:53:40","guid":{"rendered":"https:\/\/askiofashion.atsquare.gr\/produkt\/unkategorisiert\/kanadische-rot-fuchs-kleine-decke-2\/"},"modified":"2025-08-07T16:31:11","modified_gmt":"2025-08-07T15:31:11","slug":"kanadische-rot-fuchs-kleine-decke-2","status":"publish","type":"product","link":"https:\/\/askiofashion.com\/de\/product\/heim\/teppiche\/kanadische-rot-fuchs-kleine-decke-2\/","title":{"rendered":"Handgefertigte kleine Decke aus nordamerikanischem Rotfuchsfell"},"content":{"rendered":"<p class=\"\" data-start=\"111\" data-end=\"478\">Verleihen Sie Ihrem Raum einen Hauch von lebhaftem, nat\u00fcrlichem Charme mit der handgefertigten nordamerikanischen Rotfuchsfelldecke Small Blanket von AskioFashion. Diese kompakte Decke aus 100% echtem Rotfuchsfell pr\u00e4sentiert sich in atemberaubenden Naturt\u00f6nen von feurigem Rot, verbranntem Orange, goldenen Highlights und zartem Creme und ist damit ein auff\u00e4lliges und elegantes Akzentobjekt. <\/p>\n<p class=\"\" data-start=\"480\" data-end=\"779\">Diese handgefertigte, hochwertige Decke bietet die luxuri\u00f6se W\u00e4rme und die kr\u00e4ftige Struktur, f\u00fcr die Rotfuchsfell bekannt ist. Dank ihrer geringen Gr\u00f6\u00dfe eignet sie sich perfekt als dekorativer \u00dcberwurf auf einem Stuhl, am Ende des Bettes oder sogar als stilvolles Tuch, das Komfort und Klasse bietet, wo immer Sie es platzieren. <\/p>\n","protected":false},"excerpt":{"rendered":"<p>Verleihen Sie Ihrem Raum einen Hauch von lebhaftem, nat\u00fcrlichem Charme mit der handgefertigten nordamerikanischen Rotfuchsfelldecke Small Blanket von AskioFashion. Diese kompakte Decke aus 100% echtem Rotfuchsfell pr\u00e4sentiert sich in atemberaubenden Naturt\u00f6nen von feurigem Rot, verbranntem Orange, goldenen Highlights und zartem Creme und ist damit ein auff\u00e4lliges und elegantes Akzentobjekt. Diese handgefertigte, hochwertige Decke bietet die [&hellip;]<\/p>\n","protected":false},"featured_media":51131,"comment_status":"closed","ping_status":"closed","template":"","meta":{"_acf_changed":false},"product_brand":[],"product_cat":[1182,1186,1184,1185],"product_tag":[],"class_list":{"0":"post-47430","1":"product","2":"type-product","3":"status-publish","4":"has-post-thumbnail","6":"product_cat-heim","7":"product_cat-laeufer","8":"product_cat-teppiche","9":"product_cat-teppiche-de","11":"first","12":"instock","13":"purchasable","14":"product-type-simple"},"acf":{"backoffice_id":"","old_wordpress_id":13492},"_links":{"self":[{"href":"https:\/\/askiofashion.com\/de\/wp-json\/wp\/v2\/product\/47430","targetHints":{"allow":["GET"]}}],"collection":[{"href":"https:\/\/askiofashion.com\/de\/wp-json\/wp\/v2\/product"}],"about":[{"href":"https:\/\/askiofashion.com\/de\/wp-json\/wp\/v2\/types\/product"}],"replies":[{"embeddable":true,"href":"https:\/\/askiofashion.com\/de\/wp-json\/wp\/v2\/comments?post=47430"}],"wp:featuredmedia":[{"embeddable":true,"href":"https:\/\/askiofashion.com\/de\/wp-json\/wp\/v2\/media\/51131"}],"wp:attachment":[{"href":"https:\/\/askiofashion.com\/de\/wp-json\/wp\/v2\/media?parent=47430"}],"wp:term":[{"taxonomy":"product_brand","embeddable":true,"href":"https:\/\/askiofashion.com\/de\/wp-json\/wp\/v2\/product_brand?post=47430"},{"taxonomy":"product_cat","embeddable":true,"href":"https:\/\/askiofashion.com\/de\/wp-json\/wp\/v2\/product_cat?post=47430"},{"taxonomy":"product_tag","embeddable":true,"href":"https:\/\/askiofashion.com\/de\/wp-json\/wp\/v2\/product_tag?post=47430"}],"curies":[{"name":"wp","href":"https:\/\/api.w.org\/{rel}","templated":true}]}}