{"id":47423,"date":"2023-02-02T11:54:37","date_gmt":"2023-02-02T10:54:37","guid":{"rendered":"https:\/\/askiofashion.atsquare.gr\/produkt\/unkategorisiert\/zobel-pelzdecke-in-tortora-2\/"},"modified":"2025-08-07T16:31:15","modified_gmt":"2025-08-07T15:31:15","slug":"zobel-pelzdecke-in-tortora-2","status":"publish","type":"product","link":"https:\/\/askiofashion.com\/de\/product\/heim\/decken\/zobel-pelzdecke-in-tortora-2\/","title":{"rendered":"Decke aus echtem Zobelpelz"},"content":{"rendered":"<div class=\"text-base my-auto mx-auto py-5 px-3 md:px-4 w-full md:px-5 lg:px-4 xl:px-5\">\n<div class=\"mx-auto flex flex-1 text-base gap-4 md:gap-5 lg:gap-6 md:max-w-3xl group\/turn-messages focus-visible:outline-hidden\">\n<div class=\"group\/conversation-turn relative flex w-full min-w-0 flex-col agent-turn @xs\/thread:px-0 @sm\/thread:px-1.5 @md\/thread:px-4\">\n<div class=\"relative flex-col gap-1 md:gap-3\">\n<div class=\"flex max-w-full flex-col grow\">\n<div class=\"min-h-8 text-message relative flex w-full flex-col items-end gap-2 text-start break-words whitespace-normal [.text-message+&amp;]:mt-5\" dir=\"auto\" data-message-author-role=\"assistant\" data-message-id=\"d93ef8f6-26e7-4158-a268-a44a4776f199\" data-message-model-slug=\"gpt-4o\">\n<div class=\"flex w-full flex-col gap-1 empty:hidden first:pt-[3px]\">\n<div class=\"markdown prose dark:prose-invert w-full break-words light\">\n<p class=\"\" data-start=\"167\" data-end=\"673\">Genie\u00dfen Sie die unvergleichliche Weichheit und F\u00fclle der Genuine Sable Fur Blanket, ein luxuri\u00f6ses Wohnaccessoire von AskioFashion. Diese Decke aus 100% echtem Zobelpelz strahlt mit ihren tiefen Schokoladent\u00f6nen, den goldenen Untert\u00f6nen und der samtigen Textur, die so weich wie Kaschmir ist, nat\u00fcrliche Eleganz aus. Zobelpelz ist f\u00fcr seine au\u00dfergew\u00f6hnliche Qualit\u00e4t und Seltenheit bekannt und geh\u00f6rt zu den wertvollsten Naturpelzen der Welt. Er wird f\u00fcr seine seidigen Bewegungen, seine Leichtigkeit und seine au\u00dfergew\u00f6hnliche W\u00e4rme gesch\u00e4tzt.  <\/p>\n<p class=\"\" data-start=\"675\" data-end=\"1098\">Jede Decke wird mit Bedacht aus sorgf\u00e4ltig ausgew\u00e4hlten Zobelfellen hergestellt, die die flie\u00dfende Textur und den subtilen Glanz des Fells zur Geltung bringen. Egal, ob Sie die Decke \u00fcber Ihrem Bett ausbreiten, sie auf einem Sofa platzieren oder als luxuri\u00f6se pers\u00f6nliche H\u00fclle verwenden, sie verleiht jedem Raum sofortige Raffinesse und Komfort. Diese Decke wurde f\u00fcr diejenigen entworfen, die echte Pelzkunst zu sch\u00e4tzen wissen. Sie vereint Sch\u00f6nheit, Funktionalit\u00e4t und Tradition in einem zeitlosen St\u00fcck.  <\/p>\n<\/div>\n<\/div>\n<\/div>\n<\/div>\n<\/div>\n<\/div>\n<\/div>\n<\/div>\n","protected":false},"excerpt":{"rendered":"<p>Genie\u00dfen Sie die unvergleichliche Weichheit und F\u00fclle der Genuine Sable Fur Blanket, ein luxuri\u00f6ses Wohnaccessoire von AskioFashion. Diese Decke aus 100% echtem Zobelpelz strahlt mit ihren tiefen Schokoladent\u00f6nen, den goldenen Untert\u00f6nen und der samtigen Textur, die so weich wie Kaschmir ist, nat\u00fcrliche Eleganz aus. Zobelpelz ist f\u00fcr seine au\u00dfergew\u00f6hnliche Qualit\u00e4t und Seltenheit bekannt und geh\u00f6rt [&hellip;]<\/p>\n","protected":false},"featured_media":51227,"comment_status":"closed","ping_status":"closed","template":"","meta":{"_acf_changed":false},"product_brand":[],"product_cat":[1183,1182],"product_tag":[],"class_list":{"0":"post-47423","1":"product","2":"type-product","3":"status-publish","4":"has-post-thumbnail","6":"product_cat-decken","7":"product_cat-heim","9":"first","10":"instock","11":"purchasable","12":"product-type-simple"},"acf":{"backoffice_id":"","old_wordpress_id":13198},"_links":{"self":[{"href":"https:\/\/askiofashion.com\/de\/wp-json\/wp\/v2\/product\/47423","targetHints":{"allow":["GET"]}}],"collection":[{"href":"https:\/\/askiofashion.com\/de\/wp-json\/wp\/v2\/product"}],"about":[{"href":"https:\/\/askiofashion.com\/de\/wp-json\/wp\/v2\/types\/product"}],"replies":[{"embeddable":true,"href":"https:\/\/askiofashion.com\/de\/wp-json\/wp\/v2\/comments?post=47423"}],"wp:featuredmedia":[{"embeddable":true,"href":"https:\/\/askiofashion.com\/de\/wp-json\/wp\/v2\/media\/51227"}],"wp:attachment":[{"href":"https:\/\/askiofashion.com\/de\/wp-json\/wp\/v2\/media?parent=47423"}],"wp:term":[{"taxonomy":"product_brand","embeddable":true,"href":"https:\/\/askiofashion.com\/de\/wp-json\/wp\/v2\/product_brand?post=47423"},{"taxonomy":"product_cat","embeddable":true,"href":"https:\/\/askiofashion.com\/de\/wp-json\/wp\/v2\/product_cat?post=47423"},{"taxonomy":"product_tag","embeddable":true,"href":"https:\/\/askiofashion.com\/de\/wp-json\/wp\/v2\/product_tag?post=47423"}],"curies":[{"name":"wp","href":"https:\/\/api.w.org\/{rel}","templated":true}]}}