{"id":47421,"date":"2023-02-01T20:44:33","date_gmt":"2023-02-01T19:44:33","guid":{"rendered":"https:\/\/askiofashion.atsquare.gr\/produkt\/unkategorisiert\/blau-fuchs-pelzdecke-in-farben-schwarz-beige-2\/"},"modified":"2025-08-07T16:31:11","modified_gmt":"2025-08-07T15:31:11","slug":"blau-fuchs-pelzdecke-in-farben-schwarz-beige-2","status":"publish","type":"product","link":"https:\/\/askiofashion.com\/de\/product\/heim\/decken\/blau-fuchs-pelzdecke-in-farben-schwarz-beige-2\/","title":{"rendered":"Nordisch inspirierte Fuchspelz-Decke"},"content":{"rendered":"<p class=\"\" data-start=\"238\" data-end=\"620\">Holen Sie sich die Sch\u00f6nheit des Nordens in Ihr Zuhause mit der nordisch inspirierten Fuchsfelldecke, einem luxuri\u00f6sen St\u00fcck aus 100% echtem skandinavischen Fuchspelz, exklusiv bei AskioFashion. Inspiriert von der zeitlosen Schlichtheit und nat\u00fcrlichen Eleganz des skandinavischen Designs, schafft diese Decke die perfekte Balance zwischen wilder Sch\u00f6nheit und gem\u00fctlicher Raffinesse. <\/p>\n<p class=\"\" data-start=\"622\" data-end=\"1071\">Der skandinavische Fuchspelz ist bekannt f\u00fcr seine au\u00dfergew\u00f6hnlich volle, flauschige Textur und geh\u00f6rt zu den begehrtesten Fellen der Welt. Die langen, seidigen Deckhaare und das dichte Unterfell sorgen nicht nur f\u00fcr \u00fcberragende W\u00e4rme, sondern auch f\u00fcr eine reiche visuelle Anziehungskraft - mit einer anmutigen Mischung aus weichem Silber, cremigem Wei\u00df und ged\u00e4mpften Graut\u00f6nen, die die nordische Landschaft widerspiegeln. Jede Decke wird von erfahrenen Pelzhandwerkern sorgf\u00e4ltig zusammengesetzt, um eine nahtlose Weichheit, Flie\u00dff\u00e4higkeit und Haltbarkeit zu gew\u00e4hrleisten.  <\/p>\n<p class=\"\" data-start=\"1073\" data-end=\"1369\">Ob \u00fcber ein Bett gelegt, \u00fcber ein Sofa gestylt oder als luxuri\u00f6se H\u00fclle an kalten Abenden verwendet, diese Decke ist ein k\u00fchnes Statement von nat\u00fcrlicher Sch\u00f6nheit und gehobenem Komfort. Sie wurde f\u00fcr diejenigen entworfen, die sowohl Wert auf \u00c4sthetik als auch auf Authentizit\u00e4t legen und ist die perfekte Erg\u00e4nzung f\u00fcr jede hochwertige oder minimalistische Einrichtung. <\/p>\n","protected":false},"excerpt":{"rendered":"<p>Holen Sie sich die Sch\u00f6nheit des Nordens in Ihr Zuhause mit der nordisch inspirierten Fuchsfelldecke, einem luxuri\u00f6sen St\u00fcck aus 100% echtem skandinavischen Fuchspelz, exklusiv bei AskioFashion. Inspiriert von der zeitlosen Schlichtheit und nat\u00fcrlichen Eleganz des skandinavischen Designs, schafft diese Decke die perfekte Balance zwischen wilder Sch\u00f6nheit und gem\u00fctlicher Raffinesse. Der skandinavische Fuchspelz ist bekannt f\u00fcr [&hellip;]<\/p>\n","protected":false},"featured_media":51257,"comment_status":"closed","ping_status":"closed","template":"","meta":{"_acf_changed":false},"product_brand":[],"product_cat":[1183,1182],"product_tag":[],"class_list":{"0":"post-47421","1":"product","2":"type-product","3":"status-publish","4":"has-post-thumbnail","6":"product_cat-decken","7":"product_cat-heim","9":"first","10":"instock","11":"purchasable","12":"product-type-simple"},"acf":{"backoffice_id":"","old_wordpress_id":13096},"_links":{"self":[{"href":"https:\/\/askiofashion.com\/de\/wp-json\/wp\/v2\/product\/47421","targetHints":{"allow":["GET"]}}],"collection":[{"href":"https:\/\/askiofashion.com\/de\/wp-json\/wp\/v2\/product"}],"about":[{"href":"https:\/\/askiofashion.com\/de\/wp-json\/wp\/v2\/types\/product"}],"replies":[{"embeddable":true,"href":"https:\/\/askiofashion.com\/de\/wp-json\/wp\/v2\/comments?post=47421"}],"wp:featuredmedia":[{"embeddable":true,"href":"https:\/\/askiofashion.com\/de\/wp-json\/wp\/v2\/media\/51257"}],"wp:attachment":[{"href":"https:\/\/askiofashion.com\/de\/wp-json\/wp\/v2\/media?parent=47421"}],"wp:term":[{"taxonomy":"product_brand","embeddable":true,"href":"https:\/\/askiofashion.com\/de\/wp-json\/wp\/v2\/product_brand?post=47421"},{"taxonomy":"product_cat","embeddable":true,"href":"https:\/\/askiofashion.com\/de\/wp-json\/wp\/v2\/product_cat?post=47421"},{"taxonomy":"product_tag","embeddable":true,"href":"https:\/\/askiofashion.com\/de\/wp-json\/wp\/v2\/product_tag?post=47421"}],"curies":[{"name":"wp","href":"https:\/\/api.w.org\/{rel}","templated":true}]}}