{"id":47419,"date":"2023-01-31T21:51:29","date_gmt":"2023-01-31T20:51:29","guid":{"rendered":"https:\/\/askiofashion.atsquare.gr\/produkt\/unkategorisiert\/shadow-fuchs-pelzdecke-2\/"},"modified":"2025-08-07T16:31:11","modified_gmt":"2025-08-07T15:31:11","slug":"shadow-fuchs-pelzdecke-2","status":"publish","type":"product","link":"https:\/\/askiofashion.com\/de\/product\/heim\/decken\/shadow-fuchs-pelzdecke-2\/","title":{"rendered":"Authentische Schattenfuchs-Pelz-Decke"},"content":{"rendered":"<div class=\"text-base my-auto mx-auto py-5 px-3 md:px-4 w-full md:px-5 lg:px-4 xl:px-5\">\n<div class=\"mx-auto flex flex-1 text-base gap-4 md:gap-5 lg:gap-6 md:max-w-3xl group\/turn-messages focus-visible:outline-hidden\">\n<div class=\"group\/conversation-turn relative flex w-full min-w-0 flex-col agent-turn @xs\/thread:px-0 @sm\/thread:px-1.5 @md\/thread:px-4\">\n<div class=\"relative flex-col gap-1 md:gap-3\">\n<div class=\"flex max-w-full flex-col grow\">\n<div class=\"min-h-8 text-message relative flex w-full flex-col items-end gap-2 text-start break-words whitespace-normal [.text-message+&amp;]:mt-5\" dir=\"auto\" data-message-author-role=\"assistant\" data-message-id=\"b599b6d2-2fe0-4f0b-a3f7-e5c170712f5f\" data-message-model-slug=\"gpt-4o\">\n<div class=\"flex w-full flex-col gap-1 empty:hidden first:pt-[3px]\">\n<div class=\"markdown prose dark:prose-invert w-full break-words light\">\n<p class=\"\" data-start=\"167\" data-end=\"584\">Lassen Sie sich von der Authentic Shadow Fox Fur Blanket von AskioFashion von dunkler Eleganz verzaubern. Diese Decke aus 100% echtem Schattenfuchsfell strahlt mit ihren nat\u00fcrlich satten Farbt\u00f6nen, tiefen silbrigen Graut\u00f6nen und sanften anthrazitfarbenen Akzenten raffinierte Raffinesse aus. Die volumin\u00f6se, seidige Textur ist ein opulentes Statement - perfekt, um sowohl moderne als auch klassische Interieurs aufzuwerten.  <\/p>\n<p class=\"\" data-start=\"586\" data-end=\"881\">Jede Decke wird von erfahrenen Pelzhandwerkern fachm\u00e4nnisch zusammengesetzt, um eine makellose Verarbeitung zu gew\u00e4hrleisten, die den nat\u00fcrlichen Fluss und Glanz des Fells hervorhebt. Die langen, weichen Deckhaare und die dichte Unterwolle sorgen f\u00fcr au\u00dfergew\u00f6hnliche W\u00e4rme und Komfort, w\u00e4hrend die subtilen Farbnuancen f\u00fcr optische Tiefe und zeitlosen Reiz sorgen. <\/p>\n<p class=\"\" data-start=\"883\" data-end=\"1232\">Diese Decke aus echtem Pelz ist ideal als luxuri\u00f6se Bettdecke, eleganter Sofa-Akzent oder gehobenes Dekorationselement und bringt W\u00e4rme und hochwertiges Design in jeden Raum. Die Authentic Shadow Fox Fur Blanket wurde f\u00fcr diejenigen entworfen, die Authentizit\u00e4t, Luxus und k\u00fcnstlerische Akzente in ihrer Einrichtung suchen. Sie ist mehr als nur eine Decke - sie ist ein Statement f\u00fcr pers\u00f6nlichen Stil und nat\u00fcrliche Sch\u00f6nheit. <\/p>\n<\/div>\n<\/div>\n<\/div>\n<\/div>\n<\/div>\n<\/div>\n<\/div>\n<\/div>\n","protected":false},"excerpt":{"rendered":"<p>Lassen Sie sich von der Authentic Shadow Fox Fur Blanket von AskioFashion von dunkler Eleganz verzaubern. Diese Decke aus 100% echtem Schattenfuchsfell strahlt mit ihren nat\u00fcrlich satten Farbt\u00f6nen, tiefen silbrigen Graut\u00f6nen und sanften anthrazitfarbenen Akzenten raffinierte Raffinesse aus. Die volumin\u00f6se, seidige Textur ist ein opulentes Statement - perfekt, um sowohl moderne als auch klassische Interieurs [&hellip;]<\/p>\n","protected":false},"featured_media":51287,"comment_status":"closed","ping_status":"closed","template":"","meta":{"_acf_changed":false},"product_brand":[],"product_cat":[1183,1182],"product_tag":[],"class_list":{"0":"post-47419","1":"product","2":"type-product","3":"status-publish","4":"has-post-thumbnail","6":"product_cat-decken","7":"product_cat-heim","9":"first","10":"instock","11":"purchasable","12":"product-type-simple"},"acf":{"backoffice_id":"","old_wordpress_id":13031},"_links":{"self":[{"href":"https:\/\/askiofashion.com\/de\/wp-json\/wp\/v2\/product\/47419","targetHints":{"allow":["GET"]}}],"collection":[{"href":"https:\/\/askiofashion.com\/de\/wp-json\/wp\/v2\/product"}],"about":[{"href":"https:\/\/askiofashion.com\/de\/wp-json\/wp\/v2\/types\/product"}],"replies":[{"embeddable":true,"href":"https:\/\/askiofashion.com\/de\/wp-json\/wp\/v2\/comments?post=47419"}],"wp:featuredmedia":[{"embeddable":true,"href":"https:\/\/askiofashion.com\/de\/wp-json\/wp\/v2\/media\/51287"}],"wp:attachment":[{"href":"https:\/\/askiofashion.com\/de\/wp-json\/wp\/v2\/media?parent=47419"}],"wp:term":[{"taxonomy":"product_brand","embeddable":true,"href":"https:\/\/askiofashion.com\/de\/wp-json\/wp\/v2\/product_brand?post=47419"},{"taxonomy":"product_cat","embeddable":true,"href":"https:\/\/askiofashion.com\/de\/wp-json\/wp\/v2\/product_cat?post=47419"},{"taxonomy":"product_tag","embeddable":true,"href":"https:\/\/askiofashion.com\/de\/wp-json\/wp\/v2\/product_tag?post=47419"}],"curies":[{"name":"wp","href":"https:\/\/api.w.org\/{rel}","templated":true}]}}