{"id":47418,"date":"2022-11-14T18:42:25","date_gmt":"2022-11-14T17:42:25","guid":{"rendered":"https:\/\/askiofashion.atsquare.gr\/produkt\/unkategorisiert\/luxus-zobel-pelztafeln-2\/"},"modified":"2025-08-07T16:31:15","modified_gmt":"2025-08-07T15:31:15","slug":"luxus-zobel-pelztafeln-2","status":"publish","type":"product","link":"https:\/\/askiofashion.com\/de\/product\/heim\/plates-de-2\/luxus-zobel-pelztafeln-2\/","title":{"rendered":"Authentische russische Zobelpelz-Platten"},"content":{"rendered":"<div class=\"text-base my-auto mx-auto py-5 px-3 md:px-4 w-full md:px-5 lg:px-4 xl:px-5\">\n<div class=\"mx-auto flex flex-1 text-base gap-4 md:gap-5 lg:gap-6 md:max-w-3xl group\/turn-messages focus-visible:outline-hidden\">\n<div class=\"group\/conversation-turn relative flex w-full min-w-0 flex-col agent-turn @xs\/thread:px-0 @sm\/thread:px-1.5 @md\/thread:px-4\">\n<div class=\"relative flex-col gap-1 md:gap-3\">\n<div class=\"flex max-w-full flex-col grow\">\n<div class=\"min-h-8 text-message relative flex w-full flex-col items-end gap-2 text-start break-words whitespace-normal [.text-message+&amp;]:mt-5\" dir=\"auto\" data-message-author-role=\"assistant\" data-message-id=\"04b580e5-9f94-4b1b-93bf-183c4c641fe9\" data-message-model-slug=\"gpt-4o\">\n<div class=\"flex w-full flex-col gap-1 empty:hidden first:pt-[3px]\">\n<div class=\"markdown prose dark:prose-invert w-full break-words light\">\n<p class=\"\" data-start=\"148\" data-end=\"440\">Erleben Sie die unvergleichliche Eleganz von Authentic Russian Sable Fur Plates - exklusiv bei AskioFashion. Diese hochwertigen Pelzst\u00fccke werden aus 100% echtem russischen Zobel gefertigt, der weltweit f\u00fcr seine exquisite Weichheit, seinen nat\u00fcrlichen Glanz und seine luxuri\u00f6se Farbtiefe bekannt ist. <\/p>\n<p class=\"\" data-start=\"442\" data-end=\"784\">Mit einer reichen Mischung aus warmen Braunt\u00f6nen und subtilen silbernen Untert\u00f6nen bietet jede Platte einen nat\u00fcrlich eleganten Ton, der sowohl zeitlos als auch vielseitig ist. Mit ihrer seidig-glatten Textur und dem dichten, leichten Pelz eignen sich diese Platten perfekt f\u00fcr die Herstellung von hochwertigen Pelzkleidungsst\u00fccken, Zierleisten, Accessoires oder sogar Wohndekorationselementen wie Decken und Kissen. <\/p>\n<p class=\"\" data-start=\"786\" data-end=\"1107\">Unsere sorgf\u00e4ltig ausgew\u00e4hlten und fachm\u00e4nnisch verarbeiteten Zobelpelzplatten bieten eine flexible und hochwertige Grundlage f\u00fcr K\u00fcrschner, Designer und Kunsthandwerker, die wahren Luxus in jedem Detail suchen. Ganz gleich, ob Sie einen Couture-Mantel entwerfen oder Ihre Inneneinrichtung mit Opulenz ausstatten m\u00f6chten, diese Platten bieten Raffinesse und h\u00f6chste Qualit\u00e4t. <\/p>\n<\/div>\n<\/div>\n<\/div>\n<\/div>\n<\/div>\n<\/div>\n<\/div>\n<\/div>\n","protected":false},"excerpt":{"rendered":"<p>Erleben Sie die unvergleichliche Eleganz von Authentic Russian Sable Fur Plates - exklusiv bei AskioFashion. Diese hochwertigen Pelzst\u00fccke werden aus 100% echtem russischen Zobel gefertigt, der weltweit f\u00fcr seine exquisite Weichheit, seinen nat\u00fcrlichen Glanz und seine luxuri\u00f6se Farbtiefe bekannt ist. Mit einer reichen Mischung aus warmen Braunt\u00f6nen und subtilen silbernen Untert\u00f6nen bietet jede Platte einen [&hellip;]<\/p>\n","protected":false},"featured_media":51345,"comment_status":"closed","ping_status":"closed","template":"","meta":{"_acf_changed":false},"product_brand":[],"product_cat":[1225,1182],"product_tag":[],"class_list":{"0":"post-47418","1":"product","2":"type-product","3":"status-publish","4":"has-post-thumbnail","6":"product_cat-plates-de-2","7":"product_cat-heim","9":"first","10":"instock","11":"purchasable","12":"product-type-simple"},"acf":{"backoffice_id":"","old_wordpress_id":12784},"_links":{"self":[{"href":"https:\/\/askiofashion.com\/de\/wp-json\/wp\/v2\/product\/47418","targetHints":{"allow":["GET"]}}],"collection":[{"href":"https:\/\/askiofashion.com\/de\/wp-json\/wp\/v2\/product"}],"about":[{"href":"https:\/\/askiofashion.com\/de\/wp-json\/wp\/v2\/types\/product"}],"replies":[{"embeddable":true,"href":"https:\/\/askiofashion.com\/de\/wp-json\/wp\/v2\/comments?post=47418"}],"wp:featuredmedia":[{"embeddable":true,"href":"https:\/\/askiofashion.com\/de\/wp-json\/wp\/v2\/media\/51345"}],"wp:attachment":[{"href":"https:\/\/askiofashion.com\/de\/wp-json\/wp\/v2\/media?parent=47418"}],"wp:term":[{"taxonomy":"product_brand","embeddable":true,"href":"https:\/\/askiofashion.com\/de\/wp-json\/wp\/v2\/product_brand?post=47418"},{"taxonomy":"product_cat","embeddable":true,"href":"https:\/\/askiofashion.com\/de\/wp-json\/wp\/v2\/product_cat?post=47418"},{"taxonomy":"product_tag","embeddable":true,"href":"https:\/\/askiofashion.com\/de\/wp-json\/wp\/v2\/product_tag?post=47418"}],"curies":[{"name":"wp","href":"https:\/\/api.w.org\/{rel}","templated":true}]}}