{"id":47415,"date":"2022-11-11T16:19:31","date_gmt":"2022-11-11T15:19:31","guid":{"rendered":"https:\/\/askiofashion.atsquare.gr\/produkt\/unkategorisiert\/russische-zobel-pelztafeln-2\/"},"modified":"2025-08-07T16:31:15","modified_gmt":"2025-08-07T15:31:15","slug":"russische-zobel-pelztafeln-2","status":"publish","type":"product","link":"https:\/\/askiofashion.com\/de\/product\/heim\/plates-de-2\/russische-zobel-pelztafeln-2\/","title":{"rendered":"Tortora Russischer Zobelpelzteller"},"content":{"rendered":"<div class=\"text-base my-auto mx-auto py-5 px-3 md:px-4 w-full md:px-5 lg:px-4 xl:px-5\">\n<div class=\"mx-auto flex flex-1 text-base gap-4 md:gap-5 lg:gap-6 md:max-w-3xl group\/turn-messages focus-visible:outline-hidden\">\n<div class=\"group\/conversation-turn relative flex w-full min-w-0 flex-col agent-turn @xs\/thread:px-0 @sm\/thread:px-1.5 @md\/thread:px-4\">\n<div class=\"relative flex-col gap-1 md:gap-3\">\n<div class=\"flex max-w-full flex-col grow\">\n<div class=\"min-h-8 text-message relative flex w-full flex-col items-end gap-2 text-start break-words whitespace-normal [.text-message+&amp;]:mt-5\" dir=\"auto\" data-message-author-role=\"assistant\" data-message-id=\"23d11052-fcb4-4cfd-a2d6-5ea5e0631327\" data-message-model-slug=\"gpt-4o\">\n<div class=\"flex w-full flex-col gap-1 empty:hidden first:pt-[3px]\">\n<div class=\"markdown prose dark:prose-invert w-full break-words light\">\n<p class=\"\" data-start=\"132\" data-end=\"567\">Bringen Sie unaufdringlichen Luxus in Ihre Entw\u00fcrfe mit diesem Tortora Russian Sable Fur Plate, das aus echtem Zobel von h\u00f6chster Qualit\u00e4t hergestellt wird. Der weiche, neutrale Tortora-Ton - eine elegante Mischung aus Grau und Braun - strahlt Raffinesse aus und bewahrt gleichzeitig nat\u00fcrliche W\u00e4rme. Russischer Zobel ist f\u00fcr seine unglaublich weiche Textur und hohe Dichte bekannt und ist der Goldstandard f\u00fcr Pelz. Daher eignet sich diese Platte ideal f\u00fcr hochwertige Kleidungsst\u00fccke, Zierleisten, Accessoires oder Innenraumakzente.  <\/p>\n<p class=\"\" data-start=\"569\" data-end=\"794\">Jedes Pl\u00e4ttchen wird aus echtem Zobelpelz gefertigt, um au\u00dfergew\u00f6hnliche Konsistenz und Qualit\u00e4t zu gew\u00e4hrleisten. Ganz gleich, ob Sie einen besonderen Mantel, ein Futter oder ein gehobenes Dekorationsst\u00fcck entwerfen, dieser Pelz bietet sowohl visuellen als auch haptischen Reichtum. <\/p>\n<p class=\"\" data-start=\"796\" data-end=\"944\">Perfekt f\u00fcr: Ma\u00dfgeschneiderte Pelzmode, luxuri\u00f6se Inneneinrichtungen oder handwerkliche Pelzprojekte.<br data-start=\"877\" data-end=\"880\">Nur bei AskioFashion - 100% echter Pelz, kein Ersatz f\u00fcr Kunstpelz.<\/p>\n<\/div>\n<\/div>\n<\/div>\n<\/div>\n<\/div>\n<\/div>\n<\/div>\n<\/div>\n","protected":false},"excerpt":{"rendered":"<p>Bringen Sie unaufdringlichen Luxus in Ihre Entw\u00fcrfe mit diesem Tortora Russian Sable Fur Plate, das aus echtem Zobel von h\u00f6chster Qualit\u00e4t hergestellt wird. Der weiche, neutrale Tortora-Ton - eine elegante Mischung aus Grau und Braun - strahlt Raffinesse aus und bewahrt gleichzeitig nat\u00fcrliche W\u00e4rme. Russischer Zobel ist f\u00fcr seine unglaublich weiche Textur und hohe Dichte [&hellip;]<\/p>\n","protected":false},"featured_media":51363,"comment_status":"closed","ping_status":"closed","template":"","meta":{"_acf_changed":false},"product_brand":[],"product_cat":[1225,1182],"product_tag":[],"class_list":{"0":"post-47415","1":"product","2":"type-product","3":"status-publish","4":"has-post-thumbnail","6":"product_cat-plates-de-2","7":"product_cat-heim","9":"first","10":"instock","11":"purchasable","12":"product-type-simple"},"acf":{"backoffice_id":"","old_wordpress_id":12764},"_links":{"self":[{"href":"https:\/\/askiofashion.com\/de\/wp-json\/wp\/v2\/product\/47415","targetHints":{"allow":["GET"]}}],"collection":[{"href":"https:\/\/askiofashion.com\/de\/wp-json\/wp\/v2\/product"}],"about":[{"href":"https:\/\/askiofashion.com\/de\/wp-json\/wp\/v2\/types\/product"}],"replies":[{"embeddable":true,"href":"https:\/\/askiofashion.com\/de\/wp-json\/wp\/v2\/comments?post=47415"}],"wp:featuredmedia":[{"embeddable":true,"href":"https:\/\/askiofashion.com\/de\/wp-json\/wp\/v2\/media\/51363"}],"wp:attachment":[{"href":"https:\/\/askiofashion.com\/de\/wp-json\/wp\/v2\/media?parent=47415"}],"wp:term":[{"taxonomy":"product_brand","embeddable":true,"href":"https:\/\/askiofashion.com\/de\/wp-json\/wp\/v2\/product_brand?post=47415"},{"taxonomy":"product_cat","embeddable":true,"href":"https:\/\/askiofashion.com\/de\/wp-json\/wp\/v2\/product_cat?post=47415"},{"taxonomy":"product_tag","embeddable":true,"href":"https:\/\/askiofashion.com\/de\/wp-json\/wp\/v2\/product_tag?post=47415"}],"curies":[{"name":"wp","href":"https:\/\/api.w.org\/{rel}","templated":true}]}}