{"id":47414,"date":"2022-11-09T20:06:44","date_gmt":"2022-11-09T19:06:44","guid":{"rendered":"https:\/\/askiofashion.atsquare.gr\/produkt\/unkategorisiert\/russische-zobel-pelztafeln-barguzin-2\/"},"modified":"2025-08-07T16:28:28","modified_gmt":"2025-08-07T15:28:28","slug":"russische-zobel-pelztafeln-barguzin-2","status":"publish","type":"product","link":"https:\/\/askiofashion.com\/de\/product\/heim\/plates-de-2\/russische-zobel-pelztafeln-barguzin-2\/","title":{"rendered":"Premium Barguzin Russischer Zobelpelz Teller"},"content":{"rendered":"<p>G\u00f6nnen Sie sich die luxuri\u00f6se Eleganz dieses Premium Barguzin Russischen Zobelpelztellers, der f\u00fcr seine au\u00dfergew\u00f6hnliche Weichheit, seinen satten Farbton und seine nat\u00fcrlich seidige Textur bekannt ist. Dieser Teller aus echtem Zobelpelz aus der legend\u00e4ren Region Barguzin in Sibirien ist ein Beispiel f\u00fcr h\u00f6chste Qualit\u00e4t bei der Herstellung von Naturpelzen. Sein dichtes, gl\u00e4nzendes Finish und seine leichte W\u00e4rme machen ihn ideal f\u00fcr die Herstellung opulenter Kleidungsst\u00fccke, Accessoires oder Wohnaccessoires. Ob in der Haute Couture Mode oder in der feinen Inneneinrichtung, dieser Pelzteller ist ein Zeugnis f\u00fcr zeitlosen Luxus und raffinierten Geschmack.   <\/p>\n","protected":false},"excerpt":{"rendered":"<p>G\u00f6nnen Sie sich die luxuri\u00f6se Eleganz dieses Premium Barguzin Russischen Zobelpelztellers, der f\u00fcr seine au\u00dfergew\u00f6hnliche Weichheit, seinen satten Farbton und seine nat\u00fcrlich seidige Textur bekannt ist. Dieser Teller aus echtem Zobelpelz aus der legend\u00e4ren Region Barguzin in Sibirien ist ein Beispiel f\u00fcr h\u00f6chste Qualit\u00e4t bei der Herstellung von Naturpelzen. Sein dichtes, gl\u00e4nzendes Finish und seine [&hellip;]<\/p>\n","protected":false},"featured_media":51369,"comment_status":"closed","ping_status":"closed","template":"","meta":{"_acf_changed":false},"product_brand":[],"product_cat":[1225,1182],"product_tag":[],"class_list":{"0":"post-47414","1":"product","2":"type-product","3":"status-publish","4":"has-post-thumbnail","6":"product_cat-plates-de-2","7":"product_cat-heim","9":"first","10":"instock","11":"purchasable","12":"product-type-simple"},"acf":{"backoffice_id":"","old_wordpress_id":12745},"_links":{"self":[{"href":"https:\/\/askiofashion.com\/de\/wp-json\/wp\/v2\/product\/47414","targetHints":{"allow":["GET"]}}],"collection":[{"href":"https:\/\/askiofashion.com\/de\/wp-json\/wp\/v2\/product"}],"about":[{"href":"https:\/\/askiofashion.com\/de\/wp-json\/wp\/v2\/types\/product"}],"replies":[{"embeddable":true,"href":"https:\/\/askiofashion.com\/de\/wp-json\/wp\/v2\/comments?post=47414"}],"wp:featuredmedia":[{"embeddable":true,"href":"https:\/\/askiofashion.com\/de\/wp-json\/wp\/v2\/media\/51369"}],"wp:attachment":[{"href":"https:\/\/askiofashion.com\/de\/wp-json\/wp\/v2\/media?parent=47414"}],"wp:term":[{"taxonomy":"product_brand","embeddable":true,"href":"https:\/\/askiofashion.com\/de\/wp-json\/wp\/v2\/product_brand?post=47414"},{"taxonomy":"product_cat","embeddable":true,"href":"https:\/\/askiofashion.com\/de\/wp-json\/wp\/v2\/product_cat?post=47414"},{"taxonomy":"product_tag","embeddable":true,"href":"https:\/\/askiofashion.com\/de\/wp-json\/wp\/v2\/product_tag?post=47414"}],"curies":[{"name":"wp","href":"https:\/\/api.w.org\/{rel}","templated":true}]}}