{"id":47413,"date":"2022-11-08T18:07:37","date_gmt":"2022-11-08T17:07:37","guid":{"rendered":"https:\/\/askiofashion.atsquare.gr\/produkt\/unkategorisiert\/russische-zobel-tafeln-ikaridiko-4\/"},"modified":"2025-08-07T16:28:34","modified_gmt":"2025-08-07T15:28:34","slug":"russische-zobel-tafeln-ikaridiko-4","status":"publish","type":"product","link":"https:\/\/askiofashion.com\/de\/product\/heim\/plates-de-2\/russische-zobel-tafeln-ikaridiko-4\/","title":{"rendered":"Heller R\u00fccken Pfote Zobelpelz Teller"},"content":{"rendered":"<div class=\"text-base my-auto mx-auto py-5 px-3 md:px-4 w-full md:px-5 lg:px-4 xl:px-5\">\n<div class=\"mx-auto flex flex-1 text-base gap-4 md:gap-5 lg:gap-6 md:max-w-3xl group\/turn-messages focus-visible:outline-hidden\">\n<div class=\"group\/conversation-turn relative flex w-full min-w-0 flex-col agent-turn @xs\/thread:px-0 @sm\/thread:px-1.5 @md\/thread:px-4\">\n<div class=\"relative flex-col gap-1 md:gap-3\">\n<div class=\"flex max-w-full flex-col grow\">\n<div class=\"min-h-8 text-message relative flex w-full flex-col items-end gap-2 text-start break-words whitespace-normal [.text-message+&amp;]:mt-5\" dir=\"auto\" data-message-author-role=\"assistant\" data-message-id=\"db5e732f-c74b-4192-b2c8-29cf7b9edd3a\" data-message-model-slug=\"gpt-4o\">\n<div class=\"flex w-full flex-col gap-1 empty:hidden first:pt-[3px]\">\n<div class=\"markdown prose dark:prose-invert w-full break-words light\">\n<p class=\"\" data-start=\"114\" data-end=\"617\">Erleben Sie die un\u00fcbertroffene Weichheit und den nat\u00fcrlichen Charme unseres Light Back Paw Sable Pelztellers. Dieses Pelzst\u00fcck aus hochwertigem russischen Zobel hat einen nat\u00fcrlich helleren Farbton mit eleganten Schattierungen und bietet einen raffinierten und organischen Look. Die Textur f\u00fchlt sich au\u00dfergew\u00f6hnlich seidig und glatt an und eignet sich perfekt f\u00fcr luxuri\u00f6se Schneidereien, Accessoires oder Interieur-Akzente. Ganz gleich, ob Sie ma\u00dfgeschneiderte Mode entwerfen oder ein Designprojekt aufwerten m\u00f6chten, diese Pelzplatte bietet zeitlose Sch\u00f6nheit und authentische Eleganz.   <\/p>\n<\/div>\n<\/div>\n<\/div>\n<\/div>\n<\/div>\n<\/div>\n<\/div>\n<\/div>\n","protected":false},"excerpt":{"rendered":"<p>Erleben Sie die un\u00fcbertroffene Weichheit und den nat\u00fcrlichen Charme unseres Light Back Paw Sable Pelztellers. Dieses Pelzst\u00fcck aus hochwertigem russischen Zobel hat einen nat\u00fcrlich helleren Farbton mit eleganten Schattierungen und bietet einen raffinierten und organischen Look. Die Textur f\u00fchlt sich au\u00dfergew\u00f6hnlich seidig und glatt an und eignet sich perfekt f\u00fcr luxuri\u00f6se Schneidereien, Accessoires oder Interieur-Akzente. [&hellip;]<\/p>\n","protected":false},"featured_media":51375,"comment_status":"closed","ping_status":"closed","template":"","meta":{"_acf_changed":false},"product_brand":[],"product_cat":[1225],"product_tag":[],"class_list":{"0":"post-47413","1":"product","2":"type-product","3":"status-publish","4":"has-post-thumbnail","6":"product_cat-plates-de-2","8":"first","9":"instock","10":"purchasable","11":"product-type-simple"},"acf":{"backoffice_id":"","old_wordpress_id":12733},"_links":{"self":[{"href":"https:\/\/askiofashion.com\/de\/wp-json\/wp\/v2\/product\/47413","targetHints":{"allow":["GET"]}}],"collection":[{"href":"https:\/\/askiofashion.com\/de\/wp-json\/wp\/v2\/product"}],"about":[{"href":"https:\/\/askiofashion.com\/de\/wp-json\/wp\/v2\/types\/product"}],"replies":[{"embeddable":true,"href":"https:\/\/askiofashion.com\/de\/wp-json\/wp\/v2\/comments?post=47413"}],"wp:featuredmedia":[{"embeddable":true,"href":"https:\/\/askiofashion.com\/de\/wp-json\/wp\/v2\/media\/51375"}],"wp:attachment":[{"href":"https:\/\/askiofashion.com\/de\/wp-json\/wp\/v2\/media?parent=47413"}],"wp:term":[{"taxonomy":"product_brand","embeddable":true,"href":"https:\/\/askiofashion.com\/de\/wp-json\/wp\/v2\/product_brand?post=47413"},{"taxonomy":"product_cat","embeddable":true,"href":"https:\/\/askiofashion.com\/de\/wp-json\/wp\/v2\/product_cat?post=47413"},{"taxonomy":"product_tag","embeddable":true,"href":"https:\/\/askiofashion.com\/de\/wp-json\/wp\/v2\/product_tag?post=47413"}],"curies":[{"name":"wp","href":"https:\/\/api.w.org\/{rel}","templated":true}]}}