{"id":47405,"date":"2021-03-16T15:04:55","date_gmt":"2021-03-16T14:04:55","guid":{"rendered":"https:\/\/askiofashion.atsquare.gr\/produkt\/unkategorisiert\/moderner-nerzfell-pelzteppich-in-farben-weiss-braun-2\/"},"modified":"2025-08-07T16:28:29","modified_gmt":"2025-08-07T15:28:29","slug":"moderner-nerzfell-pelzteppich-in-farben-weiss-braun-2","status":"publish","type":"product","link":"https:\/\/askiofashion.com\/de\/product\/heim\/teppiche\/moderner-nerzfell-pelzteppich-in-farben-weiss-braun-2\/","title":{"rendered":"Hochwertiger Nerzfell-Teppich - Zeitloser Komfort trifft auf moderne \u00c4sthetik"},"content":{"rendered":"<div class=\"text-base my-auto mx-auto py-5 [--thread-content-margin:--spacing(4)] @[37rem]:[--thread-content-margin:--spacing(6)] @[72rem]:[--thread-content-margin:--spacing(16)] px-(--thread-content-margin)\">\n<div class=\"[--thread-content-max-width:32rem] @[34rem]:[--thread-content-max-width:40rem] @[64rem]:[--thread-content-max-width:48rem] mx-auto flex max-w-(--thread-content-max-width) flex-1 text-base gap-4 md:gap-5 lg:gap-6 group\/turn-messages focus-visible:outline-hidden\">\n<div class=\"group\/conversation-turn relative flex w-full min-w-0 flex-col agent-turn\">\n<div class=\"relative flex-col gap-1 md:gap-3\">\n<div class=\"flex max-w-full flex-col grow\">\n<div class=\"min-h-8 text-message relative flex w-full flex-col items-end gap-2 text-start break-words whitespace-normal [.text-message+&amp;]:mt-5\" dir=\"auto\" data-message-author-role=\"assistant\" data-message-id=\"81e2df8d-8088-44ed-a06f-c38416354e71\" data-message-model-slug=\"gpt-4o\">\n<div class=\"flex w-full flex-col gap-1 empty:hidden first:pt-[3px]\">\n<div class=\"markdown prose dark:prose-invert w-full break-words light\">\n<div class=\"text-base my-auto mx-auto py-5 [--thread-content-margin:--spacing(4)] @[37rem]:[--thread-content-margin:--spacing(6)] @[72rem]:[--thread-content-margin:--spacing(16)] px-(--thread-content-margin)\">\n<div class=\"[--thread-content-max-width:32rem] @[34rem]:[--thread-content-max-width:40rem] @[64rem]:[--thread-content-max-width:48rem] mx-auto flex max-w-(--thread-content-max-width) flex-1 text-base gap-4 md:gap-5 lg:gap-6 group\/turn-messages focus-visible:outline-hidden\">\n<div class=\"group\/conversation-turn relative flex w-full min-w-0 flex-col agent-turn\">\n<div class=\"relative flex-col gap-1 md:gap-3\">\n<div class=\"flex max-w-full flex-col grow\">\n<div class=\"min-h-8 text-message relative flex w-full flex-col items-end gap-2 text-start break-words whitespace-normal [.text-message+&amp;]:mt-5\" dir=\"auto\" data-message-author-role=\"assistant\" data-message-id=\"81e2df8d-8088-44ed-a06f-c38416354e71\" data-message-model-slug=\"gpt-4o\">\n<div class=\"flex w-full flex-col gap-1 empty:hidden first:pt-[3px]\">\n<div class=\"markdown prose dark:prose-invert w-full break-words light\">\n<p data-start=\"148\" data-end=\"454\">Definieren Sie luxuri\u00f6ses Wohnen neu mit dem Premium Mink Fur Throw Carpet<strong data-start=\"180\" data-end=\"255\"> -<\/strong> Timeless Comfort Meets Modern Aesthetic, einem raffinierten, aus 100% echtem Nerzpelz gefertigten Kunstwerk. Dieser au\u00dfergew\u00f6hnliche Teppich verbindet angenehme Weichheit mit raffiniertem Stil und ist damit die perfekte Erg\u00e4nzung f\u00fcr gehobene Innenr\u00e4ume. <\/p>\n<p data-start=\"456\" data-end=\"886\">Dieses fachm\u00e4nnisch entworfene St\u00fcck, das sowohl als dekorativer Fellteppich als auch als elegante Decke dienen kann, zeigt den unverwechselbaren Glanz und die seidige Textur von echtem Nerz. Die feine Handwerkskunst und die sorgf\u00e4ltige Verarbeitung sorgen f\u00fcr eine pl\u00fcschige, gleichm\u00e4\u00dfige Oberfl\u00e4che, die sich so luxuri\u00f6s anf\u00fchlt, wie sie aussieht. Ob am Fu\u00dfende Ihres Bettes, \u00fcber ein Sofa drapiert oder als Akzentteppich aus Pelz, er bietet W\u00e4rme, Komfort und eine unvergleichliche Haptik.  <\/p>\n<p data-start=\"888\" data-end=\"1117\">Der minimalistische und doch reiche Look passt zu moderner, zeitgen\u00f6ssischer und klassischer Design\u00e4sthetik. Dieser Teppich aus echtem Nerzfell ist ideal f\u00fcr alle, die eine hochwertige Einrichtung zu sch\u00e4tzen wissen. Er verleiht jedem Raum eine gem\u00fctliche Eleganz, die ihn aufwertet. <\/p>\n<p data-start=\"1119\" data-end=\"1342\">Bei AskioFashion verwenden wir nur 100% echten Pelz - niemals Kunstpelz -, um sicherzustellen, dass jedes St\u00fcck echte Qualit\u00e4t und Authentizit\u00e4t widerspiegelt. Der Premium Mink Fur Throw Carpet ist nicht nur eine Dekoration, sondern ein luxuri\u00f6ses Erlebnis im t\u00e4glichen Leben. <\/p>\n<\/div>\n<\/div>\n<\/div>\n<\/div>\n<\/div>\n<\/div>\n<\/div>\n<\/div>\n<\/div>\n<\/div>\n<\/div>\n<\/div>\n<\/div>\n<\/div>\n<\/div>\n<\/div>\n<p>&nbsp;<\/p>\n<p>&nbsp;<\/p>\n","protected":false},"excerpt":{"rendered":"<p>Definieren Sie luxuri\u00f6ses Wohnen neu mit dem Premium Mink Fur Throw Carpet - Timeless Comfort Meets Modern Aesthetic, einem raffinierten, aus 100% echtem Nerzpelz gefertigten Kunstwerk. Dieser au\u00dfergew\u00f6hnliche Teppich verbindet angenehme Weichheit mit raffiniertem Stil und ist damit die perfekte Erg\u00e4nzung f\u00fcr gehobene Innenr\u00e4ume. Dieses fachm\u00e4nnisch entworfene St\u00fcck, das sowohl als dekorativer Fellteppich als auch [&hellip;]<\/p>\n","protected":false},"featured_media":53711,"comment_status":"closed","ping_status":"closed","template":"","meta":{"_acf_changed":false},"product_brand":[],"product_cat":[1182,1184],"product_tag":[],"class_list":{"0":"post-47405","1":"product","2":"type-product","3":"status-publish","4":"has-post-thumbnail","6":"product_cat-heim","7":"product_cat-teppiche","9":"first","10":"instock","11":"purchasable","12":"product-type-simple"},"acf":{"backoffice_id":"","old_wordpress_id":6850},"_links":{"self":[{"href":"https:\/\/askiofashion.com\/de\/wp-json\/wp\/v2\/product\/47405","targetHints":{"allow":["GET"]}}],"collection":[{"href":"https:\/\/askiofashion.com\/de\/wp-json\/wp\/v2\/product"}],"about":[{"href":"https:\/\/askiofashion.com\/de\/wp-json\/wp\/v2\/types\/product"}],"replies":[{"embeddable":true,"href":"https:\/\/askiofashion.com\/de\/wp-json\/wp\/v2\/comments?post=47405"}],"wp:featuredmedia":[{"embeddable":true,"href":"https:\/\/askiofashion.com\/de\/wp-json\/wp\/v2\/media\/53711"}],"wp:attachment":[{"href":"https:\/\/askiofashion.com\/de\/wp-json\/wp\/v2\/media?parent=47405"}],"wp:term":[{"taxonomy":"product_brand","embeddable":true,"href":"https:\/\/askiofashion.com\/de\/wp-json\/wp\/v2\/product_brand?post=47405"},{"taxonomy":"product_cat","embeddable":true,"href":"https:\/\/askiofashion.com\/de\/wp-json\/wp\/v2\/product_cat?post=47405"},{"taxonomy":"product_tag","embeddable":true,"href":"https:\/\/askiofashion.com\/de\/wp-json\/wp\/v2\/product_tag?post=47405"}],"curies":[{"name":"wp","href":"https:\/\/api.w.org\/{rel}","templated":true}]}}