{"id":47404,"date":"2021-02-04T21:26:56","date_gmt":"2021-02-04T20:26:56","guid":{"rendered":"https:\/\/askiofashion.atsquare.gr\/produkt\/unkategorisiert\/silberfuchs-pelzteppich-2\/"},"modified":"2025-08-07T16:28:27","modified_gmt":"2025-08-07T15:28:27","slug":"silberfuchs-pelzteppich-2","status":"publish","type":"product","link":"https:\/\/askiofashion.com\/de\/product\/heim\/teppiche-de\/silberfuchs-pelzteppich-2\/","title":{"rendered":"Premium Silberfuchs Fellteppich - Pl\u00fcsch, wild und raffiniert"},"content":{"rendered":"<div class=\"text-base my-auto mx-auto py-5 [--thread-content-margin:--spacing(4)] @[37rem]:[--thread-content-margin:--spacing(6)] @[72rem]:[--thread-content-margin:--spacing(16)] px-(--thread-content-margin)\">\n<div class=\"[--thread-content-max-width:32rem] @[34rem]:[--thread-content-max-width:40rem] @[64rem]:[--thread-content-max-width:48rem] mx-auto flex max-w-(--thread-content-max-width) flex-1 text-base gap-4 md:gap-5 lg:gap-6 group\/turn-messages focus-visible:outline-hidden\">\n<div class=\"group\/conversation-turn relative flex w-full min-w-0 flex-col agent-turn\">\n<div class=\"relative flex-col gap-1 md:gap-3\">\n<div class=\"flex max-w-full flex-col grow\">\n<div class=\"min-h-8 text-message relative flex w-full flex-col items-end gap-2 text-start break-words whitespace-normal [.text-message+&amp;]:mt-5\" dir=\"auto\" data-message-author-role=\"assistant\" data-message-id=\"37b62927-5481-4050-8449-1cda26edc3a1\" data-message-model-slug=\"gpt-4o\">\n<div class=\"flex w-full flex-col gap-1 empty:hidden first:pt-[3px]\">\n<div class=\"markdown prose dark:prose-invert w-full break-words light\">\n<p data-start=\"133\" data-end=\"423\">Bringen Sie einen Hauch von ungez\u00e4hmtem Luxus in Ihr Zuhause mit dem Premium Silberfuchsfellteppich<strong data-start=\"190\" data-end=\"250\"> -<\/strong> Pl\u00fcsch, wild und raffiniert. Gefertigt aus 100% echtem Silberfuchsfell, bietet dieser Teppich unvergleichliche Weichheit, visuelle Dramatik und W\u00e4rme und ist damit die ultimative Erg\u00e4nzung f\u00fcr gehobene Innenr\u00e4ume. <\/p>\n<p data-start=\"425\" data-end=\"764\">Jeder Teppich wird aus sorgf\u00e4ltig ausgew\u00e4hlten Silberfuchsfellen handgefertigt, die f\u00fcr ihre langen, seidigen Schutzhaare und ihre atemberaubende nat\u00fcrliche F\u00e4rbung gesch\u00e4tzt werden - eine Mischung aus silbrigen Graut\u00f6nen, tiefem Anthrazit und markanten wei\u00dfen Spitzen. Dieser Fellteppich verbindet m\u00fchelos pl\u00fcschigen Komfort mit raffinierter, wilder Sch\u00f6nheit und eignet sich perfekt f\u00fcr Wohnzimmer, Schlafzimmer oder private Lounges. <\/p>\n<p data-start=\"766\" data-end=\"1003\">Das hochwertige Silberfuchsfell ist nicht nur optisch ansprechend, sondern auch nat\u00fcrlich isolierend und bietet sowohl Stil als auch Funktionalit\u00e4t. Seine gro\u00dfz\u00fcgige Textur verleiht minimalistischen R\u00e4umen Tiefe und Luxus oder erg\u00e4nzt reichhaltig geschichtete Interieurs. <\/p>\n<p data-start=\"1005\" data-end=\"1295\">Wir von AskioFashion verwenden nur 100% echten Pelz - niemals Kunstpelz - und stellen damit sicher, dass jedes St\u00fcck den h\u00f6chsten Standards f\u00fcr Authentizit\u00e4t und Handwerkskunst entspricht. Der Premium Silver Fox Fur Carpet ist nicht einfach nur ein Teppich - er ist ein Kunstwerk, das jeden Boden in einen eleganten und genussvollen Mittelpunkt verwandelt. <\/p>\n<\/div>\n<\/div>\n<\/div>\n<\/div>\n<\/div>\n<\/div>\n<\/div>\n<\/div>\n<p>&nbsp;<\/p>\n<p>&nbsp;<\/p>\n","protected":false},"excerpt":{"rendered":"<p>Bringen Sie einen Hauch von ungez\u00e4hmtem Luxus in Ihr Zuhause mit dem Premium Silberfuchsfellteppich - Pl\u00fcsch, wild und raffiniert. Gefertigt aus 100% echtem Silberfuchsfell, bietet dieser Teppich unvergleichliche Weichheit, visuelle Dramatik und W\u00e4rme und ist damit die ultimative Erg\u00e4nzung f\u00fcr gehobene Innenr\u00e4ume. Jeder Teppich wird aus sorgf\u00e4ltig ausgew\u00e4hlten Silberfuchsfellen handgefertigt, die f\u00fcr ihre langen, seidigen [&hellip;]<\/p>\n","protected":false},"featured_media":53737,"comment_status":"closed","ping_status":"closed","template":"","meta":{"_acf_changed":false},"product_brand":[],"product_cat":[1182,1185],"product_tag":[],"class_list":{"0":"post-47404","1":"product","2":"type-product","3":"status-publish","4":"has-post-thumbnail","6":"product_cat-heim","7":"product_cat-teppiche-de","9":"first","10":"instock","11":"purchasable","12":"product-type-simple"},"acf":{"backoffice_id":"","old_wordpress_id":6708},"_links":{"self":[{"href":"https:\/\/askiofashion.com\/de\/wp-json\/wp\/v2\/product\/47404","targetHints":{"allow":["GET"]}}],"collection":[{"href":"https:\/\/askiofashion.com\/de\/wp-json\/wp\/v2\/product"}],"about":[{"href":"https:\/\/askiofashion.com\/de\/wp-json\/wp\/v2\/types\/product"}],"replies":[{"embeddable":true,"href":"https:\/\/askiofashion.com\/de\/wp-json\/wp\/v2\/comments?post=47404"}],"wp:featuredmedia":[{"embeddable":true,"href":"https:\/\/askiofashion.com\/de\/wp-json\/wp\/v2\/media\/53737"}],"wp:attachment":[{"href":"https:\/\/askiofashion.com\/de\/wp-json\/wp\/v2\/media?parent=47404"}],"wp:term":[{"taxonomy":"product_brand","embeddable":true,"href":"https:\/\/askiofashion.com\/de\/wp-json\/wp\/v2\/product_brand?post=47404"},{"taxonomy":"product_cat","embeddable":true,"href":"https:\/\/askiofashion.com\/de\/wp-json\/wp\/v2\/product_cat?post=47404"},{"taxonomy":"product_tag","embeddable":true,"href":"https:\/\/askiofashion.com\/de\/wp-json\/wp\/v2\/product_tag?post=47404"}],"curies":[{"name":"wp","href":"https:\/\/api.w.org\/{rel}","templated":true}]}}