{"id":47403,"date":"2021-01-27T14:29:33","date_gmt":"2021-01-27T13:29:33","guid":{"rendered":"https:\/\/askiofashion.atsquare.gr\/produkt\/unkategorisiert\/iltis-pelzdecke-in-natur-farben-2\/"},"modified":"2025-08-07T16:28:21","modified_gmt":"2025-08-07T15:28:21","slug":"iltis-pelzdecke-in-natur-farben-2","status":"publish","type":"product","link":"https:\/\/askiofashion.com\/de\/product\/heim\/decken\/iltis-pelzdecke-in-natur-farben-2\/","title":{"rendered":"Luxuri\u00f6se Iltis Felldecke - Ultimative W\u00e4rme &amp; Eleganz"},"content":{"rendered":"<div class=\"text-base my-auto mx-auto py-5 [--thread-content-margin:--spacing(4)] @[37rem]:[--thread-content-margin:--spacing(6)] @[72rem]:[--thread-content-margin:--spacing(16)] px-(--thread-content-margin)\">\n<div class=\"[--thread-content-max-width:32rem] @[34rem]:[--thread-content-max-width:40rem] @[64rem]:[--thread-content-max-width:48rem] mx-auto flex max-w-(--thread-content-max-width) flex-1 text-base gap-4 md:gap-5 lg:gap-6 group\/turn-messages focus-visible:outline-hidden\">\n<div class=\"group\/conversation-turn relative flex w-full min-w-0 flex-col agent-turn\">\n<div class=\"relative flex-col gap-1 md:gap-3\">\n<div class=\"flex max-w-full flex-col grow\">\n<div class=\"min-h-8 text-message relative flex w-full flex-col items-end gap-2 text-start break-words whitespace-normal [.text-message+&amp;]:mt-5\" dir=\"auto\" data-message-author-role=\"assistant\" data-message-id=\"f03303d5-51ee-464f-bd3f-29cc1e47f937\" data-message-model-slug=\"gpt-4-1-mini\">\n<div class=\"flex w-full flex-col gap-1 empty:hidden first:pt-[3px]\">\n<div class=\"markdown prose dark:prose-invert w-full break-words light\">\n<p data-start=\"139\" data-end=\"514\">Erleben Sie unvergleichlichen Komfort und Raffinesse mit der Luxurious Iltis Fur Throw Blanket<strong data-start=\"199\" data-end=\"265\"> -<\/strong> Ultimate Warmth &amp; Elegance, die fachm\u00e4nnisch aus 100% echtem Itis-Pelz gefertigt wurde. Iltis-Pelz ist bekannt f\u00fcr seine dichte, weiche Textur und seinen nat\u00fcrlichen Glanz. Er bietet eine exquisite Kombination aus W\u00e4rme und raffinierter Sch\u00f6nheit und macht diese Decke zu einem Muss f\u00fcr alle, die wahren Luxus zu sch\u00e4tzen wissen. <\/p>\n<p data-start=\"516\" data-end=\"788\">Dieser elegante Pelz\u00fcberwurf ist perfekt, um Ihr Wohnzimmer, Schlafzimmer oder Arbeitszimmer mit einer kuscheligen und zugleich stilvollen Schicht zu versehen. Sein pl\u00fcschiger Griff und sein geringes Gewicht sorgen f\u00fcr eine au\u00dfergew\u00f6hnliche Isolierung, ohne zu \u00fcberladen. Damit ist er ideal f\u00fcr k\u00fchle Abende oder um Ihrer Einrichtung einen Hauch von Glamour zu verleihen. <\/p>\n<p data-start=\"790\" data-end=\"1064\">Die mit viel Liebe zum Detail gefertigte Iltis Pelzdecke zeichnet sich durch eine reiche Textur und nat\u00fcrliche Farbvariationen aus, die die einzigartige Sch\u00f6nheit von echtem Pelz hervorheben. Ob \u00fcber ein Sofa drapiert oder um Sie gewickelt, sie bietet sowohl Komfort als auch zeitlose Eleganz. <\/p>\n<p data-start=\"1066\" data-end=\"1316\">Wir von AskioFashion garantieren 100% echten Pelz - niemals Kunstpelz - und stellen damit sicher, dass jedes St\u00fcck die h\u00f6chsten Standards an Qualit\u00e4t und Handwerkskunst widerspiegelt. Versch\u00f6nern Sie Ihr Zuhause mit der unvergleichlichen W\u00e4rme und dem Stil der luxuri\u00f6sen Iltis Pelz-Wurfdecke. <\/p>\n<\/div>\n<\/div>\n<\/div>\n<\/div>\n<\/div>\n<\/div>\n<\/div>\n<\/div>\n<p>&nbsp;<\/p>\n","protected":false},"excerpt":{"rendered":"<p>Erleben Sie unvergleichlichen Komfort und Raffinesse mit der Luxurious Iltis Fur Throw Blanket - Ultimate Warmth &amp; Elegance, die fachm\u00e4nnisch aus 100% echtem Itis-Pelz gefertigt wurde. Iltis-Pelz ist bekannt f\u00fcr seine dichte, weiche Textur und seinen nat\u00fcrlichen Glanz. Er bietet eine exquisite Kombination aus W\u00e4rme und raffinierter Sch\u00f6nheit und macht diese Decke zu einem Muss [&hellip;]<\/p>\n","protected":false},"featured_media":53745,"comment_status":"closed","ping_status":"closed","template":"","meta":{"_acf_changed":false},"product_brand":[],"product_cat":[1183,1182],"product_tag":[],"class_list":{"0":"post-47403","1":"product","2":"type-product","3":"status-publish","4":"has-post-thumbnail","6":"product_cat-decken","7":"product_cat-heim","9":"first","10":"instock","11":"purchasable","12":"product-type-simple"},"acf":{"backoffice_id":"","old_wordpress_id":6244},"_links":{"self":[{"href":"https:\/\/askiofashion.com\/de\/wp-json\/wp\/v2\/product\/47403","targetHints":{"allow":["GET"]}}],"collection":[{"href":"https:\/\/askiofashion.com\/de\/wp-json\/wp\/v2\/product"}],"about":[{"href":"https:\/\/askiofashion.com\/de\/wp-json\/wp\/v2\/types\/product"}],"replies":[{"embeddable":true,"href":"https:\/\/askiofashion.com\/de\/wp-json\/wp\/v2\/comments?post=47403"}],"wp:featuredmedia":[{"embeddable":true,"href":"https:\/\/askiofashion.com\/de\/wp-json\/wp\/v2\/media\/53745"}],"wp:attachment":[{"href":"https:\/\/askiofashion.com\/de\/wp-json\/wp\/v2\/media?parent=47403"}],"wp:term":[{"taxonomy":"product_brand","embeddable":true,"href":"https:\/\/askiofashion.com\/de\/wp-json\/wp\/v2\/product_brand?post=47403"},{"taxonomy":"product_cat","embeddable":true,"href":"https:\/\/askiofashion.com\/de\/wp-json\/wp\/v2\/product_cat?post=47403"},{"taxonomy":"product_tag","embeddable":true,"href":"https:\/\/askiofashion.com\/de\/wp-json\/wp\/v2\/product_tag?post=47403"}],"curies":[{"name":"wp","href":"https:\/\/api.w.org\/{rel}","templated":true}]}}