{"id":47402,"date":"2021-01-26T20:27:16","date_gmt":"2021-01-26T19:27:16","guid":{"rendered":"https:\/\/askiofashion.atsquare.gr\/produkt\/unkategorisiert\/crystal-blau-frostfuchs-pelzteppich-2\/"},"modified":"2025-08-07T16:28:29","modified_gmt":"2025-08-07T15:28:29","slug":"crystal-blau-frostfuchs-pelzteppich-2","status":"publish","type":"product","link":"https:\/\/askiofashion.com\/de\/product\/heim\/teppiche\/crystal-blau-frostfuchs-pelzteppich-2\/","title":{"rendered":"Premium Echtkristall-Fuchsfell-Wurfteppich - Pl\u00fcsch &amp; Strahlend"},"content":{"rendered":"<div class=\"text-base my-auto mx-auto py-5 [--thread-content-margin:--spacing(4)] @[37rem]:[--thread-content-margin:--spacing(6)] @[72rem]:[--thread-content-margin:--spacing(16)] px-(--thread-content-margin)\">\n<div class=\"[--thread-content-max-width:32rem] @[34rem]:[--thread-content-max-width:40rem] @[64rem]:[--thread-content-max-width:48rem] mx-auto flex max-w-(--thread-content-max-width) flex-1 text-base gap-4 md:gap-5 lg:gap-6 group\/turn-messages focus-visible:outline-hidden\">\n<div class=\"group\/conversation-turn relative flex w-full min-w-0 flex-col agent-turn\">\n<div class=\"relative flex-col gap-1 md:gap-3\">\n<div class=\"flex max-w-full flex-col grow\">\n<div class=\"min-h-8 text-message relative flex w-full flex-col items-end gap-2 text-start break-words whitespace-normal [.text-message+&amp;]:mt-5\" dir=\"auto\" data-message-author-role=\"assistant\" data-message-id=\"4da80708-f6d4-4e05-b32c-4d45cae89ed2\" data-message-model-slug=\"gpt-4-1-mini\">\n<div class=\"flex w-full flex-col gap-1 empty:hidden first:pt-[3px]\">\n<div class=\"markdown prose dark:prose-invert w-full break-words light\">\n<p data-start=\"136\" data-end=\"462\">Verwandeln Sie Ihren Wohnbereich mit dem Premium Real Crystal Fox Fur Throw Carpet<strong data-start=\"173\" data-end=\"236\"> -<\/strong> Plush &amp; Radiant, einem luxuri\u00f6sen St\u00fcck aus <strong data-start=\"276\" data-end=\"308\">100% echtem<\/strong> Kristallfuchsfell. Kristallfuchsfell ist bekannt f\u00fcr seinen atemberaubenden silbrig-wei\u00dfen Farbton und seine seidige Textur. Es verleiht Eleganz und W\u00e4rme und wertet jede Einrichtung mit nat\u00fcrlicher Sch\u00f6nheit auf. <\/p>\n<p data-start=\"464\" data-end=\"759\">Dieser Pelzteppich wurde in fachm\u00e4nnischer Handarbeit aus sorgf\u00e4ltig ausgew\u00e4hlten Fellen hergestellt und bietet eine pl\u00fcschige, strahlende Oberfl\u00e4che, die sich unter Ihren F\u00fc\u00dfen unglaublich weich anf\u00fchlt. Die schimmernden Fellfasern reflektieren das Licht wundersch\u00f6n und verleihen Ihrem Dekor Tiefe und Raffinesse, w\u00e4hrend sie gleichzeitig eine nat\u00fcrliche Isolierung f\u00fcr gem\u00fctlichen Komfort bieten. <\/p>\n<p data-start=\"761\" data-end=\"1034\">Der kristallene Fuchspelzteppich eignet sich perfekt f\u00fcr Wohnzimmer, Schlafzimmer oder elegante Lounges und passt sowohl zu modernen als auch zu klassischen Einrichtungen. Seine neutralen T\u00f6ne f\u00fcgen sich nahtlos in eine Vielzahl von Farbschemata ein und machen ihn zu einer vielseitigen und zeitlosen Erg\u00e4nzung f\u00fcr Ihr Zuhause. <\/p>\n<p data-start=\"1036\" data-end=\"1330\">Wir bei AskioFashion sind stolz auf unsere Authentizit\u00e4t - wir verwenden nur 100% echten Pelz, niemals Kunstpelz - und stellen damit sicher, dass jedes Produkt den h\u00f6chsten Qualit\u00e4ts- und Handwerksstandards entspricht. Der Premium Real Crystal Fox Fur Throw Carpet ist nicht einfach nur ein Teppich, er ist eine Investition in Luxus, Stil und dauerhaften Komfort. <\/p>\n<\/div>\n<\/div>\n<\/div>\n<\/div>\n<\/div>\n<\/div>\n<\/div>\n<\/div>\n<p>&nbsp;<\/p>\n","protected":false},"excerpt":{"rendered":"<p>Verwandeln Sie Ihren Wohnbereich mit dem Premium Real Crystal Fox Fur Throw Carpet - Plush &amp; Radiant, einem luxuri\u00f6sen St\u00fcck aus 100% echtem Kristallfuchsfell. Kristallfuchsfell ist bekannt f\u00fcr seinen atemberaubenden silbrig-wei\u00dfen Farbton und seine seidige Textur. Es verleiht Eleganz und W\u00e4rme und wertet jede Einrichtung mit nat\u00fcrlicher Sch\u00f6nheit auf. Dieser Pelzteppich wurde in fachm\u00e4nnischer Handarbeit [&hellip;]<\/p>\n","protected":false},"featured_media":53759,"comment_status":"closed","ping_status":"closed","template":"","meta":{"_acf_changed":false},"product_brand":[],"product_cat":[1182,1184],"product_tag":[],"class_list":{"0":"post-47402","1":"product","2":"type-product","3":"status-publish","4":"has-post-thumbnail","6":"product_cat-heim","7":"product_cat-teppiche","9":"first","10":"instock","11":"purchasable","12":"product-type-simple"},"acf":{"backoffice_id":"","old_wordpress_id":6229},"_links":{"self":[{"href":"https:\/\/askiofashion.com\/de\/wp-json\/wp\/v2\/product\/47402","targetHints":{"allow":["GET"]}}],"collection":[{"href":"https:\/\/askiofashion.com\/de\/wp-json\/wp\/v2\/product"}],"about":[{"href":"https:\/\/askiofashion.com\/de\/wp-json\/wp\/v2\/types\/product"}],"replies":[{"embeddable":true,"href":"https:\/\/askiofashion.com\/de\/wp-json\/wp\/v2\/comments?post=47402"}],"wp:featuredmedia":[{"embeddable":true,"href":"https:\/\/askiofashion.com\/de\/wp-json\/wp\/v2\/media\/53759"}],"wp:attachment":[{"href":"https:\/\/askiofashion.com\/de\/wp-json\/wp\/v2\/media?parent=47402"}],"wp:term":[{"taxonomy":"product_brand","embeddable":true,"href":"https:\/\/askiofashion.com\/de\/wp-json\/wp\/v2\/product_brand?post=47402"},{"taxonomy":"product_cat","embeddable":true,"href":"https:\/\/askiofashion.com\/de\/wp-json\/wp\/v2\/product_cat?post=47402"},{"taxonomy":"product_tag","embeddable":true,"href":"https:\/\/askiofashion.com\/de\/wp-json\/wp\/v2\/product_tag?post=47402"}],"curies":[{"name":"wp","href":"https:\/\/api.w.org\/{rel}","templated":true}]}}