{"id":47401,"date":"2021-01-19T21:34:14","date_gmt":"2021-01-19T20:34:14","guid":{"rendered":"https:\/\/askiofashion.atsquare.gr\/produkt\/unkategorisiert\/russische-zobel-pelzteppich-2\/"},"modified":"2025-08-07T16:28:21","modified_gmt":"2025-08-07T15:28:21","slug":"russische-zobel-pelzteppich-2","status":"publish","type":"product","link":"https:\/\/askiofashion.com\/de\/product\/heim\/teppiche-de\/russische-zobel-pelzteppich-2\/","title":{"rendered":"Eleganter Teppich aus echtem Zobelpelz - Pl\u00fcschige Weichheit mit nat\u00fcrlicher Sch\u00f6nheit"},"content":{"rendered":"<div class=\"text-base my-auto mx-auto py-5 [--thread-content-margin:--spacing(4)] @[37rem]:[--thread-content-margin:--spacing(6)] @[72rem]:[--thread-content-margin:--spacing(16)] px-(--thread-content-margin)\">\n<div class=\"[--thread-content-max-width:32rem] @[34rem]:[--thread-content-max-width:40rem] @[64rem]:[--thread-content-max-width:48rem] mx-auto flex max-w-(--thread-content-max-width) flex-1 text-base gap-4 md:gap-5 lg:gap-6 group\/turn-messages focus-visible:outline-hidden\">\n<div class=\"group\/conversation-turn relative flex w-full min-w-0 flex-col agent-turn\">\n<div class=\"relative flex-col gap-1 md:gap-3\">\n<div class=\"flex max-w-full flex-col grow\">\n<div class=\"min-h-8 text-message relative flex w-full flex-col items-end gap-2 text-start break-words whitespace-normal [.text-message+&amp;]:mt-5\" dir=\"auto\" data-message-author-role=\"assistant\" data-message-id=\"04be9797-eb75-48db-99b4-f334eebf42ad\" data-message-model-slug=\"gpt-4-1-mini\">\n<div class=\"flex w-full flex-col gap-1 empty:hidden first:pt-[3px]\">\n<div class=\"markdown prose dark:prose-invert w-full break-words light\">\n<p data-start=\"140\" data-end=\"495\">Versch\u00f6nern Sie Ihr Zuhause mit dem Elegant Real Sable Fur Rug<strong data-start=\"178\" data-end=\"245\"> -<\/strong> Pl\u00fcschige Weichheit mit nat\u00fcrlicher Sch\u00f6nheit, hergestellt aus 100% echtem Zobelpelz, der f\u00fcr seine unvergleichliche Weichheit und seine satten, nat\u00fcrlichen Farbt\u00f6ne bekannt ist. Dieser luxuri\u00f6se Teppich verbindet exquisite Handwerkskunst mit der zeitlosen Sch\u00f6nheit von echtem Zobel, was ihn zu einer eleganten Erg\u00e4nzung f\u00fcr jeden Raum macht. <\/p>\n<p data-start=\"497\" data-end=\"855\">Dieser aus sorgf\u00e4ltig ausgew\u00e4hlten Zobelfellen handgefertigte Teppich hat eine dichte, samtige Textur, die sich unter den F\u00fc\u00dfen unglaublich pl\u00fcschig anf\u00fchlt und W\u00e4rme und Komfort bietet. Seine nat\u00fcrlichen Farbvariationen - von tiefem Schokoladenbraun bis hin zu helleren Goldt\u00f6nen - sorgen f\u00fcr einen fesselnden visuellen Reiz, der eine breite Palette von Einrichtungsstilen erg\u00e4nzt, von klassisch bis modern. <\/p>\n<p data-start=\"857\" data-end=\"1050\">Der Zobelpelzteppich ist ideal f\u00fcr Wohn- und Schlafzimmer oder gem\u00fctliche Leseecken. Er wertet nicht nur Ihre Einrichtung auf, sondern sorgt auch f\u00fcr eine nat\u00fcrliche Isolierung Ihres Raums, was den Komfort in k\u00fchleren Jahreszeiten erh\u00f6ht.<\/p>\n<p data-start=\"1052\" data-end=\"1326\">Bei AskioFashion stellen wir sicher, dass jedes St\u00fcck zu 100% aus echtem Pelz - und niemals aus Kunstpelz - hergestellt wird, um Authentizit\u00e4t und h\u00f6chste Qualit\u00e4t zu garantieren. Der elegante Echte Zobelpelz-Teppich ist mehr als ein Bodenbelag; er ist ein luxuri\u00f6ses Statement von nat\u00fcrlicher Eleganz und dauerhafter Handwerkskunst. <\/p>\n<\/div>\n<\/div>\n<\/div>\n<\/div>\n<\/div>\n<\/div>\n<\/div>\n<\/div>\n<p>&nbsp;<\/p>\n<p>&nbsp;<\/p>\n","protected":false},"excerpt":{"rendered":"<p>Versch\u00f6nern Sie Ihr Zuhause mit dem Elegant Real Sable Fur Rug - Pl\u00fcschige Weichheit mit nat\u00fcrlicher Sch\u00f6nheit, hergestellt aus 100% echtem Zobelpelz, der f\u00fcr seine unvergleichliche Weichheit und seine satten, nat\u00fcrlichen Farbt\u00f6ne bekannt ist. Dieser luxuri\u00f6se Teppich verbindet exquisite Handwerkskunst mit der zeitlosen Sch\u00f6nheit von echtem Zobel, was ihn zu einer eleganten Erg\u00e4nzung f\u00fcr jeden [&hellip;]<\/p>\n","protected":false},"featured_media":53763,"comment_status":"closed","ping_status":"closed","template":"","meta":{"_acf_changed":false},"product_brand":[],"product_cat":[1182,1185],"product_tag":[],"class_list":{"0":"post-47401","1":"product","2":"type-product","3":"status-publish","4":"has-post-thumbnail","6":"product_cat-heim","7":"product_cat-teppiche-de","9":"first","10":"instock","11":"purchasable","12":"product-type-simple"},"acf":{"backoffice_id":"","old_wordpress_id":6016},"_links":{"self":[{"href":"https:\/\/askiofashion.com\/de\/wp-json\/wp\/v2\/product\/47401","targetHints":{"allow":["GET"]}}],"collection":[{"href":"https:\/\/askiofashion.com\/de\/wp-json\/wp\/v2\/product"}],"about":[{"href":"https:\/\/askiofashion.com\/de\/wp-json\/wp\/v2\/types\/product"}],"replies":[{"embeddable":true,"href":"https:\/\/askiofashion.com\/de\/wp-json\/wp\/v2\/comments?post=47401"}],"wp:featuredmedia":[{"embeddable":true,"href":"https:\/\/askiofashion.com\/de\/wp-json\/wp\/v2\/media\/53763"}],"wp:attachment":[{"href":"https:\/\/askiofashion.com\/de\/wp-json\/wp\/v2\/media?parent=47401"}],"wp:term":[{"taxonomy":"product_brand","embeddable":true,"href":"https:\/\/askiofashion.com\/de\/wp-json\/wp\/v2\/product_brand?post=47401"},{"taxonomy":"product_cat","embeddable":true,"href":"https:\/\/askiofashion.com\/de\/wp-json\/wp\/v2\/product_cat?post=47401"},{"taxonomy":"product_tag","embeddable":true,"href":"https:\/\/askiofashion.com\/de\/wp-json\/wp\/v2\/product_tag?post=47401"}],"curies":[{"name":"wp","href":"https:\/\/api.w.org\/{rel}","templated":true}]}}