{"id":47400,"date":"2021-01-17T15:04:24","date_gmt":"2021-01-17T14:04:24","guid":{"rendered":"https:\/\/askiofashion.atsquare.gr\/produkt\/unkategorisiert\/kanadische-rotfuchsteppich-in-naturfarben-2\/"},"modified":"2025-08-07T16:31:08","modified_gmt":"2025-08-07T15:31:08","slug":"kanadische-rotfuchsteppich-in-naturfarben-2","status":"publish","type":"product","link":"https:\/\/askiofashion.com\/de\/product\/heim\/teppiche\/kanadische-rotfuchsteppich-in-naturfarben-2\/","title":{"rendered":"Authentischer kanadischer Rotfuchsfellteppich - kr\u00e4ftige Farbe, ultimativer Komfort"},"content":{"rendered":"<p data-start=\"142\" data-end=\"457\">Bringen Sie lebendige Eleganz und un\u00fcbertroffenen Komfort in Ihren Wohnbereich mit dem Authentic Canadian Red Fox Fur Rug<strong data-start=\"217\" data-end=\"286\"> -<\/strong> Bold Color, Ultimate Comfort. Dieser luxuri\u00f6se Teppich aus 100% echtem kanadischem Rotfuchsfell wird f\u00fcr seine satten, feurigen Farben und seine weiche, dichte Textur gesch\u00e4tzt, die jedem Raum W\u00e4rme und Stil verleiht. <\/p>\n<p data-start=\"459\" data-end=\"768\">Der aus sorgf\u00e4ltig ausgew\u00e4hlten Fellen handgefertigte Teppich zeigt die nat\u00fcrliche, lebhafte F\u00e4rbung des ikonischen Rotfuchses, die von tiefen Rott\u00f6nen bis hin zu subtilen Oranget\u00f6nen reicht und durch weiches Unterfell f\u00fcr ein pl\u00fcschiges Gef\u00fchl akzentuiert wird. Dieser authentische Fellteppich ist der perfekte Blickfang f\u00fcr Wohnzimmer, Schlafzimmer oder gem\u00fctliche Lounges. <\/p>\n<p data-start=\"770\" data-end=\"1000\">Der kanadische Rotfuchsfellteppich bietet nicht nur eine atemberaubende \u00c4sthetik, sondern auch eine nat\u00fcrliche Isolierung, die in den k\u00e4lteren Jahreszeiten kuschelige W\u00e4rme spendet und dabei atmungsaktiv bleibt. Seine strapazierf\u00e4hige Konstruktion sorgt f\u00fcr lang anhaltende Sch\u00f6nheit und Komfort. <\/p>\n<p data-start=\"1002\" data-end=\"1328\">Wir bei AskioFashion sind stolz darauf, dass wir nur 100% echten Pelz verwenden - niemals Kunstpelz - und so die erstklassige Qualit\u00e4t und Authentizit\u00e4t jedes St\u00fccks gew\u00e4hrleisten. Der Authentic Canadian Red Fox Fur Rug ist nicht nur ein Bodenbelag, sondern ein Ausdruck von nat\u00fcrlichem Luxus und zeitloser Handwerkskunst, der Ihre Einrichtung mit kr\u00e4ftigen Farben und Weichheit aufwertet. <\/p>\n<p>&nbsp;<\/p>\n","protected":false},"excerpt":{"rendered":"<p>Bringen Sie lebendige Eleganz und un\u00fcbertroffenen Komfort in Ihren Wohnbereich mit dem Authentic Canadian Red Fox Fur Rug - Bold Color, Ultimate Comfort. Dieser luxuri\u00f6se Teppich aus 100% echtem kanadischem Rotfuchsfell wird f\u00fcr seine satten, feurigen Farben und seine weiche, dichte Textur gesch\u00e4tzt, die jedem Raum W\u00e4rme und Stil verleiht. Der aus sorgf\u00e4ltig ausgew\u00e4hlten Fellen [&hellip;]<\/p>\n","protected":false},"featured_media":53767,"comment_status":"closed","ping_status":"closed","template":"","meta":{"_acf_changed":false},"product_brand":[],"product_cat":[1182,1184],"product_tag":[],"class_list":{"0":"post-47400","1":"product","2":"type-product","3":"status-publish","4":"has-post-thumbnail","6":"product_cat-heim","7":"product_cat-teppiche","9":"first","10":"instock","11":"purchasable","12":"product-type-simple"},"acf":{"backoffice_id":"","old_wordpress_id":6006},"_links":{"self":[{"href":"https:\/\/askiofashion.com\/de\/wp-json\/wp\/v2\/product\/47400","targetHints":{"allow":["GET"]}}],"collection":[{"href":"https:\/\/askiofashion.com\/de\/wp-json\/wp\/v2\/product"}],"about":[{"href":"https:\/\/askiofashion.com\/de\/wp-json\/wp\/v2\/types\/product"}],"replies":[{"embeddable":true,"href":"https:\/\/askiofashion.com\/de\/wp-json\/wp\/v2\/comments?post=47400"}],"wp:featuredmedia":[{"embeddable":true,"href":"https:\/\/askiofashion.com\/de\/wp-json\/wp\/v2\/media\/53767"}],"wp:attachment":[{"href":"https:\/\/askiofashion.com\/de\/wp-json\/wp\/v2\/media?parent=47400"}],"wp:term":[{"taxonomy":"product_brand","embeddable":true,"href":"https:\/\/askiofashion.com\/de\/wp-json\/wp\/v2\/product_brand?post=47400"},{"taxonomy":"product_cat","embeddable":true,"href":"https:\/\/askiofashion.com\/de\/wp-json\/wp\/v2\/product_cat?post=47400"},{"taxonomy":"product_tag","embeddable":true,"href":"https:\/\/askiofashion.com\/de\/wp-json\/wp\/v2\/product_tag?post=47400"}],"curies":[{"name":"wp","href":"https:\/\/api.w.org\/{rel}","templated":true}]}}