{"id":47399,"date":"2021-01-16T17:13:11","date_gmt":"2021-01-16T16:13:11","guid":{"rendered":"https:\/\/askiofashion.atsquare.gr\/produkt\/unkategorisiert\/crystal-fuchs-pelzdecke-6\/"},"modified":"2025-08-07T16:31:08","modified_gmt":"2025-08-07T15:31:08","slug":"crystal-fuchs-pelzdecke-6","status":"publish","type":"product","link":"https:\/\/askiofashion.com\/de\/product\/heim\/decken\/crystal-fuchs-pelzdecke-6\/","title":{"rendered":"Exquisite Kristall-Fuchsfell-Decke - Weich, elegant &amp; echt"},"content":{"rendered":"<div class=\"text-base my-auto mx-auto py-5 [--thread-content-margin:--spacing(4)] @[37rem]:[--thread-content-margin:--spacing(6)] @[72rem]:[--thread-content-margin:--spacing(16)] px-(--thread-content-margin)\">\n<div class=\"[--thread-content-max-width:32rem] @[34rem]:[--thread-content-max-width:40rem] @[64rem]:[--thread-content-max-width:48rem] mx-auto flex max-w-(--thread-content-max-width) flex-1 text-base gap-4 md:gap-5 lg:gap-6 group\/turn-messages focus-visible:outline-hidden\">\n<div class=\"group\/conversation-turn relative flex w-full min-w-0 flex-col agent-turn\">\n<div class=\"relative flex-col gap-1 md:gap-3\">\n<div class=\"flex max-w-full flex-col grow\">\n<div class=\"min-h-8 text-message relative flex w-full flex-col items-end gap-2 text-start break-words whitespace-normal [.text-message+&amp;]:mt-5\" dir=\"auto\" data-message-author-role=\"assistant\" data-message-id=\"ee980563-598e-4d4c-a104-3e52274dbbc2\" data-message-model-slug=\"gpt-4o\">\n<div class=\"flex w-full flex-col gap-1 empty:hidden first:pt-[3px]\">\n<div class=\"markdown prose dark:prose-invert w-full break-words light\">\n<p data-start=\"139\" data-end=\"470\">H\u00fcllen Sie sich in puren Genuss mit der Exquisite Crystal Fox Fur Throw Blanket<strong data-start=\"181\" data-end=\"247\"> -<\/strong> Soft, Elegant &amp; Real, die fachm\u00e4nnisch aus 100% echtem Kristallfuchsfell hergestellt wurde. Diese luxuri\u00f6se Decke ist bekannt f\u00fcr ihre atemberaubenden silbrig-wei\u00dfen Farbt\u00f6ne und ihre \u00fcppige, volumin\u00f6se Textur. Sie bringt Eleganz, W\u00e4rme und zeitlose Sch\u00f6nheit in Ihr Zuhause. <\/p>\n<p data-start=\"472\" data-end=\"830\">Jede Decke wird in sorgf\u00e4ltiger Handarbeit aus hochwertigem Kristallfuchsfell gefertigt, wobei die nat\u00fcrlichen Farbverl\u00e4ufe des Fells - von eisigem Silber bis hin zu zarten Grau- und Cremet\u00f6nen - besonders zur Geltung kommen. Die ultraweiche, vollmundige Textur sorgt nicht nur f\u00fcr optische Opulenz, sondern auch f\u00fcr au\u00dfergew\u00f6hnlichen Komfort, so dass sie sich perfekt \u00fcber ein Sofa, einen Sessel oder ein Bett drapieren l\u00e4sst. <\/p>\n<p data-start=\"832\" data-end=\"1146\">Diese Decke aus echtem Pelz ist ideal f\u00fcr schicke Interieurs, gehobene Wohnr\u00e4ume oder als k\u00fchnes Akzentst\u00fcck. Sie bietet nat\u00fcrliche Isolierung und wertet Ihr Dekor mit unbestreitbarer Raffinesse auf. Ob als kuscheliger Begleiter an kalten Abenden oder als auff\u00e4lliges Accessoire in Ihrem Zuhause - sie ist der Inbegriff von raffiniertem Luxus. <\/p>\n<p data-start=\"1148\" data-end=\"1371\">Bei AskioFashion legen wir gro\u00dfen Wert auf Authentizit\u00e4t und Qualit\u00e4t - wir verwenden nur 100% echten Pelz, niemals Kunstpelz. Die Crystal Fox Fur Throw Blanket ist mehr als nur eine Dekoration f\u00fcr Ihr Zuhause; sie ist ein dauerhafter Ausdruck von Handwerkskunst und Komfort. <\/p>\n<\/div>\n<\/div>\n<\/div>\n<\/div>\n<\/div>\n<\/div>\n<\/div>\n<\/div>\n<p>&nbsp;<\/p>\n<p>&nbsp;<\/p>\n<p>&nbsp;<\/p>\n","protected":false},"excerpt":{"rendered":"<p>H\u00fcllen Sie sich in puren Genuss mit der Exquisite Crystal Fox Fur Throw Blanket - Soft, Elegant &amp; Real, die fachm\u00e4nnisch aus 100% echtem Kristallfuchsfell hergestellt wurde. Diese luxuri\u00f6se Decke ist bekannt f\u00fcr ihre atemberaubenden silbrig-wei\u00dfen Farbt\u00f6ne und ihre \u00fcppige, volumin\u00f6se Textur. Sie bringt Eleganz, W\u00e4rme und zeitlose Sch\u00f6nheit in Ihr Zuhause. Jede Decke wird [&hellip;]<\/p>\n","protected":false},"featured_media":53771,"comment_status":"closed","ping_status":"closed","template":"","meta":{"_acf_changed":false},"product_brand":[],"product_cat":[1183,1182],"product_tag":[],"class_list":{"0":"post-47399","1":"product","2":"type-product","3":"status-publish","4":"has-post-thumbnail","6":"product_cat-decken","7":"product_cat-heim","9":"first","10":"instock","11":"purchasable","12":"product-type-simple"},"acf":{"backoffice_id":"","old_wordpress_id":5992},"_links":{"self":[{"href":"https:\/\/askiofashion.com\/de\/wp-json\/wp\/v2\/product\/47399","targetHints":{"allow":["GET"]}}],"collection":[{"href":"https:\/\/askiofashion.com\/de\/wp-json\/wp\/v2\/product"}],"about":[{"href":"https:\/\/askiofashion.com\/de\/wp-json\/wp\/v2\/types\/product"}],"replies":[{"embeddable":true,"href":"https:\/\/askiofashion.com\/de\/wp-json\/wp\/v2\/comments?post=47399"}],"wp:featuredmedia":[{"embeddable":true,"href":"https:\/\/askiofashion.com\/de\/wp-json\/wp\/v2\/media\/53771"}],"wp:attachment":[{"href":"https:\/\/askiofashion.com\/de\/wp-json\/wp\/v2\/media?parent=47399"}],"wp:term":[{"taxonomy":"product_brand","embeddable":true,"href":"https:\/\/askiofashion.com\/de\/wp-json\/wp\/v2\/product_brand?post=47399"},{"taxonomy":"product_cat","embeddable":true,"href":"https:\/\/askiofashion.com\/de\/wp-json\/wp\/v2\/product_cat?post=47399"},{"taxonomy":"product_tag","embeddable":true,"href":"https:\/\/askiofashion.com\/de\/wp-json\/wp\/v2\/product_tag?post=47399"}],"curies":[{"name":"wp","href":"https:\/\/api.w.org\/{rel}","templated":true}]}}