{"id":47398,"date":"2021-01-16T16:58:20","date_gmt":"2021-01-16T15:58:20","guid":{"rendered":"https:\/\/askiofashion.atsquare.gr\/produkt\/unkategorisiert\/dunkel-blaue-finn-raccoon-pelzdecke-2\/"},"modified":"2025-08-07T16:31:06","modified_gmt":"2025-08-07T15:31:06","slug":"dunkel-blaue-finn-raccoon-pelzdecke-2","status":"publish","type":"product","link":"https:\/\/askiofashion.com\/de\/product\/heim\/decken\/dunkel-blaue-finn-raccoon-pelzdecke-2\/","title":{"rendered":"Premium Deep Blue Finn Raccoon Fur Blanket - Nat\u00fcrliche Weichheit &amp; Flair"},"content":{"rendered":"<div class=\"text-base my-auto mx-auto py-5 [--thread-content-margin:--spacing(4)] @[37rem]:[--thread-content-margin:--spacing(6)] @[72rem]:[--thread-content-margin:--spacing(16)] px-(--thread-content-margin)\">\n<div class=\"[--thread-content-max-width:32rem] @[34rem]:[--thread-content-max-width:40rem] @[64rem]:[--thread-content-max-width:48rem] mx-auto flex max-w-(--thread-content-max-width) flex-1 text-base gap-4 md:gap-5 lg:gap-6 group\/turn-messages focus-visible:outline-hidden\">\n<div class=\"group\/conversation-turn relative flex w-full min-w-0 flex-col agent-turn\">\n<div class=\"relative flex-col gap-1 md:gap-3\">\n<div class=\"flex max-w-full flex-col grow\">\n<div class=\"min-h-8 text-message relative flex w-full flex-col items-end gap-2 text-start break-words whitespace-normal [.text-message+&amp;]:mt-5\" dir=\"auto\" data-message-author-role=\"assistant\" data-message-id=\"8c5e8529-df4e-417e-ae15-caf2f98598d1\" data-message-model-slug=\"gpt-4o\">\n<div class=\"flex w-full flex-col gap-1 empty:hidden first:pt-[3px]\">\n<div class=\"markdown prose dark:prose-invert w-full break-words light\">\n<p data-start=\"146\" data-end=\"413\">Bringen Sie k\u00fchne Raffinesse in Ihr Zuhause mit der Premium Deep Blue Finn Raccoon Fur Blanket<strong data-start=\"192\" data-end=\"265\"> -<\/strong> Natural Softness &amp; Flair. Diese luxuri\u00f6se Decke wurde in fachm\u00e4nnischer Handarbeit aus 100% echtem Finn-Waschb\u00e4rfell gefertigt und bietet eine perfekte Mischung aus dramatischem Stil und kuscheliger W\u00e4rme. <\/p>\n<p data-start=\"415\" data-end=\"814\">Der tiefblaue Farbton bietet eine moderne, auff\u00e4llige \u00c4sthetik und bewahrt gleichzeitig die nat\u00fcrliche, volumin\u00f6se Textur, f\u00fcr die das Finn-Waschb\u00e4rfell bekannt ist. Der dichte Flor f\u00fchlt sich unglaublich weich an und ist ein idealer Akzent f\u00fcr gehobene Wohnr\u00e4ume, Schlafzimmer oder Designer-Lounges. Jeder Pelz wird sorgf\u00e4ltig ausgew\u00e4hlt, um eine nahtlose, einheitliche Oberfl\u00e4che zu gew\u00e4hrleisten, die Qualit\u00e4t und Handwerkskunst ausstrahlt.  <\/p>\n<p data-start=\"816\" data-end=\"1101\">Diese Decke aus echtem Pelz ist nicht nur ein optischer Blickfang, sondern bietet auch eine nat\u00fcrliche Isolierung, die Sie in den k\u00e4lteren Monaten angenehm warm h\u00e4lt, ohne die Atmungsaktivit\u00e4t zu beeintr\u00e4chtigen. Ob \u00fcber ein Bett drapiert oder \u00fcber ein Samtsofa gelegt, sie verwandelt jeden Raum in eine Oase des modernen Luxus. <\/p>\n<p data-start=\"1103\" data-end=\"1377\">Wir bei AskioFashion sind stolz darauf, 100% echten Pelz zu verwenden - niemals Kunstpelz. So k\u00f6nnen Sie sich auf die Eleganz und Haltbarkeit jedes St\u00fccks verlassen. Die Deep Blue Finn Raccoon Fur Blanket ist ein Statement f\u00fcr Komfort und Stil, gefertigt f\u00fcr diejenigen, die wahren Luxus zu sch\u00e4tzen wissen. <\/p>\n<\/div>\n<\/div>\n<\/div>\n<\/div>\n<\/div>\n<\/div>\n<\/div>\n<\/div>\n<p>&nbsp;<\/p>\n","protected":false},"excerpt":{"rendered":"<p>Bringen Sie k\u00fchne Raffinesse in Ihr Zuhause mit der Premium Deep Blue Finn Raccoon Fur Blanket - Natural Softness &amp; Flair. Diese luxuri\u00f6se Decke wurde in fachm\u00e4nnischer Handarbeit aus 100% echtem Finn-Waschb\u00e4rfell gefertigt und bietet eine perfekte Mischung aus dramatischem Stil und kuscheliger W\u00e4rme. Der tiefblaue Farbton bietet eine moderne, auff\u00e4llige \u00c4sthetik und bewahrt gleichzeitig [&hellip;]<\/p>\n","protected":false},"featured_media":53787,"comment_status":"closed","ping_status":"closed","template":"","meta":{"_acf_changed":false},"product_brand":[],"product_cat":[1183,1182],"product_tag":[],"class_list":{"0":"post-47398","1":"product","2":"type-product","3":"status-publish","4":"has-post-thumbnail","6":"product_cat-decken","7":"product_cat-heim","9":"first","10":"instock","11":"purchasable","12":"product-type-simple"},"acf":{"backoffice_id":"","old_wordpress_id":5981},"_links":{"self":[{"href":"https:\/\/askiofashion.com\/de\/wp-json\/wp\/v2\/product\/47398","targetHints":{"allow":["GET"]}}],"collection":[{"href":"https:\/\/askiofashion.com\/de\/wp-json\/wp\/v2\/product"}],"about":[{"href":"https:\/\/askiofashion.com\/de\/wp-json\/wp\/v2\/types\/product"}],"replies":[{"embeddable":true,"href":"https:\/\/askiofashion.com\/de\/wp-json\/wp\/v2\/comments?post=47398"}],"wp:featuredmedia":[{"embeddable":true,"href":"https:\/\/askiofashion.com\/de\/wp-json\/wp\/v2\/media\/53787"}],"wp:attachment":[{"href":"https:\/\/askiofashion.com\/de\/wp-json\/wp\/v2\/media?parent=47398"}],"wp:term":[{"taxonomy":"product_brand","embeddable":true,"href":"https:\/\/askiofashion.com\/de\/wp-json\/wp\/v2\/product_brand?post=47398"},{"taxonomy":"product_cat","embeddable":true,"href":"https:\/\/askiofashion.com\/de\/wp-json\/wp\/v2\/product_cat?post=47398"},{"taxonomy":"product_tag","embeddable":true,"href":"https:\/\/askiofashion.com\/de\/wp-json\/wp\/v2\/product_tag?post=47398"}],"curies":[{"name":"wp","href":"https:\/\/api.w.org\/{rel}","templated":true}]}}