{"id":47397,"date":"2021-01-14T20:11:39","date_gmt":"2021-01-14T19:11:39","guid":{"rendered":"https:\/\/askiofashion.atsquare.gr\/produkt\/unkategorisiert\/tibet-schaf-fellteppich-in-sonderfarben-2\/"},"modified":"2025-08-07T16:28:47","modified_gmt":"2025-08-07T15:28:47","slug":"tibet-schaf-fellteppich-in-sonderfarben-2","status":"publish","type":"product","link":"https:\/\/askiofashion.com\/de\/product\/heim\/teppiche-de\/tibet-schaf-fellteppich-in-sonderfarben-2\/","title":{"rendered":"Lebendiger, mehrfarbiger Tibet Lamm Wurf Teppich - K\u00fchne Textur, echtes Fell"},"content":{"rendered":"<div class=\"text-base my-auto mx-auto py-5 [--thread-content-margin:--spacing(4)] @[37rem]:[--thread-content-margin:--spacing(6)] @[72rem]:[--thread-content-margin:--spacing(16)] px-(--thread-content-margin)\">\n<div class=\"[--thread-content-max-width:32rem] @[34rem]:[--thread-content-max-width:40rem] @[64rem]:[--thread-content-max-width:48rem] mx-auto flex max-w-(--thread-content-max-width) flex-1 text-base gap-4 md:gap-5 lg:gap-6 group\/turn-messages focus-visible:outline-hidden\">\n<div class=\"group\/conversation-turn relative flex w-full min-w-0 flex-col agent-turn\">\n<div class=\"relative flex-col gap-1 md:gap-3\">\n<div class=\"flex max-w-full flex-col grow\">\n<div class=\"min-h-8 text-message relative flex w-full flex-col items-end gap-2 text-start break-words whitespace-normal [.text-message+&amp;]:mt-5\" dir=\"auto\" data-message-author-role=\"assistant\" data-message-id=\"71f0d9c1-ffab-48af-acea-3a83786494ec\" data-message-model-slug=\"gpt-4o\">\n<div class=\"flex w-full flex-col gap-1 empty:hidden first:pt-[3px]\">\n<div class=\"markdown prose dark:prose-invert w-full break-words light\">\n<p data-start=\"143\" data-end=\"428\">Verleihen Sie Ihrem Raum k\u00fcnstlerisches Flair und luxuri\u00f6sen Komfort mit dem Vibrant Multicolored Tibet Lamb Throw Rug<strong data-start=\"212\" data-end=\"282\"> -<\/strong> Bold Texture, Real Fur. Dieses einzigartige St\u00fcck aus 100% echtem tibetischem Lammfell bringt einen verspielten Farbakzent und eine unwiderstehlich weiche Textur in jede Einrichtung. <\/p>\n<p data-start=\"430\" data-end=\"756\">Das tibetische Lamm ist f\u00fcr sein nat\u00fcrlich gelocktes, leichtes und seidiges Fell bekannt und sorgt f\u00fcr ein luftiges und gem\u00fctliches Gef\u00fchl unter den F\u00fc\u00dfen oder \u00fcber den M\u00f6beln drapiert. Dieser atemberaubende Teppich zeichnet sich durch eine lebendige Mischung von Farbt\u00f6nen aus - von sanften Pastellt\u00f6nen bis hin zu leuchtenden Farben -, die sorgf\u00e4ltig gemischt wurden, um ein dynamisches, auff\u00e4lliges Statement in einer modernen oder b\u00f6hmischen Einrichtung abzugeben. <\/p>\n<p data-start=\"758\" data-end=\"1008\">Der mehrfarbige Tibet Lammteppich ist ideal als kleiner Akzentteppich, als Sofadecke oder als dekorative Bettdecke geeignet und sorgt f\u00fcr sofortige W\u00e4rme, Farbe und taktilen Charme. Sein langes, flie\u00dfendes Fell ist nat\u00fcrlich isolierend und macht ihn das ganze Jahr \u00fcber zu einer funktionalen und stilvollen Wahl. <\/p>\n<p data-start=\"1010\" data-end=\"1298\">Wir bei AskioFashion verwenden nur 100% echten Pelz - niemals Kunstpelz - und garantieren so h\u00f6chste Qualit\u00e4t, Authentizit\u00e4t und Handwerkskunst in jedem Produkt. Der Vibrant Multicolored Tibet Lamb Throw Rug ist mehr als nur ein Wohnaccessoire - er ist ein luxuri\u00f6ser Ausdruck von Pers\u00f6nlichkeit, Komfort und hochwertigem Design. <\/p>\n<\/div>\n<\/div>\n<\/div>\n<\/div>\n<\/div>\n<\/div>\n<\/div>\n<\/div>\n","protected":false},"excerpt":{"rendered":"<p>Verleihen Sie Ihrem Raum k\u00fcnstlerisches Flair und luxuri\u00f6sen Komfort mit dem Vibrant Multicolored Tibet Lamb Throw Rug - Bold Texture, Real Fur. Dieses einzigartige St\u00fcck aus 100% echtem tibetischem Lammfell bringt einen verspielten Farbakzent und eine unwiderstehlich weiche Textur in jede Einrichtung. Das tibetische Lamm ist f\u00fcr sein nat\u00fcrlich gelocktes, leichtes und seidiges Fell bekannt [&hellip;]<\/p>\n","protected":false},"featured_media":53801,"comment_status":"closed","ping_status":"closed","template":"","meta":{"_acf_changed":false},"product_brand":[],"product_cat":[1182,1185],"product_tag":[],"class_list":{"0":"post-47397","1":"product","2":"type-product","3":"status-publish","4":"has-post-thumbnail","6":"product_cat-heim","7":"product_cat-teppiche-de","9":"first","10":"instock","11":"purchasable","12":"product-type-simple"},"acf":{"backoffice_id":"","old_wordpress_id":5966},"_links":{"self":[{"href":"https:\/\/askiofashion.com\/de\/wp-json\/wp\/v2\/product\/47397","targetHints":{"allow":["GET"]}}],"collection":[{"href":"https:\/\/askiofashion.com\/de\/wp-json\/wp\/v2\/product"}],"about":[{"href":"https:\/\/askiofashion.com\/de\/wp-json\/wp\/v2\/types\/product"}],"replies":[{"embeddable":true,"href":"https:\/\/askiofashion.com\/de\/wp-json\/wp\/v2\/comments?post=47397"}],"wp:featuredmedia":[{"embeddable":true,"href":"https:\/\/askiofashion.com\/de\/wp-json\/wp\/v2\/media\/53801"}],"wp:attachment":[{"href":"https:\/\/askiofashion.com\/de\/wp-json\/wp\/v2\/media?parent=47397"}],"wp:term":[{"taxonomy":"product_brand","embeddable":true,"href":"https:\/\/askiofashion.com\/de\/wp-json\/wp\/v2\/product_brand?post=47397"},{"taxonomy":"product_cat","embeddable":true,"href":"https:\/\/askiofashion.com\/de\/wp-json\/wp\/v2\/product_cat?post=47397"},{"taxonomy":"product_tag","embeddable":true,"href":"https:\/\/askiofashion.com\/de\/wp-json\/wp\/v2\/product_tag?post=47397"}],"curies":[{"name":"wp","href":"https:\/\/api.w.org\/{rel}","templated":true}]}}