{"id":47389,"date":"2021-01-06T16:36:37","date_gmt":"2021-01-06T15:36:37","guid":{"rendered":"https:\/\/askiofashion.atsquare.gr\/produkt\/unkategorisiert\/lamm-felldecke-auch-als-teppich-zu-verwenden-2\/"},"modified":"2025-08-07T16:28:40","modified_gmt":"2025-08-07T15:28:40","slug":"lamm-felldecke-auch-als-teppich-zu-verwenden-2","status":"publish","type":"product","link":"https:\/\/askiofashion.com\/de\/product\/heim\/decken\/lamm-felldecke-auch-als-teppich-zu-verwenden-2\/","title":{"rendered":"Kuschelige Decke aus echtem Schafsfell - Ultimative Weichheit und W\u00e4rme"},"content":{"rendered":"<div class=\"text-base my-auto mx-auto py-5 [--thread-content-margin:--spacing(4)] @[37rem]:[--thread-content-margin:--spacing(6)] @[72rem]:[--thread-content-margin:--spacing(16)] px-(--thread-content-margin)\">\n<div class=\"[--thread-content-max-width:32rem] @[34rem]:[--thread-content-max-width:40rem] @[64rem]:[--thread-content-max-width:48rem] mx-auto flex max-w-(--thread-content-max-width) flex-1 text-base gap-4 md:gap-5 lg:gap-6 group\/turn-messages focus-visible:outline-hidden\">\n<div class=\"group\/conversation-turn relative flex w-full min-w-0 flex-col agent-turn\">\n<div class=\"relative flex-col gap-1 md:gap-3\">\n<div class=\"flex max-w-full flex-col grow\">\n<div class=\"min-h-8 text-message relative flex w-full flex-col items-end gap-2 text-start break-words whitespace-normal [.text-message+&amp;]:mt-5\" dir=\"auto\" data-message-author-role=\"assistant\" data-message-id=\"1cec35a3-e8fd-429d-a41e-6517c6246e53\" data-message-model-slug=\"gpt-4-1-mini\">\n<div class=\"flex w-full flex-col gap-1 empty:hidden first:pt-[3px]\">\n<div class=\"markdown prose dark:prose-invert w-full break-words light\">\n<p data-start=\"129\" data-end=\"534\">H\u00fcllen Sie sich in den unvergleichlichen Komfort der Cozy Genuine Sheepskin Throw Blanket<strong data-start=\"178\" data-end=\"247\"> -<\/strong> Ultimate Softness &amp; Warmth, die aus 100 % echtem Schafspelz gefertigt ist und ein nat\u00fcrlich pl\u00fcschiges und luxuri\u00f6ses Gef\u00fchl vermittelt. Diese Decke eignet sich perfekt, um jedem Raum einen Hauch von W\u00e4rme und Eleganz zu verleihen. Sie ist au\u00dfergew\u00f6hnlich weich und kuschelig isolierend und damit ein unverzichtbares St\u00fcck f\u00fcr k\u00fchle Abende oder als stilvolles Kleidungsst\u00fcck. <\/p>\n<p data-start=\"536\" data-end=\"828\">Schaffell ist bekannt f\u00fcr seine atmungsaktiven, temperaturregulierenden Eigenschaften, die Sie im Winter warm und in den w\u00e4rmeren Monaten angenehm k\u00fchl halten. Die nat\u00fcrlichen Wollfasern bieten Strapazierf\u00e4higkeit und eine reiche Textur, die jeden Wohnbereich aufwertet, ob \u00fcber einem Sofa, Bett oder Lieblingssessel drapiert. <\/p>\n<p data-start=\"830\" data-end=\"1046\">Diese in sorgf\u00e4ltiger Handarbeit hergestellte Decke aus echtem Schafsfell verbindet zeitlosen Stil mit dauerhafter Qualit\u00e4t. Seine neutralen T\u00f6ne und sein organisches Aussehen erg\u00e4nzen verschiedene Einrichtungsstile - von rustikalem Charme bis hin zu moderner Raffinesse. <\/p>\n<p data-start=\"1048\" data-end=\"1305\">Wir bei AskioFashion sind stolz darauf, dass wir nur 100% echten Pelz verwenden, niemals Kunstpelz, damit jede Decke echten Luxus und Authentizit\u00e4t bietet. Erleben Sie die perfekte Mischung aus Weichheit, W\u00e4rme und Eleganz mit dieser exquisiten Schafsfell-Decke. <\/p>\n<\/div>\n<\/div>\n<\/div>\n<\/div>\n<\/div>\n<\/div>\n<\/div>\n<\/div>\n","protected":false},"excerpt":{"rendered":"<p>H\u00fcllen Sie sich in den unvergleichlichen Komfort der Cozy Genuine Sheepskin Throw Blanket - Ultimate Softness &amp; Warmth, die aus 100 % echtem Schafspelz gefertigt ist und ein nat\u00fcrlich pl\u00fcschiges und luxuri\u00f6ses Gef\u00fchl vermittelt. Diese Decke eignet sich perfekt, um jedem Raum einen Hauch von W\u00e4rme und Eleganz zu verleihen. Sie ist au\u00dfergew\u00f6hnlich weich und [&hellip;]<\/p>\n","protected":false},"featured_media":53855,"comment_status":"closed","ping_status":"closed","template":"","meta":{"_acf_changed":false},"product_brand":[],"product_cat":[1183,1182],"product_tag":[],"class_list":{"0":"post-47389","1":"product","2":"type-product","3":"status-publish","4":"has-post-thumbnail","6":"product_cat-decken","7":"product_cat-heim","9":"first","10":"instock","11":"purchasable","12":"product-type-simple"},"acf":{"backoffice_id":"","old_wordpress_id":5874},"_links":{"self":[{"href":"https:\/\/askiofashion.com\/de\/wp-json\/wp\/v2\/product\/47389","targetHints":{"allow":["GET"]}}],"collection":[{"href":"https:\/\/askiofashion.com\/de\/wp-json\/wp\/v2\/product"}],"about":[{"href":"https:\/\/askiofashion.com\/de\/wp-json\/wp\/v2\/types\/product"}],"replies":[{"embeddable":true,"href":"https:\/\/askiofashion.com\/de\/wp-json\/wp\/v2\/comments?post=47389"}],"wp:featuredmedia":[{"embeddable":true,"href":"https:\/\/askiofashion.com\/de\/wp-json\/wp\/v2\/media\/53855"}],"wp:attachment":[{"href":"https:\/\/askiofashion.com\/de\/wp-json\/wp\/v2\/media?parent=47389"}],"wp:term":[{"taxonomy":"product_brand","embeddable":true,"href":"https:\/\/askiofashion.com\/de\/wp-json\/wp\/v2\/product_brand?post=47389"},{"taxonomy":"product_cat","embeddable":true,"href":"https:\/\/askiofashion.com\/de\/wp-json\/wp\/v2\/product_cat?post=47389"},{"taxonomy":"product_tag","embeddable":true,"href":"https:\/\/askiofashion.com\/de\/wp-json\/wp\/v2\/product_tag?post=47389"}],"curies":[{"name":"wp","href":"https:\/\/api.w.org\/{rel}","templated":true}]}}