{"id":47388,"date":"2021-01-04T19:32:25","date_gmt":"2021-01-04T18:32:25","guid":{"rendered":"https:\/\/askiofashion.atsquare.gr\/produkt\/unkategorisiert\/zobel-pelzdecke-in-zwei-farbig-2\/"},"modified":"2025-08-07T16:28:40","modified_gmt":"2025-08-07T15:28:40","slug":"zobel-pelzdecke-in-zwei-farbig-2","status":"publish","type":"product","link":"https:\/\/askiofashion.com\/de\/product\/heim\/decken\/zobel-pelzdecke-in-zwei-farbig-2\/","title":{"rendered":"Luxuri\u00f6se Zobelpelz-Decke - Ultimative Weichheit und W\u00e4rme"},"content":{"rendered":"<p data-start=\"126\" data-end=\"426\">Genie\u00dfen Sie den exquisiten Komfort der luxuri\u00f6sen Zobelpelz-Decke<strong data-start=\"166\" data-end=\"232\"> -<\/strong> Ultimative Weichheit und W\u00e4rme, die sorgf\u00e4ltig aus 100% echtem Zobelpelz gefertigt wurde. Zobelpelz ist f\u00fcr seine unvergleichliche Seidigkeit und reiche Textur bekannt und verleiht jedem Wohnbereich eine elegante Schicht aus W\u00e4rme und Raffinesse. <\/p>\n<p data-start=\"428\" data-end=\"703\">Diese Decke verbindet zeitlosen Luxus mit au\u00dfergew\u00f6hnlicher Strapazierf\u00e4higkeit und ist damit das perfekte Accessoire f\u00fcr k\u00fchle Abende oder stilvolle Wohnakzente. Die nat\u00fcrliche Weichheit und das geringe Gewicht des Zobelpelzes sorgen f\u00fcr ein kuscheliges Gef\u00fchl, ohne zu beschweren, und bieten das ganze Jahr \u00fcber Komfort. <\/p>\n<p data-start=\"705\" data-end=\"939\">Diese in sorgf\u00e4ltiger Handarbeit gefertigte Decke aus Zobelpelz verleiht Schlafzimmern, Wohnzimmern oder Lounges einen raffinierten Touch. Ihr neutraler Tortorafarbton und der nat\u00fcrliche Glanz erg\u00e4nzen m\u00fchelos verschiedene Einrichtungsstile - von klassisch bis modern. <\/p>\n<p data-start=\"941\" data-end=\"1192\">Wir von AskioFashion garantieren bei jedem Produkt die Echtheit und verwenden nur 100% echten Pelz, niemals Kunstpelz. Verbessern Sie das Ambiente Ihres Zuhauses mit dieser pr\u00e4chtigen Decke aus Zobelpelz, die W\u00e4rme, Sch\u00f6nheit und zeitlose Eleganz in Ihr t\u00e4gliches Leben bringt. <\/p>\n<p>&nbsp;<\/p>\n","protected":false},"excerpt":{"rendered":"<p>Genie\u00dfen Sie den exquisiten Komfort der luxuri\u00f6sen Zobelpelz-Decke - Ultimative Weichheit und W\u00e4rme, die sorgf\u00e4ltig aus 100% echtem Zobelpelz gefertigt wurde. Zobelpelz ist f\u00fcr seine unvergleichliche Seidigkeit und reiche Textur bekannt und verleiht jedem Wohnbereich eine elegante Schicht aus W\u00e4rme und Raffinesse. Diese Decke verbindet zeitlosen Luxus mit au\u00dfergew\u00f6hnlicher Strapazierf\u00e4higkeit und ist damit das perfekte [&hellip;]<\/p>\n","protected":false},"featured_media":53869,"comment_status":"closed","ping_status":"closed","template":"","meta":{"_acf_changed":false},"product_brand":[],"product_cat":[1183,1182],"product_tag":[],"class_list":{"0":"post-47388","1":"product","2":"type-product","3":"status-publish","4":"has-post-thumbnail","6":"product_cat-decken","7":"product_cat-heim","9":"first","10":"instock","11":"purchasable","12":"product-type-simple"},"acf":{"backoffice_id":"","old_wordpress_id":5863},"_links":{"self":[{"href":"https:\/\/askiofashion.com\/de\/wp-json\/wp\/v2\/product\/47388","targetHints":{"allow":["GET"]}}],"collection":[{"href":"https:\/\/askiofashion.com\/de\/wp-json\/wp\/v2\/product"}],"about":[{"href":"https:\/\/askiofashion.com\/de\/wp-json\/wp\/v2\/types\/product"}],"replies":[{"embeddable":true,"href":"https:\/\/askiofashion.com\/de\/wp-json\/wp\/v2\/comments?post=47388"}],"wp:featuredmedia":[{"embeddable":true,"href":"https:\/\/askiofashion.com\/de\/wp-json\/wp\/v2\/media\/53869"}],"wp:attachment":[{"href":"https:\/\/askiofashion.com\/de\/wp-json\/wp\/v2\/media?parent=47388"}],"wp:term":[{"taxonomy":"product_brand","embeddable":true,"href":"https:\/\/askiofashion.com\/de\/wp-json\/wp\/v2\/product_brand?post=47388"},{"taxonomy":"product_cat","embeddable":true,"href":"https:\/\/askiofashion.com\/de\/wp-json\/wp\/v2\/product_cat?post=47388"},{"taxonomy":"product_tag","embeddable":true,"href":"https:\/\/askiofashion.com\/de\/wp-json\/wp\/v2\/product_tag?post=47388"}],"curies":[{"name":"wp","href":"https:\/\/api.w.org\/{rel}","templated":true}]}}