{"id":47374,"date":"2020-12-03T21:33:39","date_gmt":"2020-12-03T20:33:39","guid":{"rendered":"https:\/\/askiofashion.atsquare.gr\/produkt\/unkategorisiert\/luxus-zobel-tafeln-barguzin-top-qualitaet-6\/"},"modified":"2025-08-07T16:31:53","modified_gmt":"2025-08-07T15:31:53","slug":"luxus-zobel-tafeln-barguzin-top-qualitaet-6","status":"publish","type":"product","link":"https:\/\/askiofashion.com\/de\/product\/heim\/plates-de-2\/luxus-zobel-tafeln-barguzin-top-qualitaet-6\/","title":{"rendered":"Authentische russische Zobelpelz-Platten - Barguzin Grade"},"content":{"rendered":"<p data-start=\"115\" data-end=\"428\">Erleben Sie unvergleichliche Eleganz mit unseren Authentic Russian Sable Fur Plates<strong data-start=\"154\" data-end=\"209\"> -<\/strong> Barguzin Grade, hergestellt aus 100% echtem Zobelpelz aus der ber\u00fchmten Region Barguzin in Sibirien. Barguzin-Zobel ist bekannt f\u00fcr seine au\u00dfergew\u00f6hnliche Dichte, seine satte Farbe und seine seidige Textur und gilt als der feinste Zobelpelz der Welt. <\/p>\n<p data-start=\"430\" data-end=\"711\">Diese fachm\u00e4nnisch abgestimmten Platten zeichnen sich durch die luxuri\u00f6sen tiefbraunen Farbt\u00f6ne und den nat\u00fcrlichen Glanz aus, den nur echter Barguzin-Zobel bieten kann. Sie sind weich, leicht und bemerkenswert warm und eignen sich ideal f\u00fcr die Herstellung von luxuri\u00f6sen Kleidungsst\u00fccken, Pelzbes\u00e4tzen, Wohnaccessoires oder Haute Couture-Details. <\/p>\n<p data-start=\"713\" data-end=\"996\">Jede Platte wird sorgf\u00e4ltig pr\u00e4pariert, um die nat\u00fcrliche Sch\u00f6nheit und Unversehrtheit des Fells zu bewahren und eine makellose Verarbeitung f\u00fcr Designer und Kunsthandwerker zu gew\u00e4hrleisten, die nur das Beste verlangen. Diese russischen Zobelpelzplatten werden weder gef\u00e4rbt noch ver\u00e4ndert, um den authentischen Charme und den hohen Wert des Materials zu bewahren. <\/p>\n<p data-start=\"998\" data-end=\"1153\">Ganz gleich, ob Sie ein klassisches St\u00fcck restaurieren oder ein einzigartiges Design entwerfen, unsere Barguzin Zobelpelzteller bieten au\u00dfergew\u00f6hnliche Qualit\u00e4t und zeitlosen Luxus.<\/p>\n","protected":false},"excerpt":{"rendered":"<p>Erleben Sie unvergleichliche Eleganz mit unseren Authentic Russian Sable Fur Plates - Barguzin Grade, hergestellt aus 100% echtem Zobelpelz aus der ber\u00fchmten Region Barguzin in Sibirien. Barguzin-Zobel ist bekannt f\u00fcr seine au\u00dfergew\u00f6hnliche Dichte, seine satte Farbe und seine seidige Textur und gilt als der feinste Zobelpelz der Welt. Diese fachm\u00e4nnisch abgestimmten Platten zeichnen sich durch [&hellip;]<\/p>\n","protected":false},"featured_media":54015,"comment_status":"closed","ping_status":"closed","template":"","meta":{"_acf_changed":false},"product_brand":[],"product_cat":[1225],"product_tag":[],"class_list":{"0":"post-47374","1":"product","2":"type-product","3":"status-publish","4":"has-post-thumbnail","6":"product_cat-plates-de-2","8":"first","9":"instock","10":"purchasable","11":"product-type-simple"},"acf":{"backoffice_id":"","old_wordpress_id":5711},"_links":{"self":[{"href":"https:\/\/askiofashion.com\/de\/wp-json\/wp\/v2\/product\/47374","targetHints":{"allow":["GET"]}}],"collection":[{"href":"https:\/\/askiofashion.com\/de\/wp-json\/wp\/v2\/product"}],"about":[{"href":"https:\/\/askiofashion.com\/de\/wp-json\/wp\/v2\/types\/product"}],"replies":[{"embeddable":true,"href":"https:\/\/askiofashion.com\/de\/wp-json\/wp\/v2\/comments?post=47374"}],"wp:featuredmedia":[{"embeddable":true,"href":"https:\/\/askiofashion.com\/de\/wp-json\/wp\/v2\/media\/54015"}],"wp:attachment":[{"href":"https:\/\/askiofashion.com\/de\/wp-json\/wp\/v2\/media?parent=47374"}],"wp:term":[{"taxonomy":"product_brand","embeddable":true,"href":"https:\/\/askiofashion.com\/de\/wp-json\/wp\/v2\/product_brand?post=47374"},{"taxonomy":"product_cat","embeddable":true,"href":"https:\/\/askiofashion.com\/de\/wp-json\/wp\/v2\/product_cat?post=47374"},{"taxonomy":"product_tag","embeddable":true,"href":"https:\/\/askiofashion.com\/de\/wp-json\/wp\/v2\/product_tag?post=47374"}],"curies":[{"name":"wp","href":"https:\/\/api.w.org\/{rel}","templated":true}]}}