{"id":47373,"date":"2020-12-03T21:21:47","date_gmt":"2020-12-03T20:21:47","guid":{"rendered":"https:\/\/askiofashion.atsquare.gr\/produkt\/unkategorisiert\/luxus-zobel-tafeln-barguzin-top-qualitaet-5\/"},"modified":"2025-08-07T16:31:53","modified_gmt":"2025-08-07T15:31:53","slug":"luxus-zobel-tafeln-barguzin-top-qualitaet-5","status":"publish","type":"product","link":"https:\/\/askiofashion.com\/de\/product\/heim\/plates-de-2\/luxus-zobel-tafeln-barguzin-top-qualitaet-5\/","title":{"rendered":"Erstklassige Barguzin Zobelpelz-Platten - Russische Exzellenz"},"content":{"rendered":"<p data-start=\"120\" data-end=\"429\">G\u00f6nnen Sie sich den unvergleichlichen Luxus von Barguzin Zobelpelztellern der Spitzenklasse, die direkt aus der renommiertesten Zobelregion Russlands bezogen werden. Diese hochwertigen Pelzteller sind aus 100% echtem Barguzin-Zobel gefertigt, der weltweit f\u00fcr seine samtige Weichheit, seinen schimmernden Glanz und seine tiefen, satten Farbt\u00f6ne bekannt ist. <\/p>\n<p data-start=\"431\" data-end=\"749\">Jede Platte zeichnet sich durch fachm\u00e4nnisch ausgerichtete Felle mit einer nat\u00fcrlich eleganten Textur aus, die sich ideal f\u00fcr die Herstellung hochwertiger Kleidungsst\u00fccke, luxuri\u00f6ser Accessoires, Pelzverkleidungen oder ma\u00dfgefertigter Inneneinrichtungen eignen. Die feine Dichte und die nat\u00fcrliche Elastizit\u00e4t von Barguzin-Zobel sorgen nicht nur f\u00fcr ein exquisites Aussehen, sondern auch f\u00fcr eine lange Haltbarkeit. <\/p>\n<p data-start=\"751\" data-end=\"1022\">Diese Platten werden in ihrem nat\u00fcrlichen, ungef\u00e4rbten Zustand angeboten, der die authentische Sch\u00f6nheit und den hohen Wert von echtem russischen Zobel unterstreicht. Ob Sie nun Designer, Schneider oder Sammler sind, diese hochwertigen Zobelplatten sind die perfekte Grundlage f\u00fcr Ihr n\u00e4chstes Meisterwerk. <\/p>\n<p data-start=\"1024\" data-end=\"1197\">Werten Sie Ihre Arbeit mit dem ultimativen Symbol f\u00fcr Raffinesse und Kultiviertheit auf - Barguzin Zobelpelz, der seit Jahrhunderten gefeiert wird und in der Welt der Luxuspelze immer noch un\u00fcbertroffen ist.<\/p>\n<p>&nbsp;<\/p>\n","protected":false},"excerpt":{"rendered":"<p>G\u00f6nnen Sie sich den unvergleichlichen Luxus von Barguzin Zobelpelztellern der Spitzenklasse, die direkt aus der renommiertesten Zobelregion Russlands bezogen werden. Diese hochwertigen Pelzteller sind aus 100% echtem Barguzin-Zobel gefertigt, der weltweit f\u00fcr seine samtige Weichheit, seinen schimmernden Glanz und seine tiefen, satten Farbt\u00f6ne bekannt ist. Jede Platte zeichnet sich durch fachm\u00e4nnisch ausgerichtete Felle mit einer [&hellip;]<\/p>\n","protected":false},"featured_media":54019,"comment_status":"closed","ping_status":"closed","template":"","meta":{"_acf_changed":false},"product_brand":[],"product_cat":[1225],"product_tag":[],"class_list":{"0":"post-47373","1":"product","2":"type-product","3":"status-publish","4":"has-post-thumbnail","6":"product_cat-plates-de-2","8":"first","9":"outofstock","10":"purchasable","11":"product-type-simple"},"acf":{"backoffice_id":"","old_wordpress_id":5709},"_links":{"self":[{"href":"https:\/\/askiofashion.com\/de\/wp-json\/wp\/v2\/product\/47373","targetHints":{"allow":["GET"]}}],"collection":[{"href":"https:\/\/askiofashion.com\/de\/wp-json\/wp\/v2\/product"}],"about":[{"href":"https:\/\/askiofashion.com\/de\/wp-json\/wp\/v2\/types\/product"}],"replies":[{"embeddable":true,"href":"https:\/\/askiofashion.com\/de\/wp-json\/wp\/v2\/comments?post=47373"}],"wp:featuredmedia":[{"embeddable":true,"href":"https:\/\/askiofashion.com\/de\/wp-json\/wp\/v2\/media\/54019"}],"wp:attachment":[{"href":"https:\/\/askiofashion.com\/de\/wp-json\/wp\/v2\/media?parent=47373"}],"wp:term":[{"taxonomy":"product_brand","embeddable":true,"href":"https:\/\/askiofashion.com\/de\/wp-json\/wp\/v2\/product_brand?post=47373"},{"taxonomy":"product_cat","embeddable":true,"href":"https:\/\/askiofashion.com\/de\/wp-json\/wp\/v2\/product_cat?post=47373"},{"taxonomy":"product_tag","embeddable":true,"href":"https:\/\/askiofashion.com\/de\/wp-json\/wp\/v2\/product_tag?post=47373"}],"curies":[{"name":"wp","href":"https:\/\/api.w.org\/{rel}","templated":true}]}}