{"id":47372,"date":"2020-12-03T21:08:10","date_gmt":"2020-12-03T20:08:10","guid":{"rendered":"https:\/\/askiofashion.atsquare.gr\/produkt\/unkategorisiert\/luxus-zobel-tafeln-top-qualitaet-2\/"},"modified":"2025-08-07T16:31:54","modified_gmt":"2025-08-07T15:31:54","slug":"luxus-zobel-tafeln-top-qualitaet-2","status":"publish","type":"product","link":"https:\/\/askiofashion.com\/de\/product\/heim\/plates-de-2\/luxus-zobel-tafeln-top-qualitaet-2\/","title":{"rendered":"Echte Zobelpelzpl\u00e4ttchen - Luxusqualit\u00e4t f\u00fcr Designer"},"content":{"rendered":"<p data-start=\"119\" data-end=\"409\">Werten Sie Ihre Entw\u00fcrfe mit Authentic Sable Fur Plates auf, die aus 100% echtem russischen Zobel der h\u00f6chsten Luxusklasse gefertigt sind. Diese sorgf\u00e4ltig verarbeiteten Zobelst\u00fccke werden von elit\u00e4ren Modeh\u00e4usern und erfahrenen K\u00fcrschnern f\u00fcr ihre seidige Textur, ihren nat\u00fcrlichen Glanz und ihre au\u00dfergew\u00f6hnliche Weichheit gesch\u00e4tzt. <\/p>\n<p data-start=\"411\" data-end=\"754\">Jede Pelzplatte besteht aus fachm\u00e4nnisch aufeinander abgestimmten Fellen und bietet ein einheitliches Aussehen und eine einheitliche Haptik, die sich ideal f\u00fcr ma\u00dfgefertigte Kleidungsst\u00fccke, hochwertige Verzierungen, Accessoires oder Akzente in der Inneneinrichtung eignet. Die nat\u00fcrlichen Braunt\u00f6ne des russischen Zobels strahlen Raffinesse und zeitlose Attraktivit\u00e4t aus und machen diese Platten perfekt f\u00fcr Luxusmode und hochwertige Dekorationsprojekte. <\/p>\n<p data-start=\"756\" data-end=\"1000\">Ob Sie nun einen ma\u00dfgeschneiderten Zobelmantel, einen pelzgef\u00fctterten Umhang oder elegante Pelzkissen entwerfen, diese Zobelst\u00fccke bieten un\u00fcbertroffene Raffinesse und Verarbeitbarkeit. Ihr geringes Gewicht und ihre \u00fcberragende W\u00e4rme machen sie au\u00dferdem ideal f\u00fcr die Verwendung in mehreren Jahreszeiten. <\/p>\n<p data-start=\"1002\" data-end=\"1166\">Erleben Sie die Essenz von wahrem Luxus mit echtem russischen Zobelpelz, der aus ethischen Quellen stammt und in Pr\u00e4zisionsarbeit f\u00fcr Profis hergestellt wird, die nur das Beste verlangen.<\/p>\n","protected":false},"excerpt":{"rendered":"<p>Werten Sie Ihre Entw\u00fcrfe mit Authentic Sable Fur Plates auf, die aus 100% echtem russischen Zobel der h\u00f6chsten Luxusklasse gefertigt sind. Diese sorgf\u00e4ltig verarbeiteten Zobelst\u00fccke werden von elit\u00e4ren Modeh\u00e4usern und erfahrenen K\u00fcrschnern f\u00fcr ihre seidige Textur, ihren nat\u00fcrlichen Glanz und ihre au\u00dfergew\u00f6hnliche Weichheit gesch\u00e4tzt. Jede Pelzplatte besteht aus fachm\u00e4nnisch aufeinander abgestimmten Fellen und bietet ein [&hellip;]<\/p>\n","protected":false},"featured_media":54023,"comment_status":"closed","ping_status":"closed","template":"","meta":{"_acf_changed":false},"product_brand":[],"product_cat":[1225],"product_tag":[],"class_list":{"0":"post-47372","1":"product","2":"type-product","3":"status-publish","4":"has-post-thumbnail","6":"product_cat-plates-de-2","8":"first","9":"outofstock","10":"purchasable","11":"product-type-simple"},"acf":{"backoffice_id":"","old_wordpress_id":5707},"_links":{"self":[{"href":"https:\/\/askiofashion.com\/de\/wp-json\/wp\/v2\/product\/47372","targetHints":{"allow":["GET"]}}],"collection":[{"href":"https:\/\/askiofashion.com\/de\/wp-json\/wp\/v2\/product"}],"about":[{"href":"https:\/\/askiofashion.com\/de\/wp-json\/wp\/v2\/types\/product"}],"replies":[{"embeddable":true,"href":"https:\/\/askiofashion.com\/de\/wp-json\/wp\/v2\/comments?post=47372"}],"wp:featuredmedia":[{"embeddable":true,"href":"https:\/\/askiofashion.com\/de\/wp-json\/wp\/v2\/media\/54023"}],"wp:attachment":[{"href":"https:\/\/askiofashion.com\/de\/wp-json\/wp\/v2\/media?parent=47372"}],"wp:term":[{"taxonomy":"product_brand","embeddable":true,"href":"https:\/\/askiofashion.com\/de\/wp-json\/wp\/v2\/product_brand?post=47372"},{"taxonomy":"product_cat","embeddable":true,"href":"https:\/\/askiofashion.com\/de\/wp-json\/wp\/v2\/product_cat?post=47372"},{"taxonomy":"product_tag","embeddable":true,"href":"https:\/\/askiofashion.com\/de\/wp-json\/wp\/v2\/product_tag?post=47372"}],"curies":[{"name":"wp","href":"https:\/\/api.w.org\/{rel}","templated":true}]}}