{"id":47368,"date":"2020-11-29T15:14:24","date_gmt":"2020-11-29T14:14:24","guid":{"rendered":"https:\/\/askiofashion.atsquare.gr\/produkt\/unkategorisiert\/luxus-zobel-tafeln-barguzin-top-qualitaet-4\/"},"modified":"2025-08-07T16:28:10","modified_gmt":"2025-08-07T15:28:10","slug":"luxus-zobel-tafeln-barguzin-top-qualitaet-4","status":"publish","type":"product","link":"https:\/\/askiofashion.com\/de\/product\/heim\/plates-de-2\/luxus-zobel-tafeln-barguzin-top-qualitaet-4\/","title":{"rendered":"Premium Barguzin Zobelpelz-Platten - Unerreichter Luxus &amp; Qualit\u00e4t"},"content":{"rendered":"<p data-start=\"133\" data-end=\"522\">Erleben Sie den ultimativen Luxus mit unseren Premium Barguzin Zobelpelzplatten, die aus 100% echtem Barguzin Zobel gefertigt sind, der weltweit f\u00fcr seine unvergleichliche Weichheit und seinen exquisiten nat\u00fcrlichen Glanz bekannt ist. Diese hochwertigen Pelzplatten werden sorgf\u00e4ltig ausgew\u00e4hlt, um eine gleichm\u00e4\u00dfige Textur, satte Farben und au\u00dfergew\u00f6hnliche W\u00e4rme zu gew\u00e4hrleisten - perfekt f\u00fcr anspruchsvolle Modedesigns und hochwertige Schneiderei. <\/p>\n<p data-start=\"524\" data-end=\"805\">Die satten, tiefen Farbt\u00f6ne von Barguzin Zobel verleihen jedem Kleidungsst\u00fcck oder Accessoire eine zeitlose Eleganz. Ob Sie nun ma\u00dfgeschneiderte Pelzm\u00e4ntel, Kragen oder Bes\u00e4tze entwerfen, diese Platten bieten Vielseitigkeit und Raffinesse, die Ihre Kreationen auf das h\u00f6chste Niveau der Handwerkskunst heben. <\/p>\n<p data-start=\"807\" data-end=\"1047\">Unsere Platten aus echtem Zobelpelz sind ideal f\u00fcr Modedesigner und Kunsthandwerker, die Wert auf Authentizit\u00e4t und erstklassige Qualit\u00e4t legen. Sie werden sorgf\u00e4ltig vorbereitet, um makellose Ergebnisse zu gew\u00e4hrleisten. Verleihen Sie Ihrem Pelz einen Hauch von Opulenz und Vornehmheit mit einem Pelz, der sich wirklich von anderen abhebt. <\/p>\n<p data-start=\"1049\" data-end=\"1188\">W\u00e4hlen Sie echte Barguzin Zobelpelzplatten f\u00fcr unvergleichlichen Luxus, Langlebigkeit und Sch\u00f6nheit - gefertigt f\u00fcr diejenigen, die das feinste echte Fell zu sch\u00e4tzen wissen.<\/p>\n","protected":false},"excerpt":{"rendered":"<p>Erleben Sie den ultimativen Luxus mit unseren Premium Barguzin Zobelpelzplatten, die aus 100% echtem Barguzin Zobel gefertigt sind, der weltweit f\u00fcr seine unvergleichliche Weichheit und seinen exquisiten nat\u00fcrlichen Glanz bekannt ist. Diese hochwertigen Pelzplatten werden sorgf\u00e4ltig ausgew\u00e4hlt, um eine gleichm\u00e4\u00dfige Textur, satte Farben und au\u00dfergew\u00f6hnliche W\u00e4rme zu gew\u00e4hrleisten - perfekt f\u00fcr anspruchsvolle Modedesigns und hochwertige [&hellip;]<\/p>\n","protected":false},"featured_media":54039,"comment_status":"closed","ping_status":"closed","template":"","meta":{"_acf_changed":false},"product_brand":[],"product_cat":[1225],"product_tag":[],"class_list":{"0":"post-47368","1":"product","2":"type-product","3":"status-publish","4":"has-post-thumbnail","6":"product_cat-plates-de-2","8":"first","9":"instock","10":"purchasable","11":"product-type-simple"},"acf":{"backoffice_id":"","old_wordpress_id":5684},"_links":{"self":[{"href":"https:\/\/askiofashion.com\/de\/wp-json\/wp\/v2\/product\/47368","targetHints":{"allow":["GET"]}}],"collection":[{"href":"https:\/\/askiofashion.com\/de\/wp-json\/wp\/v2\/product"}],"about":[{"href":"https:\/\/askiofashion.com\/de\/wp-json\/wp\/v2\/types\/product"}],"replies":[{"embeddable":true,"href":"https:\/\/askiofashion.com\/de\/wp-json\/wp\/v2\/comments?post=47368"}],"wp:featuredmedia":[{"embeddable":true,"href":"https:\/\/askiofashion.com\/de\/wp-json\/wp\/v2\/media\/54039"}],"wp:attachment":[{"href":"https:\/\/askiofashion.com\/de\/wp-json\/wp\/v2\/media?parent=47368"}],"wp:term":[{"taxonomy":"product_brand","embeddable":true,"href":"https:\/\/askiofashion.com\/de\/wp-json\/wp\/v2\/product_brand?post=47368"},{"taxonomy":"product_cat","embeddable":true,"href":"https:\/\/askiofashion.com\/de\/wp-json\/wp\/v2\/product_cat?post=47368"},{"taxonomy":"product_tag","embeddable":true,"href":"https:\/\/askiofashion.com\/de\/wp-json\/wp\/v2\/product_tag?post=47368"}],"curies":[{"name":"wp","href":"https:\/\/api.w.org\/{rel}","templated":true}]}}