{"id":47364,"date":"2020-11-15T21:01:41","date_gmt":"2020-11-15T20:01:41","guid":{"rendered":"https:\/\/askiofashion.atsquare.gr\/produkt\/unkategorisiert\/zobeldecke-in-tortora-2\/"},"modified":"2025-08-07T16:28:10","modified_gmt":"2025-08-07T15:28:10","slug":"zobeldecke-in-tortora-2","status":"publish","type":"product","link":"https:\/\/askiofashion.com\/de\/product\/heim\/decken\/zobeldecke-in-tortora-2\/","title":{"rendered":"Exquisite Tortora Zobelpelz-Wurfdecke - Authentische Raffinesse"},"content":{"rendered":"<div class=\"text-base my-auto mx-auto py-5 [--thread-content-margin:--spacing(4)] @[37rem]:[--thread-content-margin:--spacing(6)] @[72rem]:[--thread-content-margin:--spacing(16)] px-(--thread-content-margin)\">\n<div class=\"[--thread-content-max-width:32rem] @[34rem]:[--thread-content-max-width:40rem] @[64rem]:[--thread-content-max-width:48rem] mx-auto flex max-w-(--thread-content-max-width) flex-1 text-base gap-4 md:gap-5 lg:gap-6 group\/turn-messages focus-visible:outline-hidden\">\n<div class=\"group\/conversation-turn relative flex w-full min-w-0 flex-col agent-turn\">\n<div class=\"relative flex-col gap-1 md:gap-3\">\n<div class=\"flex max-w-full flex-col grow\">\n<div class=\"min-h-8 text-message relative flex w-full flex-col items-end gap-2 text-start break-words whitespace-normal [.text-message+&amp;]:mt-5\" dir=\"auto\" data-message-author-role=\"assistant\" data-message-id=\"4e44a6be-5a02-494b-8ec8-0ab75c374c57\" data-message-model-slug=\"gpt-4-1-mini\">\n<div class=\"flex w-full flex-col gap-1 empty:hidden first:pt-[3px]\">\n<div class=\"markdown prose dark:prose-invert w-full break-words light\">\n<p data-start=\"122\" data-end=\"411\">Werten Sie Ihr Zuhause mit der Exquisite Tortora Sable Fur Throw Blanket auf, die aus 100% echtem Zobelpelz in einem atemberaubenden Tortora-Farbton gefertigt ist. Diese Decke aus echtem Pelz bietet unvergleichliche Weichheit und W\u00e4rme und ist damit das perfekte Accessoire, um jedem Wohnraum Luxus und Eleganz zu verleihen. <\/p>\n<p data-start=\"413\" data-end=\"733\">Zobelpelz ist f\u00fcr seine seidige Textur und langlebige Qualit\u00e4t bekannt und geh\u00f6rt weltweit zu den begehrtesten Pelzen. Die Tortora-Farbe sorgt f\u00fcr einen subtilen, raffinierten Ton, der sowohl zu modernen als auch zu klassischen Interieurs passt. Ob \u00fcber ein Sofa drapiert oder als kuschelige Decke verwendet, diese Decke bietet au\u00dfergew\u00f6hnlichen Komfort und Stil.  <\/p>\n<p data-start=\"735\" data-end=\"992\">Diese Decke aus Zobelpelz ist perfekt f\u00fcr Pelzliebhaber, die echte, hochwertige Materialien zu sch\u00e4tzen wissen. Sie ist f\u00fcr dauerhafte Sch\u00f6nheit und W\u00e4rme konzipiert. Die nat\u00fcrlichen Pelzfasern bieten eine hervorragende Isolierung, ideal f\u00fcr k\u00fchle Abende oder zur Versch\u00f6nerung Ihres Zimmers. <\/p>\n<p data-start=\"994\" data-end=\"1132\">Investieren Sie in zeitlose Raffinesse mit einer Decke aus echtem Zobelpelz, die exquisite Handwerkskunst, Weichheit und luxuri\u00f6se Anmutung vereint.<\/p>\n<\/div>\n<\/div>\n<\/div>\n<\/div>\n<\/div>\n<\/div>\n<\/div>\n<\/div>\n<p>&nbsp;<\/p>\n","protected":false},"excerpt":{"rendered":"<p>Werten Sie Ihr Zuhause mit der Exquisite Tortora Sable Fur Throw Blanket auf, die aus 100% echtem Zobelpelz in einem atemberaubenden Tortora-Farbton gefertigt ist. Diese Decke aus echtem Pelz bietet unvergleichliche Weichheit und W\u00e4rme und ist damit das perfekte Accessoire, um jedem Wohnraum Luxus und Eleganz zu verleihen. Zobelpelz ist f\u00fcr seine seidige Textur und [&hellip;]<\/p>\n","protected":false},"featured_media":54075,"comment_status":"closed","ping_status":"closed","template":"","meta":{"_acf_changed":false},"product_brand":[],"product_cat":[1183,1182],"product_tag":[],"class_list":{"0":"post-47364","1":"product","2":"type-product","3":"status-publish","4":"has-post-thumbnail","6":"product_cat-decken","7":"product_cat-heim","9":"first","10":"instock","11":"purchasable","12":"product-type-simple"},"acf":{"backoffice_id":"","old_wordpress_id":5637},"_links":{"self":[{"href":"https:\/\/askiofashion.com\/de\/wp-json\/wp\/v2\/product\/47364","targetHints":{"allow":["GET"]}}],"collection":[{"href":"https:\/\/askiofashion.com\/de\/wp-json\/wp\/v2\/product"}],"about":[{"href":"https:\/\/askiofashion.com\/de\/wp-json\/wp\/v2\/types\/product"}],"replies":[{"embeddable":true,"href":"https:\/\/askiofashion.com\/de\/wp-json\/wp\/v2\/comments?post=47364"}],"wp:featuredmedia":[{"embeddable":true,"href":"https:\/\/askiofashion.com\/de\/wp-json\/wp\/v2\/media\/54075"}],"wp:attachment":[{"href":"https:\/\/askiofashion.com\/de\/wp-json\/wp\/v2\/media?parent=47364"}],"wp:term":[{"taxonomy":"product_brand","embeddable":true,"href":"https:\/\/askiofashion.com\/de\/wp-json\/wp\/v2\/product_brand?post=47364"},{"taxonomy":"product_cat","embeddable":true,"href":"https:\/\/askiofashion.com\/de\/wp-json\/wp\/v2\/product_cat?post=47364"},{"taxonomy":"product_tag","embeddable":true,"href":"https:\/\/askiofashion.com\/de\/wp-json\/wp\/v2\/product_tag?post=47364"}],"curies":[{"name":"wp","href":"https:\/\/api.w.org\/{rel}","templated":true}]}}