{"id":47357,"date":"2020-11-05T06:56:40","date_gmt":"2020-11-05T05:56:40","guid":{"rendered":"https:\/\/askiofashion.atsquare.gr\/produkt\/unkategorisiert\/zobel-pelzdecke-tortora-2\/"},"modified":"2025-08-07T16:28:00","modified_gmt":"2025-08-07T15:28:00","slug":"zobel-pelzdecke-tortora-2","status":"publish","type":"product","link":"https:\/\/askiofashion.com\/de\/product\/heim\/decken\/zobel-pelzdecke-tortora-2\/","title":{"rendered":"Zeitlose Tortora Zobelpelz-Decke - Weich und raffiniert"},"content":{"rendered":"<article class=\"text-token-text-primary w-full\" dir=\"auto\" data-testid=\"conversation-turn-557\" data-scroll-anchor=\"false\"><\/article>\n<article class=\"text-token-text-primary w-full\" dir=\"auto\" data-testid=\"conversation-turn-558\" data-scroll-anchor=\"true\">\n<div class=\"text-base my-auto mx-auto py-5 [--thread-content-margin:--spacing(4)] @[37rem]:[--thread-content-margin:--spacing(6)] @[72rem]:[--thread-content-margin:--spacing(16)] px-(--thread-content-margin)\">\n<div class=\"[--thread-content-max-width:32rem] @[34rem]:[--thread-content-max-width:40rem] @[64rem]:[--thread-content-max-width:48rem] mx-auto flex max-w-(--thread-content-max-width) flex-1 text-base gap-4 md:gap-5 lg:gap-6 group\/turn-messages focus-visible:outline-hidden\">\n<div class=\"group\/conversation-turn relative flex w-full min-w-0 flex-col agent-turn\">\n<div class=\"relative flex-col gap-1 md:gap-3\">\n<div class=\"flex max-w-full flex-col grow\">\n<div class=\"min-h-8 text-message relative flex w-full flex-col items-end gap-2 text-start break-words whitespace-normal [.text-message+&amp;]:mt-5\" dir=\"auto\" data-message-author-role=\"assistant\" data-message-id=\"8c69ed9b-9c37-4eaa-aa13-2f2fb543645d\" data-message-model-slug=\"gpt-4-1-mini\">\n<div class=\"flex w-full flex-col gap-1 empty:hidden first:pt-[3px]\">\n<div class=\"markdown prose dark:prose-invert w-full break-words light\">\n<p data-start=\"107\" data-end=\"385\">H\u00fcllen Sie sich in den ultimativen Luxus mit unserer Timeless Tortora Sable Fur Blanket, die aus 100% echtem Zobelpelz gefertigt ist. Diese exquisite Decke hat einen raffinierten Tortora-Farbton - ein wundersch\u00f6nes Taupe-Grau - der sich m\u00fchelos in jeden Einrichtungsstil einf\u00fcgt, von modern bis klassisch. <\/p>\n<p data-start=\"387\" data-end=\"766\">Jede Decke wird in sorgf\u00e4ltiger Handarbeit aus hochwertigem Zobelpelz gefertigt, der f\u00fcr seine Weichheit, W\u00e4rme und seidige Textur bekannt ist. Der nat\u00fcrliche Glanz des Fells verleiht ihm einen Hauch von Eleganz und macht es zum perfekten Accessoire, um Ihren Wohnbereich aufzuwerten. Ob \u00fcber dem Sofa oder auf dem Bett drapiert, diese Zobelpelzdecke bietet au\u00dfergew\u00f6hnlichen Komfort und kuschelige W\u00e4rme in der kalten Jahreszeit.  <\/p>\n<p data-start=\"768\" data-end=\"1021\">Diese Decke ist ideal f\u00fcr anspruchsvolle Kunden, die authentischen, hochwertigen Echtpelz zu sch\u00e4tzen wissen. Sie kombiniert zeitlosen Stil mit dauerhafter Haltbarkeit. Erleben Sie pl\u00fcschigen Komfort und raffinierte Raffinesse mit einer Decke aus echtem Zobelpelz, die sich wirklich abhebt. <\/p>\n<\/div>\n<\/div>\n<\/div>\n<\/div>\n<\/div>\n<\/div>\n<\/div>\n<\/div>\n<\/article>\n<p>&nbsp;<\/p>\n","protected":false},"excerpt":{"rendered":"<p>H\u00fcllen Sie sich in den ultimativen Luxus mit unserer Timeless Tortora Sable Fur Blanket, die aus 100% echtem Zobelpelz gefertigt ist. Diese exquisite Decke hat einen raffinierten Tortora-Farbton - ein wundersch\u00f6nes Taupe-Grau - der sich m\u00fchelos in jeden Einrichtungsstil einf\u00fcgt, von modern bis klassisch. Jede Decke wird in sorgf\u00e4ltiger Handarbeit aus hochwertigem Zobelpelz gefertigt, der [&hellip;]<\/p>\n","protected":false},"featured_media":54173,"comment_status":"closed","ping_status":"closed","template":"","meta":{"_acf_changed":false},"product_brand":[],"product_cat":[1183,1182],"product_tag":[],"class_list":{"0":"post-47357","1":"product","2":"type-product","3":"status-publish","4":"has-post-thumbnail","6":"product_cat-decken","7":"product_cat-heim","9":"first","10":"outofstock","11":"purchasable","12":"product-type-simple"},"acf":{"backoffice_id":"","old_wordpress_id":5553},"_links":{"self":[{"href":"https:\/\/askiofashion.com\/de\/wp-json\/wp\/v2\/product\/47357","targetHints":{"allow":["GET"]}}],"collection":[{"href":"https:\/\/askiofashion.com\/de\/wp-json\/wp\/v2\/product"}],"about":[{"href":"https:\/\/askiofashion.com\/de\/wp-json\/wp\/v2\/types\/product"}],"replies":[{"embeddable":true,"href":"https:\/\/askiofashion.com\/de\/wp-json\/wp\/v2\/comments?post=47357"}],"wp:featuredmedia":[{"embeddable":true,"href":"https:\/\/askiofashion.com\/de\/wp-json\/wp\/v2\/media\/54173"}],"wp:attachment":[{"href":"https:\/\/askiofashion.com\/de\/wp-json\/wp\/v2\/media?parent=47357"}],"wp:term":[{"taxonomy":"product_brand","embeddable":true,"href":"https:\/\/askiofashion.com\/de\/wp-json\/wp\/v2\/product_brand?post=47357"},{"taxonomy":"product_cat","embeddable":true,"href":"https:\/\/askiofashion.com\/de\/wp-json\/wp\/v2\/product_cat?post=47357"},{"taxonomy":"product_tag","embeddable":true,"href":"https:\/\/askiofashion.com\/de\/wp-json\/wp\/v2\/product_tag?post=47357"}],"curies":[{"name":"wp","href":"https:\/\/api.w.org\/{rel}","templated":true}]}}