{"id":47356,"date":"2020-11-04T20:10:06","date_gmt":"2020-11-04T19:10:06","guid":{"rendered":"https:\/\/askiofashion.atsquare.gr\/produkt\/unkategorisiert\/zobel-pelzdecke-edel-im-material-2\/"},"modified":"2025-08-07T16:28:04","modified_gmt":"2025-08-07T15:28:04","slug":"zobel-pelzdecke-edel-im-material-2","status":"publish","type":"product","link":"https:\/\/askiofashion.com\/de\/product\/heim\/decken\/zobel-pelzdecke-edel-im-material-2\/","title":{"rendered":"Deluxe Tortora Zobelpelz-Decke - Zeitloses Wohnaccessoire:"},"content":{"rendered":"<div class=\"text-base my-auto mx-auto py-5 [--thread-content-margin:--spacing(4)] @[37rem]:[--thread-content-margin:--spacing(6)] @[72rem]:[--thread-content-margin:--spacing(16)] px-(--thread-content-margin)\">\n<div class=\"[--thread-content-max-width:32rem] @[34rem]:[--thread-content-max-width:40rem] @[64rem]:[--thread-content-max-width:48rem] mx-auto flex max-w-(--thread-content-max-width) flex-1 text-base gap-4 md:gap-5 lg:gap-6 group\/turn-messages focus-visible:outline-hidden\">\n<div class=\"group\/conversation-turn relative flex w-full min-w-0 flex-col agent-turn\">\n<div class=\"relative flex-col gap-1 md:gap-3\">\n<div class=\"flex max-w-full flex-col grow\">\n<div class=\"min-h-8 text-message relative flex w-full flex-col items-end gap-2 text-start break-words whitespace-normal [.text-message+&amp;]:mt-5\" dir=\"auto\" data-message-author-role=\"assistant\" data-message-id=\"11e32762-18cc-461a-a6a5-c666234a034a\" data-message-model-slug=\"gpt-4-1-mini\">\n<div class=\"flex w-full flex-col gap-1 empty:hidden first:pt-[3px]\">\n<div class=\"markdown prose dark:prose-invert w-full break-words light\">\n<p data-start=\"101\" data-end=\"369\">Versch\u00f6nern Sie Ihren Wohnbereich mit der Deluxe Tortora Sable Fur Blanket, die aus 100% echtem Zobelpelz gefertigt ist. Diese exquisite Decke ist in der eleganten Farbe Tortora gehalten, einer raffinierten Mischung aus Taupe- und Graut\u00f6nen, die jede Inneneinrichtung mit zeitlosem Charme erg\u00e4nzt. <\/p>\n<p data-start=\"371\" data-end=\"614\">Das in sorgf\u00e4ltiger Handarbeit hergestellte Zobelpelz bietet unvergleichliche Weichheit, W\u00e4rme und Haltbarkeit. Seine luxuri\u00f6se Textur und sein nat\u00fcrlicher Glanz sorgen f\u00fcr einen atemberaubenden optischen Reiz und machen ihn zu einem idealen Akzent f\u00fcr Sofas, Betten oder gem\u00fctliche Leseecken. <\/p>\n<p data-start=\"616\" data-end=\"904\">Diese Decke aus Zobelpelz ist perfekt f\u00fcr alle, die Wert auf erstklassige Qualit\u00e4t und echten Pelz legen. Sie bietet au\u00dfergew\u00f6hnlichen Komfort und Stil. Egal, ob Sie die Deluxe Tortora Decke aus Zobelpelz in kalten N\u00e4chten verwenden, um sich zu w\u00e4rmen oder um Ihr Heim zu versch\u00f6nern, die Decke ist ein Statement f\u00fcr raffinierte Eleganz und dauerhaften Luxus. <\/p>\n<\/div>\n<\/div>\n<\/div>\n<\/div>\n<\/div>\n<\/div>\n<\/div>\n<\/div>\n<p>&nbsp;<\/p>\n","protected":false},"excerpt":{"rendered":"<p>Versch\u00f6nern Sie Ihren Wohnbereich mit der Deluxe Tortora Sable Fur Blanket, die aus 100% echtem Zobelpelz gefertigt ist. Diese exquisite Decke ist in der eleganten Farbe Tortora gehalten, einer raffinierten Mischung aus Taupe- und Graut\u00f6nen, die jede Inneneinrichtung mit zeitlosem Charme erg\u00e4nzt. Das in sorgf\u00e4ltiger Handarbeit hergestellte Zobelpelz bietet unvergleichliche Weichheit, W\u00e4rme und Haltbarkeit. Seine [&hellip;]<\/p>\n","protected":false},"featured_media":54187,"comment_status":"closed","ping_status":"closed","template":"","meta":{"_acf_changed":false},"product_brand":[],"product_cat":[1183,1182],"product_tag":[],"class_list":{"0":"post-47356","1":"product","2":"type-product","3":"status-publish","4":"has-post-thumbnail","6":"product_cat-decken","7":"product_cat-heim","9":"first","10":"instock","11":"purchasable","12":"product-type-simple"},"acf":{"backoffice_id":"","old_wordpress_id":5543},"_links":{"self":[{"href":"https:\/\/askiofashion.com\/de\/wp-json\/wp\/v2\/product\/47356","targetHints":{"allow":["GET"]}}],"collection":[{"href":"https:\/\/askiofashion.com\/de\/wp-json\/wp\/v2\/product"}],"about":[{"href":"https:\/\/askiofashion.com\/de\/wp-json\/wp\/v2\/types\/product"}],"replies":[{"embeddable":true,"href":"https:\/\/askiofashion.com\/de\/wp-json\/wp\/v2\/comments?post=47356"}],"wp:featuredmedia":[{"embeddable":true,"href":"https:\/\/askiofashion.com\/de\/wp-json\/wp\/v2\/media\/54187"}],"wp:attachment":[{"href":"https:\/\/askiofashion.com\/de\/wp-json\/wp\/v2\/media?parent=47356"}],"wp:term":[{"taxonomy":"product_brand","embeddable":true,"href":"https:\/\/askiofashion.com\/de\/wp-json\/wp\/v2\/product_brand?post=47356"},{"taxonomy":"product_cat","embeddable":true,"href":"https:\/\/askiofashion.com\/de\/wp-json\/wp\/v2\/product_cat?post=47356"},{"taxonomy":"product_tag","embeddable":true,"href":"https:\/\/askiofashion.com\/de\/wp-json\/wp\/v2\/product_tag?post=47356"}],"curies":[{"name":"wp","href":"https:\/\/api.w.org\/{rel}","templated":true}]}}