{"id":47324,"date":"2020-08-06T20:13:56","date_gmt":"2020-08-06T19:13:56","guid":{"rendered":"https:\/\/askiofashion.atsquare.gr\/produkt\/unkategorisiert\/luxus-zobel-pelzdecke-in-gaensebluemchen-geformt-2\/"},"modified":"2024-12-08T17:32:29","modified_gmt":"2024-12-08T16:32:29","slug":"luxus-zobel-pelzdecke-in-gaensebluemchen-geformt-2","status":"publish","type":"product","link":"https:\/\/askiofashion.com\/de\/product\/heim\/decken\/luxus-zobel-pelzdecke-in-gaensebluemchen-geformt-2\/","title":{"rendered":"Luxus Zobel Pelzdecke in G\u00e4nsebl\u00fcmchen geformt"},"content":{"rendered":"<ul>\n<li>Hergestellt aus echtem Pelz<\/li>\n<li>Hergestellt in Griechenland von Askio Fashion<\/li>\n<\/ul>\n<p>&nbsp;<\/p>\n<ul>\n<li>Material:Russische Zobel mit Samt Nerz Besatz in G\u00e4nsebl\u00fcmchen geformt<\/li>\n<li>Innen Stoff:Kaschmir mit Woll<\/li>\n<\/ul>\n<p>&nbsp;<\/p>\n<ul>\n<li>Massanfertigung<\/li>\n<li><\/li>\n<li>Masse derDecke:Gr\u00f6sse cm 200x200<\/li>\n<li><\/li>\n<li>Handwerk mit modernem Design<\/li>\n<\/ul>\n","protected":false},"excerpt":{"rendered":"<p>Hergestellt aus echtem Pelz Hergestellt in Griechenland von Askio Fashion &nbsp; Material:Russische Zobel mit Samt Nerz Besatz in G\u00e4nsebl\u00fcmchen geformt Innen Stoff:Kaschmir mit Woll &nbsp; Massanfertigung Masse derDecke:Gr\u00f6sse cm 200x200 Handwerk mit modernem Design<\/p>\n","protected":false},"featured_media":54619,"comment_status":"closed","ping_status":"closed","template":"","meta":{"_acf_changed":false},"product_brand":[],"product_cat":[1183,1182],"product_tag":[],"class_list":{"0":"post-47324","1":"product","2":"type-product","3":"status-publish","4":"has-post-thumbnail","6":"product_cat-decken","7":"product_cat-heim","9":"first","10":"instock","11":"purchasable","12":"product-type-simple"},"acf":{"backoffice_id":"","old_wordpress_id":4300},"_links":{"self":[{"href":"https:\/\/askiofashion.com\/de\/wp-json\/wp\/v2\/product\/47324","targetHints":{"allow":["GET"]}}],"collection":[{"href":"https:\/\/askiofashion.com\/de\/wp-json\/wp\/v2\/product"}],"about":[{"href":"https:\/\/askiofashion.com\/de\/wp-json\/wp\/v2\/types\/product"}],"replies":[{"embeddable":true,"href":"https:\/\/askiofashion.com\/de\/wp-json\/wp\/v2\/comments?post=47324"}],"wp:featuredmedia":[{"embeddable":true,"href":"https:\/\/askiofashion.com\/de\/wp-json\/wp\/v2\/media\/54619"}],"wp:attachment":[{"href":"https:\/\/askiofashion.com\/de\/wp-json\/wp\/v2\/media?parent=47324"}],"wp:term":[{"taxonomy":"product_brand","embeddable":true,"href":"https:\/\/askiofashion.com\/de\/wp-json\/wp\/v2\/product_brand?post=47324"},{"taxonomy":"product_cat","embeddable":true,"href":"https:\/\/askiofashion.com\/de\/wp-json\/wp\/v2\/product_cat?post=47324"},{"taxonomy":"product_tag","embeddable":true,"href":"https:\/\/askiofashion.com\/de\/wp-json\/wp\/v2\/product_tag?post=47324"}],"curies":[{"name":"wp","href":"https:\/\/api.w.org\/{rel}","templated":true}]}}