{"id":44533,"date":"2024-08-26T17:33:19","date_gmt":"2024-08-26T16:33:19","guid":{"rendered":"https:\/\/askiofashion.atsquare.gr\/produkt\/unkategorisiert\/cream-samt-nerzweste\/"},"modified":"2025-08-07T15:23:46","modified_gmt":"2025-08-07T14:23:46","slug":"cream-samt-nerzweste","status":"publish","type":"product","link":"https:\/\/askiofashion.com\/de\/product\/frauen\/frauenwesten\/cream-samt-nerzweste\/","title":{"rendered":"Elegante Weste mit Kapuze aus geschorenem Nerzpelz"},"content":{"rendered":"<p>Halten Sie sich stilvoll warm mit dieser eleganten Weste aus geschorenem Nerzpelz mit Kapuze. Mit ihrer weichen, luxuri\u00f6sen Textur und dem modernen, \u00e4rmellosen Design verleiht dieses vielseitige St\u00fcck jedem Outfit Raffinesse. Diese Weste eignet sich perfekt zum \u00dcberziehen \u00fcber legere oder formelle Kleidung und ist ein Must-Have f\u00fcr modebewusste Menschen, die Komfort und Eleganz suchen.  <\/p>\n<p>F\u00fcr die Gr\u00f6\u00dfen XXXL und XXL ist der Preis des Mantels 10% und 20% h\u00f6her<\/p>\n<p>&nbsp;<\/p>\n<p>&nbsp;<\/p>\n","protected":false},"excerpt":{"rendered":"<p>Halten Sie sich stilvoll warm mit dieser eleganten Weste aus geschorenem Nerzpelz mit Kapuze. Mit ihrer weichen, luxuri\u00f6sen Textur und dem modernen, \u00e4rmellosen Design verleiht dieses vielseitige St\u00fcck jedem Outfit Raffinesse. Diese Weste eignet sich perfekt zum \u00dcberziehen \u00fcber legere oder formelle Kleidung und ist ein Must-Have f\u00fcr modebewusste Menschen, die Komfort und Eleganz suchen. [&hellip;]<\/p>\n","protected":false},"featured_media":49865,"comment_status":"closed","ping_status":"closed","template":"","meta":{"_acf_changed":false},"product_brand":[],"product_cat":[1197,1226],"product_tag":[],"class_list":{"0":"post-44533","1":"product","2":"type-product","3":"status-publish","4":"has-post-thumbnail","6":"product_cat-frauen","7":"product_cat-frauenwesten","9":"first","10":"instock","11":"taxable","12":"shipping-taxable","13":"purchasable","14":"product-type-variable","15":"wvs-archive-product-wrapper"},"acf":{"backoffice_id":"","old_wordpress_id":17309},"_links":{"self":[{"href":"https:\/\/askiofashion.com\/de\/wp-json\/wp\/v2\/product\/44533","targetHints":{"allow":["GET"]}}],"collection":[{"href":"https:\/\/askiofashion.com\/de\/wp-json\/wp\/v2\/product"}],"about":[{"href":"https:\/\/askiofashion.com\/de\/wp-json\/wp\/v2\/types\/product"}],"replies":[{"embeddable":true,"href":"https:\/\/askiofashion.com\/de\/wp-json\/wp\/v2\/comments?post=44533"}],"wp:featuredmedia":[{"embeddable":true,"href":"https:\/\/askiofashion.com\/de\/wp-json\/wp\/v2\/media\/49865"}],"wp:attachment":[{"href":"https:\/\/askiofashion.com\/de\/wp-json\/wp\/v2\/media?parent=44533"}],"wp:term":[{"taxonomy":"product_brand","embeddable":true,"href":"https:\/\/askiofashion.com\/de\/wp-json\/wp\/v2\/product_brand?post=44533"},{"taxonomy":"product_cat","embeddable":true,"href":"https:\/\/askiofashion.com\/de\/wp-json\/wp\/v2\/product_cat?post=44533"},{"taxonomy":"product_tag","embeddable":true,"href":"https:\/\/askiofashion.com\/de\/wp-json\/wp\/v2\/product_tag?post=44533"}],"curies":[{"name":"wp","href":"https:\/\/api.w.org\/{rel}","templated":true}]}}