{"id":44503,"date":"2024-08-14T13:56:45","date_gmt":"2024-08-14T12:56:45","guid":{"rendered":"https:\/\/askiofashion.atsquare.gr\/produkt\/unkategorisiert\/hell-khaki-parka-mit-lammfell-innenfutter\/"},"modified":"2024-12-08T17:09:55","modified_gmt":"2024-12-08T16:09:55","slug":"hell-khaki-parka-mit-lammfell-innenfutter","status":"publish","type":"product","link":"https:\/\/askiofashion.com\/de\/product\/frauen\/damenjacken\/hell-khaki-parka-mit-lammfell-innenfutter\/","title":{"rendered":"Hell Khaki Parka mit Lammfell Innenfutter"},"content":{"rendered":"<ul>\n<li>Hergestellt aus echtem Luxus Winterstoff<\/li>\n<li>Hergestellt in Griechenland von Askio Fashion<\/li>\n<li><\/li>\n<li><\/li>\n<li>Innen Stoff: Lammfell Merino<\/li>\n<li>Massanfertigung<\/li>\n<li><\/li>\n<li><\/li>\n<li>Masse des Models: K\u00f6rpergr\u00f6sse 1,80cm - Brust 85\u00a0 cm - Taille 65cm - H\u00fcfte 95cm<\/li>\n<li>Masse der Parka: Gr\u00f6sse 36- L\u00e4nge 90cm- Brust 86cm<\/li>\n<li><\/li>\n<li><\/li>\n<li>Innenfutter mit kn\u00f6pfen in Parka verarbeitet<\/li>\n<li>Pelz :Lammfell Innenfutter ist abnehmbar<\/li>\n<li><\/li>\n<li><\/li>\n<li>F\u00fcr XXL und XXXL Gr\u00f6ssen erh\u00f6ht sich der Preis um 10% bzw. 20%<\/li>\n<li><\/li>\n<li>Z.B. zum waschen der Jacke herausnehmbar<\/li>\n<li><\/li>\n<li>2-in-1-Stil: Fell und Futter komplett abnehmbar \/das Fell ist an einem Futter befestigt\/verwandelt den Parka in einen sch\u00f6nen leichten Mantel, der perfekt f\u00fcr Fr\u00fchling oder Herbst<\/li>\n<\/ul>\n","protected":false},"excerpt":{"rendered":"<p>Hergestellt aus echtem Luxus Winterstoff Hergestellt in Griechenland von Askio Fashion Innen Stoff: Lammfell Merino Massanfertigung Masse des Models: K\u00f6rpergr\u00f6sse 1,80cm - Brust 85\u00a0 cm - Taille 65cm - H\u00fcfte 95cm Masse der Parka: Gr\u00f6sse 36- L\u00e4nge 90cm- Brust 86cm Innenfutter mit kn\u00f6pfen in Parka verarbeitet Pelz :Lammfell Innenfutter ist abnehmbar F\u00fcr XXL und XXXL [&hellip;]<\/p>\n","protected":false},"featured_media":49957,"comment_status":"closed","ping_status":"closed","template":"","meta":{"_acf_changed":false},"product_brand":[],"product_cat":[1209,1197],"product_tag":[],"class_list":{"0":"post-44503","1":"product","2":"type-product","3":"status-publish","4":"has-post-thumbnail","6":"product_cat-damenjacken","7":"product_cat-frauen","9":"first","10":"instock","11":"taxable","12":"shipping-taxable","13":"purchasable","14":"product-type-variable","15":"wvs-archive-product-wrapper"},"acf":{"backoffice_id":"","old_wordpress_id":17155},"_links":{"self":[{"href":"https:\/\/askiofashion.com\/de\/wp-json\/wp\/v2\/product\/44503","targetHints":{"allow":["GET"]}}],"collection":[{"href":"https:\/\/askiofashion.com\/de\/wp-json\/wp\/v2\/product"}],"about":[{"href":"https:\/\/askiofashion.com\/de\/wp-json\/wp\/v2\/types\/product"}],"replies":[{"embeddable":true,"href":"https:\/\/askiofashion.com\/de\/wp-json\/wp\/v2\/comments?post=44503"}],"wp:featuredmedia":[{"embeddable":true,"href":"https:\/\/askiofashion.com\/de\/wp-json\/wp\/v2\/media\/49957"}],"wp:attachment":[{"href":"https:\/\/askiofashion.com\/de\/wp-json\/wp\/v2\/media?parent=44503"}],"wp:term":[{"taxonomy":"product_brand","embeddable":true,"href":"https:\/\/askiofashion.com\/de\/wp-json\/wp\/v2\/product_brand?post=44503"},{"taxonomy":"product_cat","embeddable":true,"href":"https:\/\/askiofashion.com\/de\/wp-json\/wp\/v2\/product_cat?post=44503"},{"taxonomy":"product_tag","embeddable":true,"href":"https:\/\/askiofashion.com\/de\/wp-json\/wp\/v2\/product_tag?post=44503"}],"curies":[{"name":"wp","href":"https:\/\/api.w.org\/{rel}","templated":true}]}}