{"id":44491,"date":"2024-08-13T14:49:18","date_gmt":"2024-08-13T13:49:18","guid":{"rendered":"https:\/\/askiofashion.atsquare.gr\/produkt\/unkategorisiert\/isolierter-damen-parka\/"},"modified":"2024-12-08T17:09:55","modified_gmt":"2024-12-08T16:09:55","slug":"isolierter-damen-parka","status":"publish","type":"product","link":"https:\/\/askiofashion.com\/de\/product\/frauen\/damenjacken\/isolierter-damen-parka\/","title":{"rendered":"Isolierter Damen Parka"},"content":{"rendered":"<ul>\n<li>Hergestellt in Griechenland von Askio Fashion<\/li>\n<\/ul>\n<p>&nbsp;<\/p>\n<ul>\n<li>Innen Futter: Zobel<\/li>\n<li>Massanfertigung<\/li>\n<\/ul>\n<p>&nbsp;<\/p>\n<ul>\n<li>Masse des Models: K\u00f6rpergr\u00f6sse 1,80cm - Brust 85 cm - Taille 65cm - H\u00fcfte 95cm<\/li>\n<li>Masse der Parka: Gr\u00f6sse 36- L\u00e4nge 90cm- Brust 86cm<\/li>\n<\/ul>\n<p>&nbsp;<\/p>\n<ul>\n<li>Innenfutter mit kn\u00f6pfen in Parka verarbeitet<\/li>\n<li>Z.B. zum waschen der Jacke herausnehmbar.<\/li>\n<\/ul>\n<p>&nbsp;<\/p>\n<ul>\n<li>Pelz: Zobel\u00a0 Innenfutter ist abnehmbar<\/li>\n<li>F\u00fcr XXL und XXXL Gr\u00f6ssen erh\u00f6ht sich der Preis um 10% bzw. 20%<\/li>\n<\/ul>\n<p>&nbsp;<\/p>\n<ul>\n<li>2-in-1-Stil: Fell und Futter komplett abnehmbar \/das Fell ist an einem Futter befestigt\/verwandelt den Parka in einen sch\u00f6nen leichten Mantel, der perfekt f\u00fcr Fr\u00fchling oder Herbst<\/li>\n<\/ul>\n","protected":false},"excerpt":{"rendered":"<p>Hergestellt in Griechenland von Askio Fashion &nbsp; Innen Futter: Zobel Massanfertigung &nbsp; Masse des Models: K\u00f6rpergr\u00f6sse 1,80cm - Brust 85 cm - Taille 65cm - H\u00fcfte 95cm Masse der Parka: Gr\u00f6sse 36- L\u00e4nge 90cm- Brust 86cm &nbsp; Innenfutter mit kn\u00f6pfen in Parka verarbeitet Z.B. zum waschen der Jacke herausnehmbar. &nbsp; Pelz: Zobel\u00a0 Innenfutter ist abnehmbar [&hellip;]<\/p>\n","protected":false},"featured_media":49971,"comment_status":"closed","ping_status":"closed","template":"","meta":{"_acf_changed":false},"product_brand":[],"product_cat":[1209,1197],"product_tag":[],"class_list":{"0":"post-44491","1":"product","2":"type-product","3":"status-publish","4":"has-post-thumbnail","6":"product_cat-damenjacken","7":"product_cat-frauen","9":"first","10":"instock","11":"taxable","12":"shipping-taxable","13":"purchasable","14":"product-type-variable","15":"wvs-archive-product-wrapper"},"acf":{"backoffice_id":"","old_wordpress_id":17101},"_links":{"self":[{"href":"https:\/\/askiofashion.com\/de\/wp-json\/wp\/v2\/product\/44491","targetHints":{"allow":["GET"]}}],"collection":[{"href":"https:\/\/askiofashion.com\/de\/wp-json\/wp\/v2\/product"}],"about":[{"href":"https:\/\/askiofashion.com\/de\/wp-json\/wp\/v2\/types\/product"}],"replies":[{"embeddable":true,"href":"https:\/\/askiofashion.com\/de\/wp-json\/wp\/v2\/comments?post=44491"}],"wp:featuredmedia":[{"embeddable":true,"href":"https:\/\/askiofashion.com\/de\/wp-json\/wp\/v2\/media\/49971"}],"wp:attachment":[{"href":"https:\/\/askiofashion.com\/de\/wp-json\/wp\/v2\/media?parent=44491"}],"wp:term":[{"taxonomy":"product_brand","embeddable":true,"href":"https:\/\/askiofashion.com\/de\/wp-json\/wp\/v2\/product_brand?post=44491"},{"taxonomy":"product_cat","embeddable":true,"href":"https:\/\/askiofashion.com\/de\/wp-json\/wp\/v2\/product_cat?post=44491"},{"taxonomy":"product_tag","embeddable":true,"href":"https:\/\/askiofashion.com\/de\/wp-json\/wp\/v2\/product_tag?post=44491"}],"curies":[{"name":"wp","href":"https:\/\/api.w.org\/{rel}","templated":true}]}}